{"id":141304,"date":"2025-03-28T16:04:50","date_gmt":"2025-03-28T14:04:50","guid":{"rendered":"https:\/\/bemore.ee\/?post_type=product&#038;p=141304"},"modified":"2025-09-13T08:02:18","modified_gmt":"2025-09-13T05:02:18","slug":"zirniu-baltymu-milteliai","status":"publish","type":"product","link":"https:\/\/bemore.ee\/lt\/toode\/zirniu-baltymu-milteliai\/","title":{"rendered":"\u017dirni\u0173 baltym\u0173 milteliai"},"content":{"rendered":"<p data-start=\"0\" data-end=\"297\"><strong data-start=\"0\" data-end=\"131\">\u017dirni\u0173 baltym\u0173 milteliai \u2013 puikus pasirinkimas tiems, kurie nori praturtinti savo mityb\u0105 auk\u0161tos kokyb\u0117s augaliniais baltymais.<\/strong><br data-start=\"131\" data-end=\"134\" \/>Jie lengvai vir\u0161kinami, nat\u016bral\u016bs ir puikiai tinka sportininkams, aktyviai gyvenantiems \u017emon\u0117ms bei visiems, ie\u0161kantiems alternatyvos gyv\u016bnin\u0117s kilm\u0117s baltymams.<\/p>\n<p data-start=\"299\" data-end=\"795\">\u017dirni\u0173 baltymai yra augaliniai milteliai, gaunami i\u0161 gelton\u0173j\u0173 \u017eirni\u0173, pasi\u017eymin\u010di\u0173 dideliu baltym\u0173 kiekiu. Juose yra nepakei\u010diam\u0173j\u0173 aminor\u016bg\u0161\u010di\u0173, \u012fskaitant BCAA, kurios palaiko raumen\u0173 augim\u0105 ir atsigavim\u0105. \u017dirni\u0173 baltymai lengvai vir\u0161kinami ir yra nat\u016brali alternatyva pieno pagrindu pagamintiems baltym\u0173 papildams. D\u0117l to, kad neturi alergen\u0173, jie tinka veganams bei \u017emon\u0117ms, vengiantiesiems glitimo ar laktoz\u0117s. Da\u017eniausiai naudojami kokteiliuose, baltym\u0173 g\u0117rimuose ir sveikuose receptuose.<\/p>\n<p data-start=\"797\" data-end=\"825\"><strong data-start=\"797\" data-end=\"823\">\u017dirni\u0173 baltymai tinka:<\/strong><\/p>\n<ul data-start=\"826\" data-end=\"946\">\n<li data-start=\"826\" data-end=\"881\">\n<p data-start=\"828\" data-end=\"881\">fizi\u0161kai aktyviems \u017emon\u0117ms po treniruot\u0117s atsigauti<\/p>\n<\/li>\n<li data-start=\"882\" data-end=\"921\">\n<p data-start=\"884\" data-end=\"921\">n\u0117\u0161\u010diosioms ir \u017eindan\u010dioms motinoms<\/p>\n<\/li>\n<li data-start=\"922\" data-end=\"933\">\n<p data-start=\"924\" data-end=\"933\">vaikams<\/p>\n<\/li>\n<li data-start=\"934\" data-end=\"946\">\n<p data-start=\"936\" data-end=\"946\">veganams<\/p>\n<\/li>\n<\/ul>\n<p data-start=\"948\" data-end=\"1021\"><strong data-start=\"948\" data-end=\"982\">I\u0161 ko sudarytas \u0161is produktas?<\/strong><br data-start=\"982\" data-end=\"985\" \/>Sud\u0117tis: \u017eirni\u0173 baltym\u0173 milteliai.<\/p>\n<p data-start=\"1023\" data-end=\"1297\"><strong data-start=\"1023\" data-end=\"1040\">Kaip vartoti?<\/strong><br data-start=\"1040\" data-end=\"1043\" \/>\u017dirni\u0173 baltymai idealiai tinka kokteiliams, te\u0161loms, ko\u0161\u0117ms ir augaliniams baltym\u0173 g\u0117rimams. Tiesiog sumai\u0161ykite juos su vandeniu, augaliniu pienu ar sultimis \u2013 gausite greit\u0105 ir maisting\u0105 g\u0117rim\u0105, palaikant\u012f j\u016bs\u0173 organizm\u0105 prie\u0161 treniruot\u0119 arba po jos.<\/p>\n<p data-start=\"1299\" data-end=\"1400\"><strong data-start=\"1299\" data-end=\"1318\">Laikymo s\u0105lygos<\/strong><br data-start=\"1318\" data-end=\"1321\" \/>Laikyti sausoje ir v\u0117sioje vietoje, atokiau nuo tiesiogini\u0173 saul\u0117s spinduli\u0173.<\/p>\n<p data-start=\"1402\" data-end=\"1681\" data-is-last-node=\"\" data-is-only-node=\"\"><strong data-start=\"1402\" data-end=\"1437\">Koks yra \u017eirni\u0173 baltym\u0173 skonis?<\/strong><br data-start=\"1437\" data-end=\"1440\" \/>\u017dirni\u0173 baltymai turi \u0161veln\u0173, neutral\u0173, \u0161iek tiek milting\u0105 skon\u012f su subtiliu rie\u0161ut\u0173 ar lengvu \u017eirni\u0173 poskoniu. Jis n\u0117ra intensyvus, tod\u0117l puikiai tinka kokteiliams, augaliniam pienui ar kepiniams, kur lengvai perima kit\u0173 ingredient\u0173 skon\u012f.<\/p>\n","protected":false},"excerpt":{"rendered":"<p data-start=\"0\" data-end=\"62\">Nat\u016bralus ir lengvai vir\u0161kinamas augalinis baltym\u0173 \u0161altinis.<\/p>\n<ul>\n<li data-start=\"66\" data-end=\"83\">100 % nat\u016bralus<\/li>\n<li data-start=\"86\" data-end=\"105\">Veganams tinkamas<\/li>\n<li data-start=\"108\" data-end=\"136\">Augalini\u0173 baltym\u0173 \u0161altinis<\/li>\n<li data-start=\"139\" data-end=\"169\">Padeda sukelti sotumo jausm\u0105<\/li>\n<li data-start=\"172\" data-end=\"193\">Lengvai vir\u0161kinamas<\/li>\n<li data-start=\"196\" data-end=\"228\">Tinka atsigauti po treniruot\u0117s<\/li>\n<\/ul>\n","protected":false},"featured_media":141213,"comment_status":"open","ping_status":"closed","template":"","meta":{"_acf_changed":false},"product_brand":[],"product_cat":[606],"product_tag":[],"class_list":{"0":"post-141304","1":"product","2":"type-product","3":"status-publish","4":"has-post-thumbnail","6":"product_cat-supermaistas","8":"first","9":"instock","10":"taxable","11":"shipping-taxable","12":"purchasable","13":"product-type-simple"},"bundle_layout":"","bundled_by":[],"bundled_items":[],"acf":[],"_links":{"self":[{"href":"https:\/\/bemore.ee\/lt\/wp-json\/wp\/v2\/product\/141304","targetHints":{"allow":["GET"]}}],"collection":[{"href":"https:\/\/bemore.ee\/lt\/wp-json\/wp\/v2\/product"}],"about":[{"href":"https:\/\/bemore.ee\/lt\/wp-json\/wp\/v2\/types\/product"}],"replies":[{"embeddable":true,"href":"https:\/\/bemore.ee\/lt\/wp-json\/wp\/v2\/comments?post=141304"}],"wp:featuredmedia":[{"embeddable":true,"href":"https:\/\/bemore.ee\/lt\/wp-json\/wp\/v2\/media\/141213"}],"wp:attachment":[{"href":"https:\/\/bemore.ee\/lt\/wp-json\/wp\/v2\/media?parent=141304"}],"wp:term":[{"taxonomy":"product_brand","embeddable":true,"href":"https:\/\/bemore.ee\/lt\/wp-json\/wp\/v2\/product_brand?post=141304"},{"taxonomy":"product_cat","embeddable":true,"href":"https:\/\/bemore.ee\/lt\/wp-json\/wp\/v2\/product_cat?post=141304"},{"taxonomy":"product_tag","embeddable":true,"href":"https:\/\/bemore.ee\/lt\/wp-json\/wp\/v2\/product_tag?post=141304"}],"curies":[{"name":"wp","href":"https:\/\/api.w.org\/{rel}","templated":true}]}}