{"id":141299,"date":"2024-07-15T08:00:35","date_gmt":"2024-07-15T05:00:35","guid":{"rendered":"https:\/\/bemore.ee\/?post_type=product&#038;p=141299"},"modified":"2025-09-13T07:57:13","modified_gmt":"2025-09-13T04:57:13","slug":"detox-zoleliu-arbata-65-g","status":"publish","type":"product","link":"https:\/\/bemore.ee\/lt\/toode\/detox-zoleliu-arbata-65-g\/","title":{"rendered":"Detox \u017eoleli\u0173 arbata 65 g"},"content":{"rendered":"<p data-start=\"64\" data-end=\"779\"><strong data-start=\"64\" data-end=\"182\">Detox \u2013 tai 100 % nat\u016brali rank\u0173 darbo arbata, sukurta palaikyti j\u016bs\u0173 med\u017eiag\u0173 apykait\u0105 pa\u010diu geriausiu i\u0161 gamtos!<\/strong><br data-start=\"182\" data-end=\"185\" \/>Detox \u2013 tai citrininio skonio birioji arbata, pagaminta i\u0161 a\u0161tuoni\u0173 skirting\u0173 supermaisto ingredient\u0173. Citrin\u017eol\u0117 pasi\u017eymi stipriu charakteriu ir maloniu citrininiu skoniu bei aromatu. Naudingos citrin\u017eol\u0117s savyb\u0117s pla\u010diai \u017einomos \u2013 manoma, kad ji gerina organizmo med\u017eiag\u0173 apykaitos proces\u0173 veiksmingum\u0105. Yerba Mate gaminama i\u0161 d\u017eiovinto Piet\u0173 Amerikos augalo Ilex paraguariensis lap\u0173 ir visame pasaulyje spar\u010diai populiar\u0117ja d\u0117l teigiamo poveikio savijautai. Skoniu ji primena \u017eali\u0105j\u0105 arbat\u0105, o apie j\u0105 sakoma, kad Yerba Mate turi kavos stiprum\u0105, arbatos naud\u0105 ir \u0161okolado valgymo malonum\u0105.<\/p>\n<p data-start=\"781\" data-end=\"993\"><strong data-start=\"781\" data-end=\"815\">I\u0161 ko sudarytas \u0161is produktas?<\/strong><br data-start=\"815\" data-end=\"818\" \/>Sud\u0117tis: citrin\u017eol\u0117, liofilizuoti obuoliai, yerba mate (Ilex paraguariensis), raudonieji dobilai, pankoli\u0173 s\u0117klos, cikorij\u0173 \u0161aknys, \u017ealioji rooibos arbata, pipirm\u0117\u010di\u0173 lapai.<\/p>\n<p data-start=\"995\" data-end=\"1139\"><strong data-start=\"995\" data-end=\"1012\">Kaip vartoti?<\/strong><br data-start=\"1012\" data-end=\"1015\" \/>Kar\u0161tai arbatai: \u012f puodel\u012f \u012fd\u0117kite 2 arbatinius \u0161auk\u0161telius, u\u017epilkite 200 ml ~80\u201385 \u02daC vandens ir palaikykite ~5 minutes.<\/p>\n<p data-start=\"1141\" data-end=\"1289\">\u0160altai arbatai: \u012f puodel\u012f \u012fd\u0117kite 3 arbatinius \u0161auk\u0161telius, u\u017epilkite 250 ml ~80\u201385 \u02daC vandens ir palaikykite ~30 minu\u010di\u0173. Patiekite su daug ledo!<\/p>\n<p data-start=\"1291\" data-end=\"1410\"><strong data-start=\"1291\" data-end=\"1309\">Porcijos dydis<\/strong><br data-start=\"1309\" data-end=\"1312\" \/>Kar\u0161tai arbatai: 2 arbatiniai \u0161auk\u0161teliai ~2 g.<br data-start=\"1359\" data-end=\"1362\" \/>\u0160altai arbatai: 3 arbatiniai \u0161auk\u0161teliai ~3 g.<\/p>\n<p data-start=\"1412\" data-end=\"1519\"><strong data-start=\"1412\" data-end=\"1434\">Porcijos pakuot\u0117je<\/strong><br data-start=\"1434\" data-end=\"1437\" \/>Kiekvienoje 65 g pakuot\u0117je yra iki 33 porcij\u0173, priklausomai nuo porcijos dyd\u017eio.<\/p>\n<p data-start=\"1521\" data-end=\"1632\"><strong data-start=\"1521\" data-end=\"1540\">Laikymo s\u0105lygos<\/strong><br data-start=\"1540\" data-end=\"1543\" \/>Laikyti kambario temperat\u016broje, jei \u012fmanoma \u2013 atokiau nuo tiesiogini\u0173 saul\u0117s spinduli\u0173.<\/p>\n<p data-start=\"1634\" data-end=\"1799\" data-is-last-node=\"\" data-is-only-node=\"\"><strong data-start=\"1634\" data-end=\"1675\">Koks yra Detox birios arbatos skonis?<\/strong><br data-start=\"1675\" data-end=\"1678\" \/>Detox pasi\u017eymi gaiviu citrininiu skoniu ir aromatu, kur\u012f papildo yerba mate sodrumas bei liofilizuoto obuolio saldumas.<\/p>\n","protected":false},"excerpt":{"rendered":"<p data-start=\"64\" data-end=\"193\"><strong data-start=\"64\" data-end=\"191\">Maloni ir gaivi rank\u0173 darbo arbata, kurioje yra 8 galingi supermaisto ingredientai, padedantys palaikyti med\u017eiag\u0173 apykait\u0105.<\/strong><\/p>\n<ul>\n<li data-start=\"197\" data-end=\"236\">Malonus citrininis skonis ir aromatas<\/li>\n<li data-start=\"239\" data-end=\"255\">100 % nat\u016brali<\/li>\n<li data-start=\"258\" data-end=\"291\">Be prid\u0117to cukraus ir saldikli\u0173<\/li>\n<li data-start=\"294\" data-end=\"335\">Vienas stiklainis = 33 arbatos porcijos<\/li>\n<li data-start=\"338\" data-end=\"361\">Puikiai tinka dovanai<\/li>\n<li data-start=\"364\" data-end=\"384\">Pagaminta Estijoje<\/li>\n<\/ul>\n","protected":false},"featured_media":141300,"comment_status":"open","ping_status":"closed","template":"","meta":{"_acf_changed":false},"product_brand":[],"product_cat":[610],"product_tag":[],"class_list":{"0":"post-141299","1":"product","2":"type-product","3":"status-publish","4":"has-post-thumbnail","6":"product_cat-arbatos","8":"first","9":"instock","10":"taxable","11":"shipping-taxable","12":"purchasable","13":"product-type-simple"},"bundle_layout":"","bundled_by":[],"bundled_items":[],"acf":[],"_links":{"self":[{"href":"https:\/\/bemore.ee\/lt\/wp-json\/wp\/v2\/product\/141299","targetHints":{"allow":["GET"]}}],"collection":[{"href":"https:\/\/bemore.ee\/lt\/wp-json\/wp\/v2\/product"}],"about":[{"href":"https:\/\/bemore.ee\/lt\/wp-json\/wp\/v2\/types\/product"}],"replies":[{"embeddable":true,"href":"https:\/\/bemore.ee\/lt\/wp-json\/wp\/v2\/comments?post=141299"}],"wp:featuredmedia":[{"embeddable":true,"href":"https:\/\/bemore.ee\/lt\/wp-json\/wp\/v2\/media\/141300"}],"wp:attachment":[{"href":"https:\/\/bemore.ee\/lt\/wp-json\/wp\/v2\/media?parent=141299"}],"wp:term":[{"taxonomy":"product_brand","embeddable":true,"href":"https:\/\/bemore.ee\/lt\/wp-json\/wp\/v2\/product_brand?post=141299"},{"taxonomy":"product_cat","embeddable":true,"href":"https:\/\/bemore.ee\/lt\/wp-json\/wp\/v2\/product_cat?post=141299"},{"taxonomy":"product_tag","embeddable":true,"href":"https:\/\/bemore.ee\/lt\/wp-json\/wp\/v2\/product_tag?post=141299"}],"curies":[{"name":"wp","href":"https:\/\/api.w.org\/{rel}","templated":true}]}}