{"id":141289,"date":"2023-09-22T19:17:25","date_gmt":"2023-09-22T16:17:25","guid":{"rendered":"https:\/\/bemore.ee\/?post_type=product&#038;p=141289"},"modified":"2025-09-13T07:41:27","modified_gmt":"2025-09-13T04:41:27","slug":"be-active-arbata","status":"publish","type":"product","link":"https:\/\/bemore.ee\/lt\/toode\/be-active-arbata\/","title":{"rendered":"Be Active arbata"},"content":{"rendered":"<p data-start=\"64\" data-end=\"499\"><strong data-start=\"64\" data-end=\"133\">100 % nat\u016brali uog\u0173 arbata Be Active padeda Tau b\u016bti aktyvesniam.<\/strong><br data-start=\"133\" data-end=\"136\" \/>\u0160i arbata sukurta galvojant apie \u017emones, kurie nuolat juda ir gyvena spar\u010diu gyvenimo tempu.<br data-start=\"228\" data-end=\"231\" \/>Be Active \u2013 tai juod\u0173j\u0173 serbent\u0173 uog\u0173 arbata, sudaryta i\u0161 penki\u0173 skirting\u0173 ingredient\u0173 tiesiai i\u0161 gamtos. Pagrindin\u0117 \u0161ios arbatos sudedamoji dalis \u2013 juodieji serbentai \u2013 turi vitamino C, kuris padeda palaikyti normali\u0105 energijos apykait\u0105 ir imunin\u0117s sistemos veikl\u0105.<\/p>\n<p data-start=\"501\" data-end=\"650\"><strong data-start=\"501\" data-end=\"537\">I\u0161 ko sudaryta Be Active arbata?<\/strong><br data-start=\"537\" data-end=\"540\" \/>Sud\u0117tis: liofilizuoti juodieji serbentai, m\u0117lyni\u0173 lapai, juod\u0173j\u0173 serbent\u0173 lapai, hibiskas, pipirm\u0117\u010di\u0173 lapai.<\/p>\n<p data-start=\"652\" data-end=\"812\"><strong data-start=\"652\" data-end=\"669\">Kaip vartoti?<\/strong><br data-start=\"669\" data-end=\"672\" \/>Kar\u0161tai arbatai: \u012f puodel\u012f \u012fd\u0117kite 2 arbatinius \u0161auk\u0161telius arbatos mi\u0161inio, u\u017epilkite 200 ml ~80\u201385 \u02daC vandens ir palaikykite ~5 minutes.<\/p>\n<p data-start=\"814\" data-end=\"978\">\u0160altai arbatai: \u012f puodel\u012f \u012fd\u0117kite 3 arbatinius \u0161auk\u0161telius arbatos mi\u0161inio, u\u017epilkite 250 ml ~80\u201385 \u02daC vandens ir palaikykite ~30 minu\u010di\u0173. Patiekite su daug ledo!<\/p>\n<p data-start=\"980\" data-end=\"1099\"><strong data-start=\"980\" data-end=\"998\">Porcijos dydis<\/strong><br data-start=\"998\" data-end=\"1001\" \/>Kar\u0161tai arbatai: 2 arbatiniai \u0161auk\u0161teliai ~2 g.<br data-start=\"1048\" data-end=\"1051\" \/>\u0160altai arbatai: 3 arbatiniai \u0161auk\u0161teliai ~3 g.<\/p>\n<p data-start=\"1101\" data-end=\"1234\"><strong data-start=\"1101\" data-end=\"1123\">Porcijos pakuot\u0117je<\/strong><br data-start=\"1123\" data-end=\"1126\" \/>Kiekviename arbatos stiklainyje yra 33 porcijos, tikrasis porcij\u0173 skai\u010dius priklauso nuo naudojamo kiekio.<\/p>\n<p data-start=\"1236\" data-end=\"1347\"><strong data-start=\"1236\" data-end=\"1255\">Laikymo s\u0105lygos<\/strong><br data-start=\"1255\" data-end=\"1258\" \/>Laikyti kambario temperat\u016broje, jei \u012fmanoma \u2013 atokiau nuo tiesiogini\u0173 saul\u0117s spinduli\u0173.<\/p>\n<p data-start=\"1349\" data-end=\"1472\" data-is-last-node=\"\" data-is-only-node=\"\"><strong data-start=\"1349\" data-end=\"1387\">Koks yra Be Active arbatos skonis?<\/strong><br data-start=\"1387\" data-end=\"1390\" \/>R\u016bg\u0161taus juod\u0173j\u0173 serbent\u0173 skonio uog\u0173 arbata, kuriai gaivumo suteikia pipirm\u0117t\u0117.<\/p>\n","protected":false},"excerpt":{"rendered":"<p data-start=\"74\" data-end=\"181\"><strong data-start=\"74\" data-end=\"179\">Maloniai r\u016bg\u0161ti juod\u0173j\u0173 serbent\u0173 uog\u0173 arbata, kurioje yra 5 skoniu turtingi supermaisto ingredientai.<\/strong><\/p>\n<ul>\n<li>Juod\u0173j\u0173 serbent\u0173 skonio uog\u0173 arbata<\/li>\n<li data-start=\"227\" data-end=\"243\">100 % nat\u016brali<\/li>\n<li data-start=\"246\" data-end=\"279\">Be prid\u0117to cukraus ir saldikli\u0173<\/li>\n<li data-start=\"282\" data-end=\"295\">Rank\u0173 darbo<\/li>\n<li data-start=\"298\" data-end=\"339\">65 g stiklainis = ~33 puodeliai arbatos<\/li>\n<li data-start=\"342\" data-end=\"386\">Unikali pakuot\u0117, idealiai tinkanti dovanai<\/li>\n<li data-start=\"389\" data-end=\"409\">Pagaminta Estijoje<\/li>\n<\/ul>\n","protected":false},"featured_media":141296,"comment_status":"open","ping_status":"closed","template":"","meta":{"_acf_changed":false},"product_brand":[],"product_cat":[610],"product_tag":[],"class_list":{"0":"post-141289","1":"product","2":"type-product","3":"status-publish","4":"has-post-thumbnail","6":"product_cat-arbatos","8":"first","9":"instock","10":"taxable","11":"shipping-taxable","12":"purchasable","13":"product-type-simple"},"bundle_layout":"","bundled_by":[],"bundled_items":[],"acf":[],"_links":{"self":[{"href":"https:\/\/bemore.ee\/lt\/wp-json\/wp\/v2\/product\/141289","targetHints":{"allow":["GET"]}}],"collection":[{"href":"https:\/\/bemore.ee\/lt\/wp-json\/wp\/v2\/product"}],"about":[{"href":"https:\/\/bemore.ee\/lt\/wp-json\/wp\/v2\/types\/product"}],"replies":[{"embeddable":true,"href":"https:\/\/bemore.ee\/lt\/wp-json\/wp\/v2\/comments?post=141289"}],"wp:featuredmedia":[{"embeddable":true,"href":"https:\/\/bemore.ee\/lt\/wp-json\/wp\/v2\/media\/141296"}],"wp:attachment":[{"href":"https:\/\/bemore.ee\/lt\/wp-json\/wp\/v2\/media?parent=141289"}],"wp:term":[{"taxonomy":"product_brand","embeddable":true,"href":"https:\/\/bemore.ee\/lt\/wp-json\/wp\/v2\/product_brand?post=141289"},{"taxonomy":"product_cat","embeddable":true,"href":"https:\/\/bemore.ee\/lt\/wp-json\/wp\/v2\/product_cat?post=141289"},{"taxonomy":"product_tag","embeddable":true,"href":"https:\/\/bemore.ee\/lt\/wp-json\/wp\/v2\/product_tag?post=141289"}],"curies":[{"name":"wp","href":"https:\/\/api.w.org\/{rel}","templated":true}]}}