{"id":141281,"date":"2024-06-19T09:32:05","date_gmt":"2024-06-19T06:32:05","guid":{"rendered":"https:\/\/bemore.ee\/?post_type=product&#038;p=141281"},"modified":"2025-09-13T07:31:24","modified_gmt":"2025-09-13T04:31:24","slug":"idaryti-datuliu-rutuliukai-su-ananasais-100-g","status":"publish","type":"product","link":"https:\/\/bemore.ee\/lt\/toode\/idaryti-datuliu-rutuliukai-su-ananasais-100-g\/","title":{"rendered":"\u012edaryti datuli\u0173 rutuliukai su ananasais 100 g"},"content":{"rendered":"<p data-start=\"56\" data-end=\"297\">\u012edaryti datuli\u0173 rutuliukai su ananasais \u2013 tai energijos suteikiantis u\u017ekandis su tropiniu skoniu, taip pat gausus skaidul\u0173 \u0161altinis. Skaidulos padeda ilgiau i\u0161likti sotiems, yra naudingos vir\u0161kinimui ir padeda i\u0161vengti viduri\u0173 u\u017ekiet\u0117jimo.<\/p>\n<p data-start=\"299\" data-end=\"709\">Ananasai yra geras vitamino C ir kit\u0173 antioksidant\u0173 (flavonoid\u0173) \u0161altinis. Vitaminas C yra svarbus antioksidantas, kuris padeda stiprinti imunin\u0119 sistem\u0105, skatina kolageno gamyb\u0105 ir gerina odos b\u016bkl\u0119. Flavonoidai turi prie\u0161u\u017edegimin\u012f poveik\u012f, galint\u012f pad\u0117ti suma\u017einti u\u017edegiminius procesus organizme. Ananasai taip pat turi vir\u0161kinimo fermento bromelaino, kuris padeda skaidyti baltymus ir gerina vir\u0161kinim\u0105.<\/p>\n<p data-start=\"711\" data-end=\"924\">Datul\u0117s taip pat yra gausios antioksidant\u0173, toki\u0173 kaip karotenoidai, flavonoidai ir fenolio r\u016bg\u0161tis. Fenolio r\u016bg\u0161tis pasi\u017eymi stipriu prie\u0161u\u017edegiminiu poveikiu ir gali suma\u017einti, pavyzd\u017eiui, \u0161irdies lig\u0173 rizik\u0105.<\/p>\n<p data-start=\"926\" data-end=\"1534\">\u012edaryti datuli\u0173 rutuliukai su ananasais taip pat turi verting\u0173 \u0161altalanki\u0173 uog\u0173 milteli\u0173. \u0160altalankiai pelnytai vadinami supermaistu, nes juose yra beveik 200 r\u016b\u0161i\u0173 maistini\u0173 ir bioaktyvi\u0173 jungini\u0173, toki\u0173 kaip polineso\u010diosios riebal\u0173 r\u016bg\u0161tys, karotenoidai ir fitosteroliai. Svarbu tai, kad vitamino A kiekis \u0161altalankiuose yra net 18 kart\u0173 didesnis nei m\u0117lyn\u0117se, o vitamino C kiekis \u0161altalankiuose beveik 3 kartus didesnis nei citrinoje. \u0160altalankiai yra turtingi \u012fvairi\u0173 riebal\u0173 r\u016bg\u0161\u010di\u0173, kurios atlieka svarb\u0173 vaidmen\u012f \u017emogaus sveikatai, pavyzd\u017eiui, gydant odos ir gleivini\u0173 ligas bei saus\u0173 aki\u0173 sindrom\u0105.<\/p>\n<p data-start=\"1536\" data-end=\"1584\"><strong>\u012edaryti datuli\u0173 rutuliukai su ananasais tinka:<\/strong><\/p>\n<ul data-start=\"1585\" data-end=\"1691\">\n<li data-start=\"1585\" data-end=\"1596\">\n<p data-start=\"1587\" data-end=\"1596\">vaikams<\/p>\n<\/li>\n<li data-start=\"1597\" data-end=\"1609\">\n<p data-start=\"1599\" data-end=\"1609\">veganams<\/p>\n<\/li>\n<li data-start=\"1610\" data-end=\"1651\">\n<p data-start=\"1612\" data-end=\"1651\">visiems, gyvenantiems aktyv\u0173 gyvenim\u0105<\/p>\n<\/li>\n<li data-start=\"1652\" data-end=\"1691\">\n<p data-start=\"1654\" data-end=\"1691\">n\u0117\u0161\u010diosioms ir \u017eindan\u010dioms moterims<\/p>\n<\/li>\n<\/ul>\n<p data-start=\"1693\" data-end=\"1725\">I\u0161 ko sudarytas \u0161is produktas?<\/p>\n<p data-start=\"1727\" data-end=\"1830\">Sud\u0117tis: datul\u0117s (58 %), d\u017eiovinti ananasai, avi\u017eos be glitimo, raps\u0173 aliejus, \u0161altalanki\u0173 milteliai.<\/p>\n<p data-start=\"1832\" data-end=\"1847\"><strong>Kaip vartoti?<\/strong><\/p>\n<p data-start=\"1849\" data-end=\"1915\">Rekomenduojame \u012fdarytus datuli\u0173 rutuliukus valgyti kaip u\u017ekand\u012f.<\/p>\n<p data-start=\"1917\" data-end=\"1934\"><strong>Laikymo s\u0105lygos<\/strong><\/p>\n<p data-start=\"1936\" data-end=\"2062\">Laikyti kambario temperat\u016broje, atokiau nuo tiesiogini\u0173 saul\u0117s spinduli\u0173. Po kiekvieno naudojimo pakuot\u0119 sandariai u\u017edaryti.<\/p>\n<p data-start=\"2064\" data-end=\"2121\"><strong>Koks yra \u012fdaryt\u0173 datuli\u0173 rutuliuk\u0173 su ananasais skonis?<\/strong><\/p>\n<p data-start=\"2123\" data-end=\"2195\">\u012edaryti datuli\u0173 rutuliukai su ananasais turi tropin\u012f ir vaisin\u012f skon\u012f.<\/p>\n","protected":false},"excerpt":{"rendered":"<p data-start=\"51\" data-end=\"148\">\u012edaryti datuli\u0173 rutuliukai su ananasais \u2013 tai energijos suteikiantis u\u017ekandis j\u016bs\u0173 kasdienybei.<\/p>\n<ul>\n<li data-start=\"152\" data-end=\"169\">100 % nat\u016bralus<\/li>\n<li data-start=\"172\" data-end=\"192\">Be prid\u0117to cukraus<\/li>\n<li data-start=\"195\" data-end=\"214\"><strong>Veganams tinkamas<\/strong><\/li>\n<li data-start=\"217\" data-end=\"229\"><strong>Be glitimo<\/strong><\/li>\n<li data-start=\"232\" data-end=\"251\">Skaidul\u0173 \u0161altinis<\/li>\n<li data-start=\"254\" data-end=\"274\">Su tropiniu skoniu<\/li>\n<li data-start=\"277\" data-end=\"349\">Datuli\u0173 rutuliukuose su ananasais yra sveikatai nauding\u0173 antioksidant\u0173<\/li>\n<\/ul>\n","protected":false},"featured_media":141282,"comment_status":"open","ping_status":"closed","template":"","meta":{"_acf_changed":false},"product_brand":[],"product_cat":[611],"product_tag":[],"class_list":{"0":"post-141281","1":"product","2":"type-product","3":"status-publish","4":"has-post-thumbnail","6":"product_cat-idaryti-datuliu-kamuoliukai","8":"first","9":"instock","10":"taxable","11":"shipping-taxable","12":"purchasable","13":"product-type-simple"},"bundle_layout":"","bundled_by":["141258"],"bundled_items":[],"acf":[],"_links":{"self":[{"href":"https:\/\/bemore.ee\/lt\/wp-json\/wp\/v2\/product\/141281","targetHints":{"allow":["GET"]}}],"collection":[{"href":"https:\/\/bemore.ee\/lt\/wp-json\/wp\/v2\/product"}],"about":[{"href":"https:\/\/bemore.ee\/lt\/wp-json\/wp\/v2\/types\/product"}],"replies":[{"embeddable":true,"href":"https:\/\/bemore.ee\/lt\/wp-json\/wp\/v2\/comments?post=141281"}],"wp:featuredmedia":[{"embeddable":true,"href":"https:\/\/bemore.ee\/lt\/wp-json\/wp\/v2\/media\/141282"}],"wp:attachment":[{"href":"https:\/\/bemore.ee\/lt\/wp-json\/wp\/v2\/media?parent=141281"}],"wp:term":[{"taxonomy":"product_brand","embeddable":true,"href":"https:\/\/bemore.ee\/lt\/wp-json\/wp\/v2\/product_brand?post=141281"},{"taxonomy":"product_cat","embeddable":true,"href":"https:\/\/bemore.ee\/lt\/wp-json\/wp\/v2\/product_cat?post=141281"},{"taxonomy":"product_tag","embeddable":true,"href":"https:\/\/bemore.ee\/lt\/wp-json\/wp\/v2\/product_tag?post=141281"}],"curies":[{"name":"wp","href":"https:\/\/api.w.org\/{rel}","templated":true}]}}