{"id":141276,"date":"2024-07-15T08:00:33","date_gmt":"2024-07-15T05:00:33","guid":{"rendered":"https:\/\/bemore.ee\/?post_type=product&#038;p=141276"},"modified":"2025-09-13T07:25:04","modified_gmt":"2025-09-13T04:25:04","slug":"relax-zoleliu-arbata","status":"publish","type":"product","link":"https:\/\/bemore.ee\/lt\/toode\/relax-zoleliu-arbata\/","title":{"rendered":"Relax \u017eoleli\u0173 arbata"},"content":{"rendered":"<p data-start=\"55\" data-end=\"168\"><strong data-start=\"55\" data-end=\"166\">Relax arbata \u2013 tai 100 % nat\u016brali m\u0117t\u0173 ir ramun\u0117li\u0173 skonio arbata, padedanti nusiraminti ir atsipalaiduoti.<\/strong><\/p>\n<p data-start=\"170\" data-end=\"843\">Relax arbatos ingredientai kruop\u0161\u010diai atrinkti, kad u\u017etikrint\u0173 geriausi\u0105 raminam\u0105j\u012f poveik\u012f. Pipirm\u0117t\u0117 ramina prot\u0105 ir padeda ma\u017einti stres\u0105, ramun\u0117l\u0117, \u017einoma d\u0117l savo raminam\u0173j\u0173 savybi\u0173, atpalaiduoja ir gerina mieg\u0105. Medetka palaiko vir\u0161kinim\u0105 ir bendr\u0105 savijaut\u0105, moldavinis melisas padeda suma\u017einti nerim\u0105 ir suteikia arbatai lengv\u0105 citrusin\u012f skon\u012f. Hibiskas, gausus antioksidant\u0173, palaiko \u0161irdies sveikat\u0105. Ro\u017ei\u0173 \u017eiedlapiai, nat\u016bral\u016bs antidepresantai, gerina nuotaik\u0105, o rugiag\u0117li\u0173 \u017eiedlapiai ma\u017eina stres\u0105 ir ramina prot\u0105. Vir\u017eiai veikia kaip nat\u016bralus raminamasis ir padeda geriau i\u0161simiegoti, o obuoli\u0173 gabaliukai suteikia arbatai lengvo saldumo ir sodraus skonio.<\/p>\n<p data-start=\"845\" data-end=\"881\"><strong data-start=\"845\" data-end=\"879\">I\u0161 ko sudarytas \u0161is produktas?<\/strong><\/p>\n<p data-start=\"883\" data-end=\"1011\">Sud\u0117tis: pipirm\u0117t\u0117, ramun\u0117l\u0117, moldavinis melisas, vir\u017eiai, hibiskas, obuoli\u0173 gabaliukai, rugiag\u0117l\u0117, ro\u017ei\u0173 \u017eiedlapiai, medetka.<\/p>\n<p data-start=\"1013\" data-end=\"1032\"><strong data-start=\"1013\" data-end=\"1030\">Kaip vartoti?<\/strong><\/p>\n<p data-start=\"1034\" data-end=\"1158\">Kar\u0161tai arbatai: \u012f puodel\u012f \u012fd\u0117kite 2 arbatinius \u0161auk\u0161telius, u\u017epilkite 200 ml ~80\u201385 \u02daC vandens ir palaikykite ~5 minutes.<\/p>\n<p data-start=\"1160\" data-end=\"1308\">\u0160altai arbatai: \u012f puodel\u012f \u012fd\u0117kite 3 arbatinius \u0161auk\u0161telius, u\u017epilkite 250 ml ~80\u201385 \u02daC vandens ir palaikykite ~30 minu\u010di\u0173. Patiekite su daug ledo!<\/p>\n<p data-start=\"1310\" data-end=\"1331\"><strong data-start=\"1310\" data-end=\"1329\">Porcijos dydis:<\/strong><\/p>\n<p data-start=\"1333\" data-end=\"1431\">Kar\u0161tai arbatai: 2 arbatiniai \u0161auk\u0161teliai ~2 g.<br data-start=\"1380\" data-end=\"1383\" \/>\u0160altai arbatai: 3 arbatiniai \u0161auk\u0161teliai ~3 g.<\/p>\n<p data-start=\"1433\" data-end=\"1458\"><strong data-start=\"1433\" data-end=\"1456\">Porcijos pakuot\u0117je:<\/strong><\/p>\n<p data-start=\"1460\" data-end=\"1549\">Viename 70 g stiklainiuke yra iki 35 porcij\u0173 arbatos, priklausomai nuo porcijos dyd\u017eio.<\/p>\n<p data-start=\"1551\" data-end=\"1572\"><strong data-start=\"1551\" data-end=\"1570\">Laikymo s\u0105lygos<\/strong><\/p>\n<p data-start=\"1574\" data-end=\"1653\">Laikyti sausoje ir v\u0117sioje vietoje, atokiau nuo tiesiogini\u0173 saul\u0117s spinduli\u0173.<\/p>\n<p data-start=\"1655\" data-end=\"1694\"><strong data-start=\"1655\" data-end=\"1692\">Koks Relax birios arbatos skonis?<\/strong><\/p>\n<p data-start=\"1696\" data-end=\"1785\">Relax arbata yra m\u0117t\u0173 skonio, o d\u0117l moldavinio meliso turi ir lengv\u0105 citrin\u0173 prieskon\u012f.<\/p>\n","protected":false},"excerpt":{"rendered":"<p data-start=\"56\" data-end=\"150\">Relax arbata \u2013 tai 100 % nat\u016brali arbata su m\u0117ta ir ramun\u0117l\u0117mis, kuri padeda atsipalaiduoti!<\/p>\n<ul>\n<li data-start=\"154\" data-end=\"170\">Su m\u0117t\u0173 skoniu<\/li>\n<li data-start=\"173\" data-end=\"189\">100 % nat\u016brali<\/li>\n<li data-start=\"192\" data-end=\"225\">Be prid\u0117to cukraus ir saldikli\u0173<\/li>\n<li data-start=\"228\" data-end=\"241\">Rank\u0173 darbo<\/li>\n<li data-start=\"244\" data-end=\"293\">Viename 70 g stiklainiuke \u2013 35 arbatos porcijos<\/li>\n<li data-start=\"296\" data-end=\"353\">Puiki dovanos id\u0117ja \u2013 gra\u017eus stiklainis su biria arbata<\/li>\n<li data-start=\"356\" data-end=\"376\">Pagaminta Estijoje<\/li>\n<\/ul>\n","protected":false},"featured_media":141277,"comment_status":"open","ping_status":"closed","template":"","meta":{"_acf_changed":false},"product_brand":[],"product_cat":[610],"product_tag":[],"class_list":{"0":"post-141276","1":"product","2":"type-product","3":"status-publish","4":"has-post-thumbnail","6":"product_cat-arbatos","8":"first","9":"instock","10":"taxable","11":"shipping-taxable","12":"purchasable","13":"product-type-simple"},"bundle_layout":"","bundled_by":[],"bundled_items":[],"acf":[],"_links":{"self":[{"href":"https:\/\/bemore.ee\/lt\/wp-json\/wp\/v2\/product\/141276","targetHints":{"allow":["GET"]}}],"collection":[{"href":"https:\/\/bemore.ee\/lt\/wp-json\/wp\/v2\/product"}],"about":[{"href":"https:\/\/bemore.ee\/lt\/wp-json\/wp\/v2\/types\/product"}],"replies":[{"embeddable":true,"href":"https:\/\/bemore.ee\/lt\/wp-json\/wp\/v2\/comments?post=141276"}],"wp:featuredmedia":[{"embeddable":true,"href":"https:\/\/bemore.ee\/lt\/wp-json\/wp\/v2\/media\/141277"}],"wp:attachment":[{"href":"https:\/\/bemore.ee\/lt\/wp-json\/wp\/v2\/media?parent=141276"}],"wp:term":[{"taxonomy":"product_brand","embeddable":true,"href":"https:\/\/bemore.ee\/lt\/wp-json\/wp\/v2\/product_brand?post=141276"},{"taxonomy":"product_cat","embeddable":true,"href":"https:\/\/bemore.ee\/lt\/wp-json\/wp\/v2\/product_cat?post=141276"},{"taxonomy":"product_tag","embeddable":true,"href":"https:\/\/bemore.ee\/lt\/wp-json\/wp\/v2\/product_tag?post=141276"}],"curies":[{"name":"wp","href":"https:\/\/api.w.org\/{rel}","templated":true}]}}