{"id":141270,"date":"2024-09-16T09:00:31","date_gmt":"2024-09-16T06:00:31","guid":{"rendered":"https:\/\/bemore.ee\/?post_type=product&#038;p=141270"},"modified":"2025-11-20T07:06:23","modified_gmt":"2025-11-20T05:06:23","slug":"marine-collagen-strawberrynblackcurrant-batonelis-16-vnt","status":"publish","type":"product","link":"https:\/\/bemore.ee\/lt\/toode\/marine-collagen-strawberrynblackcurrant-batonelis-16-vnt\/","title":{"rendered":"MARINE COLLAGEN Strawberry\u00b4n\u00b4Blackcurrant baton\u0117lis \u2013 16 vnt"},"content":{"rendered":"<p data-start=\"56\" data-end=\"163\"><strong data-start=\"56\" data-end=\"161\">Be More \u017ealias baton\u0117lis, praturtintas 100 % nat\u016braliu j\u016briniu kolagenu ir supermaistu j\u016bs\u0173 kasdienybei!<\/strong><\/p>\n<p data-start=\"165\" data-end=\"365\">MARINE COLLAGEN bra\u0161ki\u0173 ir juod\u0173j\u0173 serbent\u0173 \u017ealias baton\u0117lyje, be daugyb\u0117s vitamin\u0173 ir mineral\u0173, taip pat yra 3500 mg j\u016brinio kolageno, sukurto \u017emon\u0117ms, norintiems palaikyti odos, plauk\u0173 ir nag\u0173 b\u016bkl\u0119.<\/p>\n<p data-start=\"367\" data-end=\"638\">Hidrolizuotas j\u016brinis kolagenas i\u0161gaunamas i\u0161 \u017euv\u0173 odos, lengvai pereina per \u017earnyno sienel\u0119 ir greitai pasiekia audinius. Kasdien vartojamas j\u016brinis kolagenas ma\u017eina rauk\u0161les, didina odos dr\u0117gm\u0119 ir elastingum\u0105, gerina kraujagysli\u0173 tvirtum\u0105 bei bendr\u0105 \u017earnyno sveikat\u0105.<\/p>\n<p data-start=\"640\" data-end=\"724\"><strong data-start=\"640\" data-end=\"722\">\u017dalias baton\u0117liai su j\u016briniu kolagenu, bra\u0161k\u0117mis ir juodaisiais serbentais tinka:<\/strong><\/p>\n<ul data-start=\"725\" data-end=\"939\">\n<li data-start=\"725\" data-end=\"813\">\n<p data-start=\"727\" data-end=\"813\">visiems, norintiems padidinti vitamin\u0173, mineral\u0173 ir antioksidant\u0173 kiek\u012f savo racione<\/p>\n<\/li>\n<li data-start=\"814\" data-end=\"887\">\n<p data-start=\"816\" data-end=\"887\">visiems, norintiems palaikyti s\u0105nari\u0173, odos ir nag\u0173 b\u016bkl\u0119 su kolagenu<\/p>\n<\/li>\n<li data-start=\"888\" data-end=\"927\">\n<p data-start=\"890\" data-end=\"927\">n\u0117\u0161\u010diosioms ir \u017eindan\u010dioms motinoms<\/p>\n<\/li>\n<li data-start=\"928\" data-end=\"939\">\n<p data-start=\"930\" data-end=\"939\">vaikams<\/p>\n<\/li>\n<\/ul>\n<p data-start=\"941\" data-end=\"977\"><strong data-start=\"941\" data-end=\"975\">I\u0161 ko sudarytas \u0161is produktas?<\/strong><\/p>\n<p data-start=\"979\" data-end=\"1452\">Sud\u0117tis: datul\u0117s, avi\u017eos be glitimo, agavos sirupas, anakard\u017ei\u0173 sviestas, Be More MARINE COLLAGEN Strawberry\u2019n\u2019Blackcurrant milteliai (hidrolizuotas j\u016brinis kolagenas (\u017euvys), liofilizuot\u0173 bra\u0161ki\u0173 milteliai, liofilizuot\u0173 juod\u0173j\u0173 serbent\u0173 milteliai, liofilizuotos citrin\u0173 tyr\u0117s milteliai, liofilizuot\u0173 Camu-Camu milteliai), anakard\u017eiai, hidrolizuoto j\u016brinio kolageno milteliai (\u017euvys), liofilizuotos bra\u0161k\u0117s, \u0161alto spaudimo kokos\u0173 aliejus, liofilizuoti juodieji serbentai.<\/p>\n<p data-start=\"1454\" data-end=\"1524\"><strong data-start=\"1454\" data-end=\"1477\">Porcijos pakuot\u0117je:<\/strong><br data-start=\"1477\" data-end=\"1480\" \/>Kiekvienoje d\u0117\u017eut\u0117je yra 16 \u017ealias baton\u0117li\u0173.<\/p>\n<p data-start=\"1526\" data-end=\"1637\"><strong data-start=\"1526\" data-end=\"1545\">Laikymo s\u0105lygos<\/strong><br data-start=\"1545\" data-end=\"1548\" \/>Laikyti kambario temperat\u016broje, jei \u012fmanoma \u2013 atokiau nuo tiesiogini\u0173 saul\u0117s spinduli\u0173.<\/p>\n<p data-start=\"1639\" data-end=\"1785\"><strong data-start=\"1639\" data-end=\"1717\">Koks yra MARINE COLLAGEN bra\u0161ki\u0173 ir juod\u0173j\u0173 serbent\u0173 \u017ealias baton\u0117lio skonis?<\/strong><br data-start=\"1717\" data-end=\"1720\" \/>\u0160is \u017ealias baton\u0117lis turi ry\u0161k\u0173 bra\u0161ki\u0173 ir juod\u0173j\u0173 serbent\u0173 skon\u012f.<\/p>\n","protected":false},"excerpt":{"rendered":"<p data-start=\"56\" data-end=\"127\"><strong>M\u016bs\u0173 MARINE COLLAGEN \u017ealias baton\u0117lis \u2013 tai puikus ir sveikas u\u017ekandis j\u016bs\u0173 kasdienybei!<\/strong><\/p>\n<ul>\n<li data-start=\"129\" data-end=\"391\">Viename baton\u0117lyje yra 3500 mg j\u016brinio kolageno!<\/li>\n<li data-start=\"129\" data-end=\"391\">100 % nat\u016bralus<\/li>\n<li data-start=\"129\" data-end=\"391\">Be prid\u0117to cukraus ir pried\u0173<\/li>\n<li data-start=\"129\" data-end=\"391\">Be glitimo<\/li>\n<li data-start=\"129\" data-end=\"391\">Be konservant\u0173<\/li>\n<li data-start=\"129\" data-end=\"391\">Vienoje d\u0117\u017eut\u0117je yra 16 porcij\u0173\/baton\u0117li\u0173<\/li>\n<li data-start=\"129\" data-end=\"391\">Taip pat apr\u016bpina organizm\u0105 dideliu kiekiu \u012fvairi\u0173 vitamin\u0173, mineral\u0173 ir antioksidant\u0173<\/li>\n<\/ul>\n","protected":false},"featured_media":141275,"comment_status":"open","ping_status":"closed","template":"","meta":{"_acf_changed":false},"product_brand":[],"product_cat":[608],"product_tag":[],"class_list":{"0":"post-141270","1":"product","2":"type-product","3":"status-publish","4":"has-post-thumbnail","6":"product_cat-zali-batoneliai-su-supermaistu","8":"first","9":"instock","10":"taxable","11":"shipping-taxable","12":"purchasable","13":"product-type-bundle"},"bundle_layout":"default","bundled_by":[],"bundled_items":[{"bundled_item_id":2074,"product_id":141310,"menu_order":0,"quantity_min":16,"quantity_max":16,"priced_individually":false,"shipped_individually":false,"override_title":false,"title":"1 MARINE COLLAGEN Strawberry\u00b4n\u00b4Blackcurrant raw baton\u0117lis","override_description":false,"description":"1 MARINE COLLAGEN Strawberry\u00b4n\u00b4Blackcurrant raw baton\u0117lis","optional":false,"hide_thumbnail":false,"discount":"","override_variations":false,"allowed_variations":[""],"override_default_variation_attributes":false,"default_variation_attributes":[],"single_product_visibility":"visible","cart_visibility":"visible","order_visibility":"visible","single_product_price_visibility":"visible","cart_price_visibility":"visible","order_price_visibility":"visible","stock_status":"in_stock"}],"acf":[],"_links":{"self":[{"href":"https:\/\/bemore.ee\/lt\/wp-json\/wp\/v2\/product\/141270","targetHints":{"allow":["GET"]}}],"collection":[{"href":"https:\/\/bemore.ee\/lt\/wp-json\/wp\/v2\/product"}],"about":[{"href":"https:\/\/bemore.ee\/lt\/wp-json\/wp\/v2\/types\/product"}],"replies":[{"embeddable":true,"href":"https:\/\/bemore.ee\/lt\/wp-json\/wp\/v2\/comments?post=141270"}],"wp:featuredmedia":[{"embeddable":true,"href":"https:\/\/bemore.ee\/lt\/wp-json\/wp\/v2\/media\/141275"}],"wp:attachment":[{"href":"https:\/\/bemore.ee\/lt\/wp-json\/wp\/v2\/media?parent=141270"}],"wp:term":[{"taxonomy":"product_brand","embeddable":true,"href":"https:\/\/bemore.ee\/lt\/wp-json\/wp\/v2\/product_brand?post=141270"},{"taxonomy":"product_cat","embeddable":true,"href":"https:\/\/bemore.ee\/lt\/wp-json\/wp\/v2\/product_cat?post=141270"},{"taxonomy":"product_tag","embeddable":true,"href":"https:\/\/bemore.ee\/lt\/wp-json\/wp\/v2\/product_tag?post=141270"}],"curies":[{"name":"wp","href":"https:\/\/api.w.org\/{rel}","templated":true}]}}