{"id":141258,"date":"2024-11-15T11:47:15","date_gmt":"2024-11-15T09:47:15","guid":{"rendered":"https:\/\/bemore.ee\/?post_type=product&#038;p=141258"},"modified":"2026-01-07T07:36:50","modified_gmt":"2026-01-07T05:36:50","slug":"idarytu-datuliu-rutuliuku-rinkinys","status":"publish","type":"product","link":"https:\/\/bemore.ee\/lt\/toode\/idarytu-datuliu-rutuliuku-rinkinys\/","title":{"rendered":"\u012edaryt\u0173 datuli\u0173 rutuliuk\u0173 rinkinys"},"content":{"rendered":"<p data-start=\"56\" data-end=\"289\">\u012edarytos datuli\u0173 rutuliukai \u2013 tai energijos suteikiantis u\u017ekandis, taip pat gausus skaidul\u0173 \u0161altinis. Skaidulos padeda ilgiau i\u0161likti sotiems ir yra naudingos vir\u0161kinimui. Skaidulos taip pat padeda i\u0161vengti viduri\u0173 u\u017ekiet\u0117jimo.<\/p>\n<p data-start=\"291\" data-end=\"508\">Datul\u0117s taip pat yra gausios antioksidant\u0173, toki\u0173 kaip karotenoidai, flavonoidai ir fenolio r\u016bg\u0161tis. Fenolio r\u016bg\u0161tis pasi\u017eymi stipriu prie\u0161u\u017edegiminiu poveikiu ir gali suma\u017einti, pavyzd\u017eiui, \u0161irdies lig\u0173 rizik\u0105.<\/p>\n<p data-start=\"38\" data-end=\"74\">\u012edarytos datuli\u0173 rutuliukai tinka:<\/p>\n<ul>\n<li data-start=\"78\" data-end=\"87\">vaikams<\/li>\n<li data-start=\"90\" data-end=\"100\">veganams<\/li>\n<li data-start=\"103\" data-end=\"142\">visiems, gyvenantiems aktyv\u0173 gyvenim\u0105<\/li>\n<li data-start=\"145\" data-end=\"182\">n\u0117\u0161\u010diosioms ir \u017eindan\u010dioms moterims<\/li>\n<\/ul>\n<p data-start=\"56\" data-end=\"88\"><strong>I\u0161 ko sudarytas \u0161is produktas?<\/strong><\/p>\n<p data-start=\"90\" data-end=\"312\">\u012edaryt\u0173 datuli\u0173 rutuliuk\u0173 su m\u0117lyn\u0117mis sud\u0117tis: datul\u0117s 58 %, m\u0117lyn\u0117s 20 % {m\u0117lyn\u0117s, cukrus, r\u016bg\u0161tingum\u0105 reguliuojanti med\u017eiaga (citrin\u0173 r\u016bg\u0161tis), nat\u016bralus aromatas}, avi\u017eos be glitimo, raps\u0173 aliejus, m\u0117lyni\u0173 milteliai.<\/p>\n<p data-start=\"314\" data-end=\"482\">\u012edaryt\u0173 datuli\u0173 rutuliuk\u0173 su migdolais ir kakava sud\u0117tis: datul\u0117s 58 %, migdolai 13 %, avi\u017eos be glitimo, raps\u0173 aliejus, kokos\u0173 gabaliukai, cukrus, kakavos milteliai.<\/p>\n<p data-start=\"484\" data-end=\"671\">\u012edaryt\u0173 datuli\u0173 rutuliuk\u0173 su mangais sud\u0117tis: datul\u0117s 58 %, d\u017eiovinti mangai (20 %) {mangai, antioksidantas (sieros dioksidas)}, avi\u017eos be glitimo, raps\u0173 aliejus, \u0161altalanki\u0173 milteliai.<\/p>\n<p data-start=\"673\" data-end=\"813\">\u012edaryt\u0173 datuli\u0173 rutuliuk\u0173 su ananasais sud\u0117tis: datul\u0117s 58 %, d\u017eiovinti ananasai, avi\u017eos be glitimo, raps\u0173 aliejus, \u0161altalanki\u0173 milteliai.<\/p>\n<p data-start=\"56\" data-end=\"71\"><strong>Kaip vartoti?<\/strong><\/p>\n<p data-start=\"73\" data-end=\"139\">Rekomenduojame \u012fdarytus datuli\u0173 rutuliukus valgyti kaip u\u017ekand\u012f.<\/p>\n<p data-start=\"141\" data-end=\"158\"><strong>Laikymo s\u0105lygos<\/strong><\/p>\n<p data-start=\"160\" data-end=\"286\">Laikyti kambario temperat\u016broje, atokiau nuo tiesiogini\u0173 saul\u0117s spinduli\u0173. Po kiekvieno naudojimo pakuot\u0119 sandariai u\u017edaryti.<\/p>\n<p data-start=\"288\" data-end=\"332\"><strong>Koks yra \u012fdaryt\u0173 datuli\u0173 rutuliuk\u0173 skonis?<\/strong><\/p>\n<p data-start=\"334\" data-end=\"634\" data-is-last-node=\"\" data-is-only-node=\"\"><a href=\"https:\/\/bemore.ee\/lt\/toode\/idaryti-datuliu-\u2026-melynemis-100-g\/\">\u012edaryti datuli\u0173 rutuliukai su m\u0117lyn\u0117mis<\/a> turi malon\u0173 uog\u0173 skon\u012f.<br data-start=\"397\" data-end=\"400\" \/><a href=\"https:\/\/bemore.ee\/lt\/toode\/idaryti-datuliu-\u2026-ananasais-100-g\/\">\u012edaryti datuli\u0173 rutuliukai su ananasais<\/a> turi tropin\u012f ir vaisi\u0173 skon\u012f.<br data-start=\"469\" data-end=\"472\" \/><a href=\"https:\/\/bemore.ee\/lt\/toode\/idaryti-datuliu-\u2026su-mangais-100-g\/\">\u012edaryti datuli\u0173 rutuliukai su mangais<\/a> turi tropin\u012f ir vaisi\u0173 skon\u012f.<br data-start=\"539\" data-end=\"542\" \/><a href=\"https:\/\/bemore.ee\/lt\/toode\/idaryti-datuliu-\u2026dolais-ir-kakava\/\">\u012edaryti datuli\u0173 rutuliukai su migdolais ir kakava<\/a> turi rie\u0161utin\u012f ir lengvai kakavos skon\u012f.<\/p>\n","protected":false},"excerpt":{"rendered":"<p data-start=\"40\" data-end=\"141\"><strong>\u012edarytos datuli\u0173 rutuliukai su m\u0117lyn\u0117mis \u2013 tai energijos suteikiantis u\u017ekandis j\u016bs\u0173 kasdienybei<\/strong><\/p>\n<ul>\n<li data-start=\"144\" data-end=\"164\">100% nat\u016bralus<\/li>\n<li data-start=\"167\" data-end=\"190\">Veganams tinkamas<\/li>\n<li data-start=\"193\" data-end=\"209\">Be glitimo<\/li>\n<li data-start=\"212\" data-end=\"235\">Skaidul\u0173 \u0161altinis<\/li>\n<li data-start=\"238\" data-end=\"263\">4 skirtingi skoniai<\/li>\n<li data-start=\"238\" data-end=\"263\">Datuli\u0173 rutuliukuose yra sveikatai nauding\u0173 antioksidant\u0173<\/li>\n<\/ul>\n","protected":false},"featured_media":141259,"comment_status":"open","ping_status":"closed","template":"","meta":{"_acf_changed":false},"product_brand":[],"product_cat":[601,611],"product_tag":[],"class_list":{"0":"post-141258","1":"product","2":"type-product","3":"status-publish","4":"has-post-thumbnail","6":"product_cat-rinkinys","7":"product_cat-idaryti-datuliu-kamuoliukai","9":"first","10":"outofstock","11":"sale","12":"taxable","13":"shipping-taxable","14":"purchasable","15":"product-type-bundle"},"bundle_layout":"default","bundled_by":[],"bundled_items":[{"bundled_item_id":2062,"product_id":141281,"menu_order":0,"quantity_min":1,"quantity_max":1,"priced_individually":false,"shipped_individually":false,"override_title":false,"title":"\u012edaryti datuli\u0173 rutuliukai su ananasais 100 g","override_description":false,"description":"\u012edaryti datuli\u0173 rutuliukai su ananasais 100 g","optional":false,"hide_thumbnail":false,"discount":"","override_variations":false,"allowed_variations":[""],"override_default_variation_attributes":false,"default_variation_attributes":[],"single_product_visibility":"visible","cart_visibility":"visible","order_visibility":"visible","single_product_price_visibility":"visible","cart_price_visibility":"visible","order_price_visibility":"visible","stock_status":"in_stock"},{"bundled_item_id":2069,"product_id":141342,"menu_order":0,"quantity_min":1,"quantity_max":1,"priced_individually":false,"shipped_individually":false,"override_title":false,"title":"\u012edaryti datuli\u0173 rutuliukai su m\u0117lyn\u0117mis 100 g","override_description":false,"description":"\u012edaryti datuli\u0173 rutuliukai su m\u0117lyn\u0117mis 100 g","optional":false,"hide_thumbnail":false,"discount":"","override_variations":false,"allowed_variations":[""],"override_default_variation_attributes":false,"default_variation_attributes":[],"single_product_visibility":"visible","cart_visibility":"visible","order_visibility":"visible","single_product_price_visibility":"visible","cart_price_visibility":"visible","order_price_visibility":"visible","stock_status":"out_of_stock"},{"bundled_item_id":2070,"product_id":141327,"menu_order":1,"quantity_min":1,"quantity_max":1,"priced_individually":false,"shipped_individually":false,"override_title":false,"title":"\u012edaryti datuli\u0173 rutuliukai su migdolais ir kakava 100 g","override_description":false,"description":"\u012edaryti datuli\u0173 rutuliukai su migdolais ir kakava 100 g","optional":false,"hide_thumbnail":false,"discount":"","override_variations":false,"allowed_variations":[""],"override_default_variation_attributes":false,"default_variation_attributes":[],"single_product_visibility":"visible","cart_visibility":"visible","order_visibility":"visible","single_product_price_visibility":"visible","cart_price_visibility":"visible","order_price_visibility":"visible","stock_status":"in_stock"},{"bundled_item_id":2071,"product_id":141311,"menu_order":2,"quantity_min":1,"quantity_max":1,"priced_individually":false,"shipped_individually":false,"override_title":false,"title":"\u012edaryti datuli\u0173 rutuliukai su mangais 100 g","override_description":false,"description":"\u012edaryti datuli\u0173 rutuliukai su mangais 100 g","optional":false,"hide_thumbnail":false,"discount":"","override_variations":false,"allowed_variations":[""],"override_default_variation_attributes":false,"default_variation_attributes":[],"single_product_visibility":"visible","cart_visibility":"visible","order_visibility":"visible","single_product_price_visibility":"visible","cart_price_visibility":"visible","order_price_visibility":"visible","stock_status":"in_stock"}],"acf":[],"_links":{"self":[{"href":"https:\/\/bemore.ee\/lt\/wp-json\/wp\/v2\/product\/141258","targetHints":{"allow":["GET"]}}],"collection":[{"href":"https:\/\/bemore.ee\/lt\/wp-json\/wp\/v2\/product"}],"about":[{"href":"https:\/\/bemore.ee\/lt\/wp-json\/wp\/v2\/types\/product"}],"replies":[{"embeddable":true,"href":"https:\/\/bemore.ee\/lt\/wp-json\/wp\/v2\/comments?post=141258"}],"wp:featuredmedia":[{"embeddable":true,"href":"https:\/\/bemore.ee\/lt\/wp-json\/wp\/v2\/media\/141259"}],"wp:attachment":[{"href":"https:\/\/bemore.ee\/lt\/wp-json\/wp\/v2\/media?parent=141258"}],"wp:term":[{"taxonomy":"product_brand","embeddable":true,"href":"https:\/\/bemore.ee\/lt\/wp-json\/wp\/v2\/product_brand?post=141258"},{"taxonomy":"product_cat","embeddable":true,"href":"https:\/\/bemore.ee\/lt\/wp-json\/wp\/v2\/product_cat?post=141258"},{"taxonomy":"product_tag","embeddable":true,"href":"https:\/\/bemore.ee\/lt\/wp-json\/wp\/v2\/product_tag?post=141258"}],"curies":[{"name":"wp","href":"https:\/\/api.w.org\/{rel}","templated":true}]}}