{"id":141181,"date":"2025-03-24T07:37:21","date_gmt":"2025-03-24T05:37:21","guid":{"rendered":"https:\/\/bemore.ee\/?post_type=product&#038;p=141181"},"modified":"2026-03-08T20:25:07","modified_gmt":"2026-03-08T18:25:07","slug":"melynoji-spirulina","status":"publish","type":"product","link":"https:\/\/bemore.ee\/lt\/toode\/melynoji-spirulina\/","title":{"rendered":"M\u0117lynoji spirulina"},"content":{"rendered":"<p>M\u0117lynoji spirulina \u2013 tai nat\u016bral\u016bs m\u0117lynai \u017eali dumbliai, kuriuose yra stiprus antioksidantas pigmentas fikocianinas, suteikiantis ry\u0161ki\u0105 m\u0117lyn\u0105 spalv\u0105. Tai visi\u0161kai nat\u016bralus supermaistas, kuriame gausu B grup\u0117s vitamin\u0173, mineral\u0173 (gele\u017eies) ir aminor\u016bg\u0161\u010di\u0173 (baltym\u0173), svarbi\u0173 organizmui. Fikocianinas taip pat gali pad\u0117ti kepenims pa\u0161alinti toksinus i\u0161 organizmo. Be fikocianino, m\u0117lynoji spirulina turi \u012fvairi\u0173 aminor\u016bg\u0161\u010di\u0173, kurios svarbios organizmo baltym\u0173 sintezei ir raumen\u0173 atsigavimui.<\/p>\n<p>Da\u017enai naudojama kaip nat\u016bralus maisto da\u017eiklis kokteiliuose, desertuose ir g\u0117rimuose \u2013 m\u0117lynoji spirulina suteikia patiekalams patraukli\u0105 m\u0117lyn\u0105 arba turkio spalv\u0105 bei kartu stiprina sveikat\u0105.<\/p>\n<p>Skirtingai nei \u017ealia spirulina, m\u0117lynoji spirulina neturi chlorofilo, tod\u0117l jos skonis ir kvapas yra neutral\u016bs. Ji puikiai tinka \u012fvairiam maistui ir g\u0117rimams praturtinti. D\u0117l savo sud\u0117ties m\u0117lynoji spirulina lengvai vir\u0161kinama ir idealiai tinka tiems, kurie nori papildyti savo mityb\u0105 nat\u016braliais antioksidantais ir maistin\u0117mis med\u017eiagomis, nesibaiminant stipraus dumbli\u0173 skonio ar kvapo.<\/p>\n<p><strong>Sud\u0117tis:<\/strong> m\u0117lynoji spirulina (Spirulina platensis).<\/p>\n<p><strong>Vartojimas:<\/strong><\/p>\n<p data-start=\"40\" data-end=\"135\">\u012ed\u0117kite 1 arbatin\u012f \u0161auk\u0161tel\u012f m\u0117lynosios spirulinos \u012f savo kokteil\u012f ar kit\u0105 maist\u0105\/g\u0117rim\u0105.<\/p>\n<p data-start=\"138\" data-end=\"208\">Pastaba! N\u0117\u0161tumo ar \u017eindymo laikotarpiu pasitarkite su gydytoju.<\/p>\n<p data-start=\"138\" data-end=\"208\"><strong>Laikymo s\u0105lygos:<\/strong> laikyti v\u0117sioje, sausoje vietoje, atokiau nuo tiesiogini\u0173 saul\u0117s spinduli\u0173. Po naudojimo pakuot\u0119 sandariai u\u017edaryti.<\/p>\n<p><strong>Koks yra m\u0117lynosios spirulinos skonis?<\/strong><\/p>\n<p>M\u0117lynoji spirulina neturi stipraus dumbli\u0173 skonio, gali b\u016bti vos juntamai kartoka. Sumai\u0161ius j\u0105 su kitais ingredientais, pavyzd\u017eiui, vaisiais ar kokteiliais, jos skonis paprastai beveik nejuntamas, ta\u010diau ji vis tiek praturtina patiekalus spalva ir maistin\u0117mis med\u017eiagomis.<\/p>\n","protected":false},"excerpt":{"rendered":"<p data-pm-slice=\"1 1 []\">M\u0117lynoji spirulina \u2013 nat\u016bralus supermaistas j\u016bs\u0173 sveikatai!<\/p>\n<ul>\n<li>100% nat\u016bralus<\/li>\n<li>Veganams tinkamas<\/li>\n<li>Gausu antioksidant\u0173 ir fikocianino<\/li>\n<li>Padeda palaikyti imunitet\u0105 ir energijos lyg\u012f<\/li>\n<li>Puikus priedas kokteiliui<\/li>\n<li>\u0160velnus skonis<\/li>\n<\/ul>\n","protected":false},"featured_media":141216,"comment_status":"open","ping_status":"closed","template":"","meta":{"_acf_changed":false},"product_brand":[],"product_cat":[606],"product_tag":[],"class_list":{"0":"post-141181","1":"product","2":"type-product","3":"status-publish","4":"has-post-thumbnail","6":"product_cat-supermaistas","8":"first","9":"outofstock","10":"taxable","11":"shipping-taxable","12":"purchasable","13":"product-type-simple"},"bundle_layout":"","bundled_by":[],"bundled_items":[],"acf":[],"_links":{"self":[{"href":"https:\/\/bemore.ee\/lt\/wp-json\/wp\/v2\/product\/141181","targetHints":{"allow":["GET"]}}],"collection":[{"href":"https:\/\/bemore.ee\/lt\/wp-json\/wp\/v2\/product"}],"about":[{"href":"https:\/\/bemore.ee\/lt\/wp-json\/wp\/v2\/types\/product"}],"replies":[{"embeddable":true,"href":"https:\/\/bemore.ee\/lt\/wp-json\/wp\/v2\/comments?post=141181"}],"wp:featuredmedia":[{"embeddable":true,"href":"https:\/\/bemore.ee\/lt\/wp-json\/wp\/v2\/media\/141216"}],"wp:attachment":[{"href":"https:\/\/bemore.ee\/lt\/wp-json\/wp\/v2\/media?parent=141181"}],"wp:term":[{"taxonomy":"product_brand","embeddable":true,"href":"https:\/\/bemore.ee\/lt\/wp-json\/wp\/v2\/product_brand?post=141181"},{"taxonomy":"product_cat","embeddable":true,"href":"https:\/\/bemore.ee\/lt\/wp-json\/wp\/v2\/product_cat?post=141181"},{"taxonomy":"product_tag","embeddable":true,"href":"https:\/\/bemore.ee\/lt\/wp-json\/wp\/v2\/product_tag?post=141181"}],"curies":[{"name":"wp","href":"https:\/\/api.w.org\/{rel}","templated":true}]}}