{"id":141178,"date":"2025-08-21T08:10:19","date_gmt":"2025-08-21T05:10:19","guid":{"rendered":"https:\/\/bemore.ee\/?post_type=product&#038;p=141178"},"modified":"2025-09-09T09:38:08","modified_gmt":"2025-09-09T06:38:08","slug":"liuto-karciu-lions-mane-grybu-ekstrakto-milteliai","status":"publish","type":"product","link":"https:\/\/bemore.ee\/lt\/toode\/liuto-karciu-lions-mane-grybu-ekstrakto-milteliai\/","title":{"rendered":"Li\u016bto kar\u010di\u0173 (Lion\u2019s Mane) gryb\u0173 ekstrakto milteliai"},"content":{"rendered":"<p data-start=\"56\" data-end=\"97\"><strong data-start=\"56\" data-end=\"95\">Atraskite \u201ei\u0161mintingo grybo\u201c gali\u0105!<\/strong><\/p>\n<p data-start=\"99\" data-end=\"433\">Li\u016bto kar\u010di\u0173 grybas (Hericium erinaceus) \u0161imtme\u010dius vertinamas d\u0117l savo nat\u016bralaus geb\u0117jimo palaikyti susikaupim\u0105, proto ai\u0161kum\u0105 ir atmint\u012f. \u0160ie 100 % nat\u016bral\u016bs ir veganams tinkami gryb\u0173 ekstrakto milteliai yra puikus b\u016bdas \u012f kasdien\u012f gyvenim\u0105 \u012fne\u0161ti daugiau ai\u0161kumo ir susikaupimo \u2013 tiek darbui, tiek mokslams ar k\u016brybinei veiklai.<\/p>\n<p data-start=\"435\" data-end=\"461\"><strong data-start=\"435\" data-end=\"459\">Kod\u0117l Li\u016bto kar\u010diai?<\/strong><\/p>\n<p data-start=\"463\" data-end=\"661\">Li\u016bto kar\u010diai yra gerai \u017einomas adaptogeninis grybas, naudojamas tradicin\u0117je medicinoje tiek Rytuose, tiek Vakaruose. Tai idealus pasirinkimas norintiems palaikyti nat\u016brali\u0105 nerv\u0173 sistemos veikl\u0105.<\/p>\n<p data-start=\"663\" data-end=\"714\"><strong data-start=\"663\" data-end=\"712\">Li\u016bto kar\u010di\u0173 gryb\u0173 ekstrakto milteliai tinka:<\/strong><\/p>\n<ul data-start=\"715\" data-end=\"881\">\n<li data-start=\"715\" data-end=\"727\">\n<p data-start=\"717\" data-end=\"727\">Veganams<\/p>\n<\/li>\n<li data-start=\"728\" data-end=\"809\">\n<p data-start=\"730\" data-end=\"809\">Visiems suaugusiesiems, norintiems palaikyti smegen\u0173 ir nerv\u0173 sistemos veikl\u0105<\/p>\n<\/li>\n<li data-start=\"810\" data-end=\"881\">\n<p data-start=\"812\" data-end=\"881\">Visiems suaugusiesiems, norintiems pagerinti susikaupim\u0105 ir atmint\u012f<\/p>\n<\/li>\n<\/ul>\n<p><strong>Sud\u0117tis:<\/strong> 100 % Li\u016bto kar\u010di\u0173 (<em>Hericium erinaceus (Bull.) Pers.<\/em>) gryb\u0173 milteliai.<\/p>\n<p>\u201eProtinguoju grybu\u201c vadinami Li\u016bto kar\u010diai yra vertinami d\u0117l savo nat\u016bralios savyb\u0117s palaikyti susikaupim\u0105, proto a\u0161trum\u0105 ir atmint\u012f. Tradici\u0161kai \u0161ie grybai yra naudojami protui ir nerv\u0173 sistemai stiprinti, tod\u0117l puikiai papildo kasdien\u0119 sveikatingumo rutin\u0105.<\/p>\n<p><strong>Vartojimas:<\/strong> \u012fmai\u0161ykite po 1 arbatin\u012f \u0161auk\u0161tel\u012f kasdien \u012f m\u0117gstamus \u0161iltus g\u0117rimus, kokteilius, sriubas ar patiekalus.<\/p>\n<p><em>Tai n\u0117ra medicininis produktas. Jei laukiat\u0117s, maitinate k\u016bdik\u012f, vartojate vaistus ar turite sveikatos sutrikim\u0173, prie\u0161 vartodami \u0161\u012f produkt\u0105 pasitarkite su gydytoju. Laikyti vaikams nepasiekiamoje vietoje. <\/em><\/p>\n<p><strong>Laikymo s\u0105lygos:<\/strong> laikyti v\u0117sioje, sausoje vietoje, atokiau nuo tiesiogini\u0173 saul\u0117s spinduli\u0173. Po naudojimo pakuot\u0119 sandariai u\u017edaryti.<\/p>\n","protected":false},"excerpt":{"rendered":"<ul>\n<li data-start=\"40\" data-end=\"60\">100% nat\u016bralus<\/li>\n<li data-start=\"40\" data-end=\"60\">Veganams tinkamas<\/li>\n<li data-start=\"89\" data-end=\"104\">Be pried\u0173<\/li>\n<li data-start=\"107\" data-end=\"158\">Palaiko susikaupim\u0105, proto ai\u0161kum\u0105 ir atmint\u012f<\/li>\n<\/ul>\n","protected":false},"featured_media":141210,"comment_status":"open","ping_status":"closed","template":"","meta":{"_acf_changed":false},"product_brand":[],"product_cat":[593],"product_tag":[],"class_list":{"0":"post-141178","1":"product","2":"type-product","3":"status-publish","4":"has-post-thumbnail","6":"product_cat-toidulisandid-lt","8":"first","9":"instock","10":"taxable","11":"shipping-taxable","12":"purchasable","13":"product-type-simple"},"bundle_layout":"","bundled_by":[],"bundled_items":[],"acf":[],"yoast_head":"<!-- This site is optimized with the Yoast SEO plugin v27.5 - https:\/\/yoast.com\/product\/yoast-seo-wordpress\/ -->\n<title>Li\u016bto kar\u010di\u0173 (Lion\u2019s Mane) gryb\u0173 ekstrakto milteliai - Be More<\/title>\n<meta name=\"description\" content=\"Atraskite \u201ei\u0161mintingo grybo\u201c gali\u0105!Li\u016bto kar\u010di\u0173 grybas (Hericium erinaceus) \u0161imtme\u010dius vertinamas d\u0117l savo nat\u016bralaus geb\u0117jimo palaikyti susikaupim\u0105, proto ai\u0161kum\u0105 ir atmint\u012f.\" \/>\n<meta name=\"robots\" content=\"index, follow, max-snippet:-1, max-image-preview:large, max-video-preview:-1\" \/>\n<link rel=\"canonical\" href=\"https:\/\/bemore.ee\/lt\/toode\/liuto-karciu-lions-mane-grybu-ekstrakto-milteliai\/\" \/>\n<meta property=\"og:locale\" content=\"lt_LT\" \/>\n<meta property=\"og:type\" content=\"article\" \/>\n<meta property=\"og:title\" content=\"Li\u016bto kar\u010di\u0173 (Lion\u2019s Mane) gryb\u0173 ekstrakto milteliai - Be More\" \/>\n<meta property=\"og:description\" content=\"Atraskite \u201ei\u0161mintingo grybo\u201c gali\u0105!Li\u016bto kar\u010di\u0173 grybas (Hericium erinaceus) \u0161imtme\u010dius vertinamas d\u0117l savo nat\u016bralaus geb\u0117jimo palaikyti susikaupim\u0105, proto ai\u0161kum\u0105 ir atmint\u012f.\" \/>\n<meta property=\"og:url\" content=\"https:\/\/bemore.ee\/lt\/toode\/liuto-karciu-lions-mane-grybu-ekstrakto-milteliai\/\" \/>\n<meta property=\"og:site_name\" content=\"Be More\" \/>\n<meta property=\"article:modified_time\" content=\"2025-09-09T06:38:08+00:00\" \/>\n<meta property=\"og:image\" content=\"https:\/\/bemore.ee\/wp-content\/uploads\/2025\/08\/bemore_lions-mane-powder_simulatsioon_taustata-1-scaled.png\" \/>\n\t<meta property=\"og:image:width\" content=\"2560\" \/>\n\t<meta property=\"og:image:height\" content=\"2560\" \/>\n\t<meta property=\"og:image:type\" content=\"image\/png\" \/>\n<meta name=\"twitter:card\" content=\"summary_large_image\" \/>\n<meta name=\"twitter:label1\" content=\"Est. reading time\" \/>\n\t<meta name=\"twitter:data1\" content=\"2 minut\u0117\" \/>\n<script type=\"application\/ld+json\" class=\"yoast-schema-graph\">{\"@context\":\"https:\\\/\\\/schema.org\",\"@graph\":[{\"@type\":\"WebPage\",\"@id\":\"https:\\\/\\\/bemore.ee\\\/lt\\\/toode\\\/liuto-karciu-lions-mane-grybu-ekstrakto-milteliai\\\/\",\"url\":\"https:\\\/\\\/bemore.ee\\\/lt\\\/toode\\\/liuto-karciu-lions-mane-grybu-ekstrakto-milteliai\\\/\",\"name\":\"Li\u016bto kar\u010di\u0173 (Lion\u2019s Mane) gryb\u0173 ekstrakto milteliai - Be More\",\"isPartOf\":{\"@id\":\"https:\\\/\\\/bemore.ee\\\/#website\"},\"primaryImageOfPage\":{\"@id\":\"https:\\\/\\\/bemore.ee\\\/lt\\\/toode\\\/liuto-karciu-lions-mane-grybu-ekstrakto-milteliai\\\/#primaryimage\"},\"image\":{\"@id\":\"https:\\\/\\\/bemore.ee\\\/lt\\\/toode\\\/liuto-karciu-lions-mane-grybu-ekstrakto-milteliai\\\/#primaryimage\"},\"thumbnailUrl\":\"https:\\\/\\\/bemore.ee\\\/wp-content\\\/uploads\\\/2025\\\/08\\\/bemore_lions-mane-powder_simulatsioon_taustata-1-scaled.png\",\"datePublished\":\"2025-08-21T05:10:19+00:00\",\"dateModified\":\"2025-09-09T06:38:08+00:00\",\"description\":\"Atraskite \u201ei\u0161mintingo grybo\u201c gali\u0105!Li\u016bto kar\u010di\u0173 grybas (Hericium erinaceus) \u0161imtme\u010dius vertinamas d\u0117l savo nat\u016bralaus geb\u0117jimo palaikyti susikaupim\u0105, proto ai\u0161kum\u0105 ir atmint\u012f.\",\"breadcrumb\":{\"@id\":\"https:\\\/\\\/bemore.ee\\\/lt\\\/toode\\\/liuto-karciu-lions-mane-grybu-ekstrakto-milteliai\\\/#breadcrumb\"},\"inLanguage\":\"lt-LT\",\"potentialAction\":[{\"@type\":\"ReadAction\",\"target\":[\"https:\\\/\\\/bemore.ee\\\/lt\\\/toode\\\/liuto-karciu-lions-mane-grybu-ekstrakto-milteliai\\\/\"]}]},{\"@type\":\"ImageObject\",\"inLanguage\":\"lt-LT\",\"@id\":\"https:\\\/\\\/bemore.ee\\\/lt\\\/toode\\\/liuto-karciu-lions-mane-grybu-ekstrakto-milteliai\\\/#primaryimage\",\"url\":\"https:\\\/\\\/bemore.ee\\\/wp-content\\\/uploads\\\/2025\\\/08\\\/bemore_lions-mane-powder_simulatsioon_taustata-1-scaled.png\",\"contentUrl\":\"https:\\\/\\\/bemore.ee\\\/wp-content\\\/uploads\\\/2025\\\/08\\\/bemore_lions-mane-powder_simulatsioon_taustata-1-scaled.png\",\"width\":2560,\"height\":2560},{\"@type\":\"BreadcrumbList\",\"@id\":\"https:\\\/\\\/bemore.ee\\\/lt\\\/toode\\\/liuto-karciu-lions-mane-grybu-ekstrakto-milteliai\\\/#breadcrumb\",\"itemListElement\":[{\"@type\":\"ListItem\",\"position\":1,\"name\":\"El. parduotuv\u0117\",\"item\":\"https:\\\/\\\/bemore.ee\\\/lt\\\/el-parduotuve\\\/\"},{\"@type\":\"ListItem\",\"position\":2,\"name\":\"Li\u016bto kar\u010di\u0173 (Lion\u2019s Mane) gryb\u0173 ekstrakto milteliai\"}]},{\"@type\":\"WebSite\",\"@id\":\"https:\\\/\\\/bemore.ee\\\/#website\",\"url\":\"https:\\\/\\\/bemore.ee\\\/\",\"name\":\"Be More\",\"description\":\"Supertoidud Sinu igap&auml;evaellu!\",\"potentialAction\":[{\"@type\":\"SearchAction\",\"target\":{\"@type\":\"EntryPoint\",\"urlTemplate\":\"https:\\\/\\\/bemore.ee\\\/?s={search_term_string}\"},\"query-input\":{\"@type\":\"PropertyValueSpecification\",\"valueRequired\":true,\"valueName\":\"search_term_string\"}}],\"inLanguage\":\"lt-LT\"}]}<\/script>\n<!-- \/ Yoast SEO plugin. -->","yoast_head_json":{"title":"Li\u016bto kar\u010di\u0173 (Lion\u2019s Mane) gryb\u0173 ekstrakto milteliai - Be More","description":"Atraskite \u201ei\u0161mintingo grybo\u201c gali\u0105!Li\u016bto kar\u010di\u0173 grybas (Hericium erinaceus) \u0161imtme\u010dius vertinamas d\u0117l savo nat\u016bralaus geb\u0117jimo palaikyti susikaupim\u0105, proto ai\u0161kum\u0105 ir atmint\u012f.","robots":{"index":"index","follow":"follow","max-snippet":"max-snippet:-1","max-image-preview":"max-image-preview:large","max-video-preview":"max-video-preview:-1"},"canonical":"https:\/\/bemore.ee\/lt\/toode\/liuto-karciu-lions-mane-grybu-ekstrakto-milteliai\/","og_locale":"lt_LT","og_type":"article","og_title":"Li\u016bto kar\u010di\u0173 (Lion\u2019s Mane) gryb\u0173 ekstrakto milteliai - Be More","og_description":"Atraskite \u201ei\u0161mintingo grybo\u201c gali\u0105!Li\u016bto kar\u010di\u0173 grybas (Hericium erinaceus) \u0161imtme\u010dius vertinamas d\u0117l savo nat\u016bralaus geb\u0117jimo palaikyti susikaupim\u0105, proto ai\u0161kum\u0105 ir atmint\u012f.","og_url":"https:\/\/bemore.ee\/lt\/toode\/liuto-karciu-lions-mane-grybu-ekstrakto-milteliai\/","og_site_name":"Be More","article_modified_time":"2025-09-09T06:38:08+00:00","og_image":[{"width":2560,"height":2560,"url":"https:\/\/bemore.ee\/wp-content\/uploads\/2025\/08\/bemore_lions-mane-powder_simulatsioon_taustata-1-scaled.png","type":"image\/png"}],"twitter_card":"summary_large_image","twitter_misc":{"Est. reading time":"2 minut\u0117"},"schema":{"@context":"https:\/\/schema.org","@graph":[{"@type":"WebPage","@id":"https:\/\/bemore.ee\/lt\/toode\/liuto-karciu-lions-mane-grybu-ekstrakto-milteliai\/","url":"https:\/\/bemore.ee\/lt\/toode\/liuto-karciu-lions-mane-grybu-ekstrakto-milteliai\/","name":"Li\u016bto kar\u010di\u0173 (Lion\u2019s Mane) gryb\u0173 ekstrakto milteliai - Be More","isPartOf":{"@id":"https:\/\/bemore.ee\/#website"},"primaryImageOfPage":{"@id":"https:\/\/bemore.ee\/lt\/toode\/liuto-karciu-lions-mane-grybu-ekstrakto-milteliai\/#primaryimage"},"image":{"@id":"https:\/\/bemore.ee\/lt\/toode\/liuto-karciu-lions-mane-grybu-ekstrakto-milteliai\/#primaryimage"},"thumbnailUrl":"https:\/\/bemore.ee\/wp-content\/uploads\/2025\/08\/bemore_lions-mane-powder_simulatsioon_taustata-1-scaled.png","datePublished":"2025-08-21T05:10:19+00:00","dateModified":"2025-09-09T06:38:08+00:00","description":"Atraskite \u201ei\u0161mintingo grybo\u201c gali\u0105!Li\u016bto kar\u010di\u0173 grybas (Hericium erinaceus) \u0161imtme\u010dius vertinamas d\u0117l savo nat\u016bralaus geb\u0117jimo palaikyti susikaupim\u0105, proto ai\u0161kum\u0105 ir atmint\u012f.","breadcrumb":{"@id":"https:\/\/bemore.ee\/lt\/toode\/liuto-karciu-lions-mane-grybu-ekstrakto-milteliai\/#breadcrumb"},"inLanguage":"lt-LT","potentialAction":[{"@type":"ReadAction","target":["https:\/\/bemore.ee\/lt\/toode\/liuto-karciu-lions-mane-grybu-ekstrakto-milteliai\/"]}]},{"@type":"ImageObject","inLanguage":"lt-LT","@id":"https:\/\/bemore.ee\/lt\/toode\/liuto-karciu-lions-mane-grybu-ekstrakto-milteliai\/#primaryimage","url":"https:\/\/bemore.ee\/wp-content\/uploads\/2025\/08\/bemore_lions-mane-powder_simulatsioon_taustata-1-scaled.png","contentUrl":"https:\/\/bemore.ee\/wp-content\/uploads\/2025\/08\/bemore_lions-mane-powder_simulatsioon_taustata-1-scaled.png","width":2560,"height":2560},{"@type":"BreadcrumbList","@id":"https:\/\/bemore.ee\/lt\/toode\/liuto-karciu-lions-mane-grybu-ekstrakto-milteliai\/#breadcrumb","itemListElement":[{"@type":"ListItem","position":1,"name":"El. parduotuv\u0117","item":"https:\/\/bemore.ee\/lt\/el-parduotuve\/"},{"@type":"ListItem","position":2,"name":"Li\u016bto kar\u010di\u0173 (Lion\u2019s Mane) gryb\u0173 ekstrakto milteliai"}]},{"@type":"WebSite","@id":"https:\/\/bemore.ee\/#website","url":"https:\/\/bemore.ee\/","name":"Be More","description":"Supertoidud Sinu igap&auml;evaellu!","potentialAction":[{"@type":"SearchAction","target":{"@type":"EntryPoint","urlTemplate":"https:\/\/bemore.ee\/?s={search_term_string}"},"query-input":{"@type":"PropertyValueSpecification","valueRequired":true,"valueName":"search_term_string"}}],"inLanguage":"lt-LT"}]}},"_links":{"self":[{"href":"https:\/\/bemore.ee\/lt\/wp-json\/wp\/v2\/product\/141178","targetHints":{"allow":["GET"]}}],"collection":[{"href":"https:\/\/bemore.ee\/lt\/wp-json\/wp\/v2\/product"}],"about":[{"href":"https:\/\/bemore.ee\/lt\/wp-json\/wp\/v2\/types\/product"}],"replies":[{"embeddable":true,"href":"https:\/\/bemore.ee\/lt\/wp-json\/wp\/v2\/comments?post=141178"}],"wp:featuredmedia":[{"embeddable":true,"href":"https:\/\/bemore.ee\/lt\/wp-json\/wp\/v2\/media\/141210"}],"wp:attachment":[{"href":"https:\/\/bemore.ee\/lt\/wp-json\/wp\/v2\/media?parent=141178"}],"wp:term":[{"taxonomy":"product_brand","embeddable":true,"href":"https:\/\/bemore.ee\/lt\/wp-json\/wp\/v2\/product_brand?post=141178"},{"taxonomy":"product_cat","embeddable":true,"href":"https:\/\/bemore.ee\/lt\/wp-json\/wp\/v2\/product_cat?post=141178"},{"taxonomy":"product_tag","embeddable":true,"href":"https:\/\/bemore.ee\/lt\/wp-json\/wp\/v2\/product_tag?post=141178"}],"curies":[{"name":"wp","href":"https:\/\/api.w.org\/{rel}","templated":true}]}}