{"id":141176,"date":"2025-08-21T08:10:23","date_gmt":"2025-08-21T05:10:23","guid":{"rendered":"https:\/\/bemore.ee\/?post_type=product&#038;p=141176"},"modified":"2025-09-09T09:29:41","modified_gmt":"2025-09-09T06:29:41","slug":"rausvuju-pitaju-milteliai","status":"publish","type":"product","link":"https:\/\/bemore.ee\/lt\/toode\/rausvuju-pitaju-milteliai\/","title":{"rendered":"Rausv\u0173j\u0173 pitaj\u0173 milteliai"},"content":{"rendered":"<p data-start=\"41\" data-end=\"314\">Ro\u017ein\u0117 pitaja (drakono vaisius) yra atogr\u0105\u017e\u0173 supervaisius, gars\u0117jantis ry\u0161kia ro\u017eine spalva ir maistingumu. Liofilizacijos procesas i\u0161saugo \u0161vie\u017eio vaisiaus skon\u012f, spalv\u0105 ir nauding\u0105sias savybes, si\u016blydamas patogi\u0105 ir ilgai i\u0161silaikan\u010di\u0105 alternatyv\u0105 \u0161vie\u017eiam vaisiui.<\/p>\n<p data-start=\"316\" data-end=\"627\"><strong data-start=\"316\" data-end=\"352\">Ro\u017ein\u0117s pitajos milteliai tinka:<\/strong><br data-start=\"352\" data-end=\"355\" \/>\u2013 vaikams<br data-start=\"364\" data-end=\"367\" \/>\u2013 veganams ir vegetarams<br data-start=\"391\" data-end=\"394\" \/>\u2013 norintiems padidinti antioksidant\u0173 ir vitamino C suvartojim\u0105<br data-start=\"456\" data-end=\"459\" data-is-only-node=\"\" \/>\u2013 maisto tinklara\u0161tininkams ir turinio k\u016br\u0117jams, ie\u0161kantiems vizualiai \u012fsp\u016bding\u0173 ingredient\u0173<br data-start=\"551\" data-end=\"554\" \/>\u2013 visiems, kurie nori suteikti savo patiekalams tropin\u012f skon\u012f ir spalv\u0105<\/p>\n<p><strong>Sud\u0117tis:<\/strong> 100 % liofilizuoti rausv\u0173j\u0173 pitaj\u0173 (drakono vaisi\u0173) milteliai.<\/p>\n<p><strong>Vartojimas:<\/strong> \u012fberkite 1\u20132 arbatinius \u0161auk\u0161telius milteli\u0173 \u012f m\u0117gstamus g\u0117rimus, kokteilius, avi\u017ein\u0119 ko\u0161\u0119 ar desertus. Gerai i\u0161mai\u0161ykite.<\/p>\n<p><strong>Laikymo s\u0105lygos:<\/strong> laikyti v\u0117sioje, sausoje vietoje, atokiau nuo tiesiogini\u0173 saul\u0117s spinduli\u0173. Po naudojimo pakuot\u0119 sandariai u\u017edaryti.<\/p>\n<div id=\"tw-container\" class=\"nev7se\" data-cp=\"1\" data-nnttsvi=\"1\" data-sletp=\"false\" data-sm=\"1\" data-ssbp=\"false\" data-sugg-time=\"500\" data-sugg-url=\"https:\/\/clients1.google.com\/complete\/search\" data-uilc=\"et\" data-vil=\",af,af-ZA,am,am-ET,ar-EG,ar-AE,ar-KW,ar-QA,ar,ar-IL,ar-JO,ar-LB,ar-PS,az,az-AZ,bg,bg-BG,bn,bn-BD,bn-IN,ca,ca-es,cs,cs-CZ,de,de-DE,de-CH,de-AT,de-LI,en,en-US,en-CA,en-AU,en-NZ,en-GB,en-IN,en-KE,en-TZ,en-NG,en-GH,en-PH,en-ZA,es,es-ES,es-AR,es-UY,es-419,es-BO,es-CL,es-CR,es-CO,es-DO,es-EC,es-GT,es-HN,es-NI,es-PA,es-PE,es-PR,es-PY,es-SV,es-VE,es-MX,es-US,eu,eu-ES,fi,fi-FI,fr,fr-FR,fr-CH,fr-BE,gl,gl-ES,gu,gu-IN,he,he-IL,iw,iw-IL,hu,hu-HU,hy,hy-AM,id,id-ID,is,is-IS,it,it-IT,it-CH,ja,ja-JP,jv,jv-ID,ka,ka-GE,km,km-KH,kn,kn-IN,ko,ko-KR,la,lo,lo-LA,lv,lv-LV,ml,ml-IN,mr,mr-IN,ms,ms-MY,nl,nl-NL,nb,nb-NO,ne,ne-NP,pl,pl-PL,pt,pt-BR,pt-PT,ro,ro-RO,ru,ru-RU,si-LK,sk,sk-SK,sr,sr-RS,su,su-ID,sv,sv-SE,sw,sw-TZ,sw-KE,ta,ta-IN,ta-SG,ta-LK,ta-MY,te,te-IN,tr,tr-TR,ur,ur-PK,ur-IN,yue,yue-HK,yue-Hant-HK,zh-HK,zh,zh-CN,zh-cmn,zh-cmn-CN,zh-Hans,zh-Hans-CN,zh-cmn-Hans,zh-cmn-Hans-CN,cmn-CN,cmn-Hans,cmn-Hans-CN,zh-TW,zh-Hant-TW,cmn-TW,cmn-Hant-TW,zh-cmn-TW,zh-cmn-Hant-TW,zu,zu-ZA,hi,hi-IN,tl,tl-PH,pa,pa-IN\">\n<div>\n<div><strong>Kok\u012f skon\u012f turi \u0161is produktas?<\/strong><\/div>\n<div>Ro\u017ein\u0117s pitajos milteliai turi \u0161veln\u0173, lengvai sald\u0173 tropin\u012f skon\u012f, primenant\u012f kivio ir kriau\u0161\u0117s derin\u012f. Jie puikiai dera su kokteiliais, jogurtais, ko\u0161e ar desertais, suteikdami \u0161vie\u017ei\u0105 ir egzoti\u0161k\u0105 nat\u0105.<\/div>\n<\/div>\n<\/div>\n<div class=\"KFFQ0c xKf9F\"><\/div>\n","protected":false},"excerpt":{"rendered":"<ul>\n<li data-start=\"43\" data-end=\"65\">\n<p data-start=\"45\" data-end=\"65\">100% nat\u016bralus<\/p>\n<\/li>\n<li data-start=\"43\" data-end=\"65\">\n<p data-start=\"45\" data-end=\"65\">Veganams tinkamas<\/p>\n<\/li>\n<li data-start=\"92\" data-end=\"133\">\n<p data-start=\"94\" data-end=\"133\">Gausu vitamino C ir antioksidant\u0173<\/p>\n<\/li>\n<li data-start=\"134\" data-end=\"191\">\n<p data-start=\"136\" data-end=\"191\">Suteikia maistui ir g\u0117rimams ry\u0161ki\u0105 ro\u017ein\u0119 spalv\u0105<\/p>\n<\/li>\n<li data-start=\"192\" data-end=\"249\">\n<p data-start=\"194\" data-end=\"249\">Tinka tiek saldiems, tiek pikanti\u0161kiems receptams<\/p>\n<\/li>\n<li data-start=\"250\" data-end=\"296\">\n<p data-start=\"252\" data-end=\"296\">Be prid\u0117to cukraus ir dirbtini\u0173 pried\u0173<\/p>\n<\/li>\n<\/ul>\n","protected":false},"featured_media":141207,"comment_status":"open","ping_status":"closed","template":"","meta":{"_acf_changed":false},"product_brand":[],"product_cat":[606],"product_tag":[],"class_list":{"0":"post-141176","1":"product","2":"type-product","3":"status-publish","4":"has-post-thumbnail","6":"product_cat-supermaistas","8":"first","9":"instock","10":"taxable","11":"shipping-taxable","12":"purchasable","13":"product-type-simple"},"bundle_layout":"","bundled_by":[],"bundled_items":[],"acf":[],"_links":{"self":[{"href":"https:\/\/bemore.ee\/lt\/wp-json\/wp\/v2\/product\/141176","targetHints":{"allow":["GET"]}}],"collection":[{"href":"https:\/\/bemore.ee\/lt\/wp-json\/wp\/v2\/product"}],"about":[{"href":"https:\/\/bemore.ee\/lt\/wp-json\/wp\/v2\/types\/product"}],"replies":[{"embeddable":true,"href":"https:\/\/bemore.ee\/lt\/wp-json\/wp\/v2\/comments?post=141176"}],"wp:featuredmedia":[{"embeddable":true,"href":"https:\/\/bemore.ee\/lt\/wp-json\/wp\/v2\/media\/141207"}],"wp:attachment":[{"href":"https:\/\/bemore.ee\/lt\/wp-json\/wp\/v2\/media?parent=141176"}],"wp:term":[{"taxonomy":"product_brand","embeddable":true,"href":"https:\/\/bemore.ee\/lt\/wp-json\/wp\/v2\/product_brand?post=141176"},{"taxonomy":"product_cat","embeddable":true,"href":"https:\/\/bemore.ee\/lt\/wp-json\/wp\/v2\/product_cat?post=141176"},{"taxonomy":"product_tag","embeddable":true,"href":"https:\/\/bemore.ee\/lt\/wp-json\/wp\/v2\/product_tag?post=141176"}],"curies":[{"name":"wp","href":"https:\/\/api.w.org\/{rel}","templated":true}]}}