{"id":141134,"date":"2023-05-22T15:21:39","date_gmt":"2023-05-22T12:21:39","guid":{"rendered":"https:\/\/bemore.ee\/?post_type=product&#038;p=141134"},"modified":"2025-09-09T09:50:42","modified_gmt":"2025-09-09T06:50:42","slug":"ledu-milteliai","status":"publish","type":"product","link":"https:\/\/bemore.ee\/lt\/toode\/ledu-milteliai\/","title":{"rendered":"Led\u0173 milteliai su kolagenu, avie\u010di\u0173 ir vy\u0161ni\u0173 skonio"},"content":{"rendered":"<p>Unikalios sud\u0117ties led\u0173 milteliai, kuri\u0173 sud\u0117tyje yra COLLAGEN Edition Raspberry &amp; Cherry kolageno mi\u0161inys, praturtinti drakono vaisi\u0173 milteliais, liofilizuotais avie\u010di\u0173 miltais ir skaidulomis \u2013 inulinu. Ledams paruo\u0161ti tereikia m\u0117gstamo skys\u010dio, cilindro formos indo ir rankinio plaktuvo.<\/p>\n<p>I\u0161 Be More kolageno led\u0173 milteli\u0173 pagaminti ledai \u2013 sveikas skan\u0117stas, kur\u012f lengvai pasigamins kiekvienas!<\/p>\n<p>Kolagenas yra vienas pagrindini\u0173 m\u016bs\u0173 organizmo baltym\u0173, ta\u010diau su am\u017eiumi jo sintez\u0117 organizme ma\u017e\u0117ja. M\u016bs\u0173 led\u0173 milteliuose esantis kolageno mi\u0161inys sud\u0117tyje turi auk\u0161tos kokyb\u0117s hidrolizuoto galvij\u0173 kolageno, kuris padeda gerinti odos elastingum\u0105 ir palaiko s\u0105nari\u0173 sveikat\u0105.<\/p>\n<p><strong>Paruo\u0161imo instrukcijos &#8211;<\/strong>\u00a0 i\u0161 200 g led\u0173 milteli\u0173 gaunama apie 1 l led\u0173.<\/p>\n<p>Sumai\u0161ykite 200 g milteli\u0173 su 300 ml \u0161alto vandens arba 350 ml augalinio g\u0117rimo (pvz., migdol\u0173 g\u0117rimu). Mi\u0161in\u012f pad\u0117kite \u012f \u0161aldikl\u012f ma\u017eiausiai 1,5 valandos. Plakite mikseriu 2\u20135 minutes, kol mas\u0117 taps puri. V\u0117l pad\u0117kite \u012f \u0161aldikl\u012f bent 6 valandoms arba palikite per nakt\u012f. Atkreipkite d\u0117mes\u012f! \u0160aldymo laik\u0105 reikia sutrumpinti, jei gaminate ma\u017eesn\u012f kiek\u012f led\u0173, ir pailginti, jei gaminate didesn\u012f kiek\u012f.<\/p>\n<p>Kolageno led\u0173 milteliai tinka:<\/p>\n<ul>\n<li>\u017emon\u0117ms, netoleruojantiems pieno ir laktoz\u0117s<\/li>\n<li>sveik\u0173 led\u0173 m\u0117g\u0117jams<\/li>\n<li>vaikams<\/li>\n<li>n\u0117\u0161\u010diosioms ir \u017eindan\u010dioms mamoms<\/li>\n<\/ul>\n<p><strong>I\u0161 ko sudarytas \u0161is produktas?<\/strong><\/p>\n<p><strong>Sud\u0117tis:<\/strong> agavos cukrus, kokos\u0173 riebal\u0173 milteliai, COLLAGEN EDITION Raspberry\u2019n\u2019Cherry kolageno mi\u0161inys (hidrolizuotas galvij\u0173 kolagenas, liofilizuot\u0173 avie\u010di\u0173 milteliai, liofilizuot\u0173 vy\u0161ni\u0173 milteliai, liofilizuot\u0173 camu-camu milteliai, liofilizuot\u0173 citrin\u0173 milteliai), maltodekstrinas, liofilizuoti avie\u010di\u0173 miltai, inulinas, avie\u010di\u0173 granul\u0117s, drakono vaisiaus milteliai, inaktyvios Lalmin\u00ae Vita D miel\u0117s (nat\u016bralios vitamino D ir B12 miel\u0117s), \u017eirni\u0173 baltymai, stabilizatori\u0173 mi\u0161inys (trifosfatai, natrio alginatas, kalio fosfatas, emulsiklis riebal\u0173 r\u016bg\u0161\u010di\u0173 mono- ir digliceridai, guaro guma), druska.<\/p>\n<p><strong>Koks yra kolageno led\u0173 milteli\u0173 skonis?<\/strong><\/p>\n<p>Jie yra avie\u010di\u0173 ir vy\u0161ni\u0173 skonio.<\/p>\n<p><strong>Laikymo s\u0105lygos<\/strong><\/p>\n<p>Laikykite produkt\u0105 kambario temperat\u016broje, atokiau nuo tiesiogini\u0173 saul\u0117s spinduli\u0173.<\/p>\n<p>Po naudojimo pakuot\u0119 sandariai u\u017edarykite.<\/p>\n","protected":false},"excerpt":{"rendered":"<ul>\n<li>Sud\u0117tyje yra COLLAGEN EDITION Raspberry &amp; Cherry kolageno mi\u0161inys<\/li>\n<li>Saldinta agavos cukrumi<\/li>\n<li>Paruo\u0161iama namuose rankiniu plaktuvu<\/li>\n<li>I\u0161 200 g milteli\u0173 gaunamas 1 l led\u0173<\/li>\n<li>Didelis baltym\u0173 ir vitamino C kiekis<\/li>\n<li>Tinka \u017emon\u0117ms, netoleruojantiems pieno ir laktoz\u0117s<\/li>\n<\/ul>\n","protected":false},"featured_media":141135,"comment_status":"open","ping_status":"closed","template":"","meta":{"_acf_changed":false},"product_brand":[],"product_cat":[597],"product_tag":[],"class_list":{"0":"post-141134","1":"product","2":"type-product","3":"status-publish","4":"has-post-thumbnail","6":"product_cat-ledu-milteliai","8":"first","9":"instock","10":"taxable","11":"shipping-taxable","12":"purchasable","13":"product-type-simple"},"bundle_layout":"","bundled_by":["142614"],"bundled_items":[],"acf":[],"_links":{"self":[{"href":"https:\/\/bemore.ee\/lt\/wp-json\/wp\/v2\/product\/141134","targetHints":{"allow":["GET"]}}],"collection":[{"href":"https:\/\/bemore.ee\/lt\/wp-json\/wp\/v2\/product"}],"about":[{"href":"https:\/\/bemore.ee\/lt\/wp-json\/wp\/v2\/types\/product"}],"replies":[{"embeddable":true,"href":"https:\/\/bemore.ee\/lt\/wp-json\/wp\/v2\/comments?post=141134"}],"wp:featuredmedia":[{"embeddable":true,"href":"https:\/\/bemore.ee\/lt\/wp-json\/wp\/v2\/media\/141135"}],"wp:attachment":[{"href":"https:\/\/bemore.ee\/lt\/wp-json\/wp\/v2\/media?parent=141134"}],"wp:term":[{"taxonomy":"product_brand","embeddable":true,"href":"https:\/\/bemore.ee\/lt\/wp-json\/wp\/v2\/product_brand?post=141134"},{"taxonomy":"product_cat","embeddable":true,"href":"https:\/\/bemore.ee\/lt\/wp-json\/wp\/v2\/product_cat?post=141134"},{"taxonomy":"product_tag","embeddable":true,"href":"https:\/\/bemore.ee\/lt\/wp-json\/wp\/v2\/product_tag?post=141134"}],"curies":[{"name":"wp","href":"https:\/\/api.w.org\/{rel}","templated":true}]}}