{"id":142724,"date":"2021-10-06T09:52:08","date_gmt":"2021-10-06T06:52:08","guid":{"rendered":"https:\/\/bemore.ee\/?page_id=142724"},"modified":"2025-10-22T12:51:58","modified_gmt":"2025-10-22T09:51:58","slug":"pardavimo-salygos","status":"publish","type":"page","link":"https:\/\/bemore.ee\/lt\/pardavimo-salygos\/","title":{"rendered":"Pardavimo s\u0105lygos"},"content":{"rendered":"<p><strong>INTERNETIN\u0116S PARDUOTUV\u0116S PARDAVIMO S\u0104LYGOS<\/strong><\/p><p>Internetin\u0117s parduotuv\u0117s bemore.ee (toliau \u2013 Internetin\u0117 parduotuv\u0117) savininkas yra \u201eBe More SuperFoods O\u00dc\u201c (registracijos kodas 14335342), \u012fsik\u016brusi adresu Toom-Kooli 17, 10130 Talinas, Harju apskritis.<\/p><p><strong>Pardavimo sutarties galiojimas, informacija apie prekes ir kainas<\/strong><\/p><p>Pardavimo s\u0105lygos taikomos perkant prekes i\u0161 Internetin\u0117s parduotuv\u0117s.<\/p><p>Internetin\u0117je parduotuv\u0117je parduodam\u0173 preki\u0173 kainos nurodomos \u0161alia preki\u0173. Prie kainos pridedamas pristatymo mokestis. Visos Internetin\u0117je parduotuv\u0117je parduodam\u0173 preki\u0173 kainos nurodytos eurais.<\/p><p>Pristatymo mokestis priklauso nuo pirk\u0117jo buvimo vietos ir pristatymo b\u016bdo. Pristatymo mokestis rodomas pirk\u0117jui pateikiant u\u017esakym\u0105.<\/p><p>Informacija apie prekes pateikiama Internetin\u0117je parduotuv\u0117je tiesiai \u0161alia preki\u0173.<\/p><p><strong>U\u017esakymo pateikimas<\/strong><\/p><p>Nor\u0117dami u\u017esisakyti prekes, turite \u012fd\u0117ti norimas prekes \u012f pirkini\u0173 krep\u0161el\u012f. Nor\u0117dami pateikti u\u017esakym\u0105, turite u\u017epildyti reikiamus duomen\u0173 laukus ir pasirinkti tinkam\u0105 preki\u0173 pristatymo b\u016bd\u0105.<\/p><p>Mokes\u010dio suma bus rodoma ekrane, kuri\u0105 galima sumok\u0117ti naudojant banko nuorod\u0105 arba kit\u0105 mok\u0117jimo sprendim\u0105.<\/p><p>Mok\u0117jimus tarpininkauja LHV bendradarbiaudama su \u201eMontonio\u201c. Mok\u0117jimas atliekamas u\u017e internetin\u0117s parduotuv\u0117s rib\u0173 saugioje aplinkoje \u2013 atsiskaitant banko nuoroda \u2013 atitinkamo banko saugioje aplinkoje, o atsiskaitant kreditine kortele \u2013 saugioje \u201eStripe\u201c aplinkoje. Pardav\u0117jas neturi prieigos prie kliento banko ir kreditin\u0117s kortel\u0117s duomen\u0173. Sutartis \u012fsigalioja, kai mok\u0117tina suma \u012fskaitoma \u012f internetin\u0117s parduotuv\u0117s atsiskaitom\u0105j\u0105 s\u0105skait\u0105.<\/p><p>Internetin\u0117s parduotuv\u0117s savininkas yra asmens duomen\u0173 valdytojas ir perduoda mok\u0117jimams atlikti reikalingus asmens duomenis \u012fgaliotam tvarkytojui AS \u201eLHV Pank\u201c.<\/p><p>Sutartis \u012fsigalioja, kai mok\u0117tina suma \u012fskaitoma \u012f internetin\u0117s parduotuv\u0117s atsiskaitom\u0105j\u0105 s\u0105skait\u0105.<\/p><p>Pastaba! Atsiskaitydami banko nuoroda, b\u016btinai banko puslapyje spustel\u0117kite mygtuk\u0105 \u201eGr\u012f\u017eti pas pardav\u0117j\u0105\u201c.<\/p><p>Jei u\u017esakyt\u0173 preki\u0173 negalima pristatyti d\u0117l preki\u0173 liku\u010dio ar d\u0117l kitos prie\u017easties, pirk\u0117jas bus informuotas kuo grei\u010diau, o sumok\u0117ti pinigai (\u012fskaitant preki\u0173 pristatymo i\u0161laidas) bus gr\u0105\u017einti nedelsiant, paprastai per 1\u20132 dienas nuo prane\u0161imo i\u0161siuntimo. Priklausomai nuo mok\u0117jimo b\u016bdo, gavimas gali u\u017etrukti iki 7 darbo dien\u0173.<\/p><p><strong>Pristatymas<\/strong><\/p><p>Prek\u0117s bus siun\u010diamos \u012f \u0161ias \u0161alis: Estij\u0105, Europ\u0105.<\/p><p>Pirk\u0117jas turi \u0161ias preki\u0173 gavimo galimybes: \u201eOmniva\u201c, \u201eDPD\u201c, \u201eItella Smartpost\u201c, \u201eVenipak\u201c, \u201eUnisend\u201c.<\/p><p>Preki\u0173 siuntimo i\u0161laidas padengia pirk\u0117jas, o atitinkama informacija apie kain\u0105 pateikiama \u0161alia siuntimo b\u016bdo.<\/p><p>Siuntos Estijoje paprastai pasiekia pirk\u0117jo nurodyt\u0105 paskirties viet\u0105 per 2\u20137 darbo dienas nuo pirkimo\u2013pardavimo sutarties \u012fsigaliojimo. Pristatymas u\u017e Estijos rib\u0173 \u012fvyks per 7\u201321 kalendorin\u0119 dien\u0105.<\/p><p>I\u0161imtiniais atvejais teis\u0117 pristatyti prekes per iki 45 kalendorini\u0173 dien\u0173.<\/p><p>Teis\u0117 atsisakyti sutarties<\/p><p>Gav\u0119s u\u017esakym\u0105, pirk\u0117jas turi teis\u0119 per 14 dien\u0173 atsisakyti internetin\u0117je parduotuv\u0117je sudarytos sutarties.<\/p><p>Teis\u0117 atsisakyti sutarties netaikoma, jei pirk\u0117jas yra juridinis asmuo.<\/p><p>Norint pasinaudoti 14 dien\u0173 gr\u0105\u017einimo teise, u\u017esakytos prek\u0117s negali b\u016bti naudojamos jokiu kitu b\u016bdu, i\u0161skyrus tai, kas b\u016btina prek\u0117s pob\u016bd\u017eiui, savyb\u0117ms ir veikimui patikrinti, taip pat, kaip leid\u017eiama i\u0161bandyti prekes fizin\u0117je parduotuv\u0117je.<\/p><p>Jei prek\u0117s buvo naudojamos kitais tikslais, nei b\u016btina prek\u0117s pob\u016bd\u017eiui, savyb\u0117ms ir veikimui patikrinti, arba jei jos rodo naudojimo ar nusid\u0117v\u0117jimo po\u017eymius, internetin\u0117 parduotuv\u0117 turi teis\u0119 suma\u017einti gr\u0105\u017einimo mokest\u012f pagal prek\u0117s vert\u0117s suma\u017e\u0117jim\u0105.<\/p><p>Nor\u0117dami gr\u0105\u017einti prekes, turite i\u0161si\u0173sti pirkimo patvirtinim\u0105 \/ s\u0105skait\u0105 fakt\u016br\u0105 i\u0161 internetin\u0117s parduotuv\u0117s ir gr\u0105\u017einimo pra\u0161ym\u0105 kartu su norimos gr\u0105\u017einti prek\u0117s nuotrauka adresu info@bemore.ee ne v\u0117liau kaip per 14 dien\u0173 nuo prek\u0117s gavimo.<\/p><p>Preki\u0173 gr\u0105\u017einimo i\u0161laidas padengia pirk\u0117jas, nebent gr\u0105\u017einimo prie\u017eastis yra ta, kad gr\u0105\u017einama prek\u0117 neatitinka u\u017esakymo (pvz., ne ta arba brokuota prek\u0117).<\/p><p>Pirk\u0117jas privalo gr\u0105\u017einti prekes per 14 dien\u0173 nuo pra\u0161ymo pateikimo arba pateikti \u012frodym\u0105, kad per pirmiau nurodyt\u0105 laikotarp\u012f perdav\u0117 prekes preki\u0173 ve\u017e\u0117jui.<\/p><p>Gavusi gr\u0105\u017eintas prekes, internetin\u0117 parduotuv\u0117 nedelsdama, bet ne v\u0117liau kaip per 14 dien\u0173 nuo pra\u0161ymo atsisakyti sutarties gavimo dienos, gr\u0105\u017eina pirk\u0117jui visus pagal sutart\u012f i\u0161 pirk\u0117jo gautus mokes\u010dius.<\/p><p>Internetin\u0117 parduotuv\u0117 gali atsisakyti gr\u0105\u017einti pinigus, kol nebus gr\u0105\u017einta sutarties objektas arba kol pirk\u0117jas nepateiks \u012frodym\u0173, kad gr\u0105\u017eino prek\u0119, priklausomai nuo to, kas \u012fvyksta anks\u010diau.<\/p><p>Jei pirk\u0117jas ai\u0161kiai pasirinko pristatymo b\u016bd\u0105, kuris n\u0117ra pigiausias standartinis internetin\u0117s parduotuv\u0117s si\u016blomas pristatymo b\u016bdas, internetin\u0117 parduotuv\u0117 neprivalo gr\u0105\u017einti vartotojui joki\u0173 i\u0161laid\u0173, vir\u0161ijan\u010di\u0173 su standartiniu pristatymo b\u016bdu susijusias i\u0161laidas.<\/p><p>Internetin\u0117 parduotuv\u0117 turi teis\u0119 atsisakyti pirkimo-pardavimo sandorio ir pareikalauti i\u0161 pirk\u0117jo gr\u0105\u017einti prekes, jei prek\u0117s kaina internetin\u0117je parduotuv\u0117je d\u0117l klaidos buvo nurodyta gerokai \u017eemiau rinkos kainos.<\/p><p><strong>Teis\u0117 pateikti pretenzij\u0105<\/strong><\/p><p>Internetin\u0117 parduotuv\u0117 yra atsakinga u\u017e bet kok\u012f pirk\u0117jui parduot\u0173 preki\u0173 neatitikim\u0105 ar tr\u016bkumus sutarties s\u0105lygoms, kurios jau egzistavo prek\u0117s pristatymo metu, ir kurie paai\u0161k\u0117ja per dvejus metus nuo prek\u0117s pristatymo pirk\u0117jui. Per \u0161iuos pirmuosius metus nuo prek\u0117s pristatymo pirk\u0117jui laikoma, kad tr\u016bkumas jau egzistavo prek\u0117s pristatymo metu. Internetin\u0117 parduotuv\u0117 privalo paneigti \u0161i\u0105 prielaid\u0105.<\/p><p>Pirk\u0117jas turi teis\u0119 susisiekti su internetine parduotuve per du m\u0117nesius nuo defekto atsiradimo.<\/p>","protected":false},"excerpt":{"rendered":"<p>INTERNETIN\u0116S PARDUOTUV\u0116S PARDAVIMO S\u0104LYGOS Internetin\u0117s parduotuv\u0117s bemore.ee (toliau \u2013 Internetin\u0117 parduotuv\u0117) savininkas yra \u201eBe More SuperFoods O\u00dc\u201c (registracijos kodas 14335342), \u012fsik\u016brusi adresu Toom-Kooli 17, 10130&#8230;<\/p>\n","protected":false},"author":1311,"featured_media":0,"parent":0,"menu_order":66,"comment_status":"closed","ping_status":"closed","template":"page_muugitingimused.php","meta":{"_acf_changed":false,"footnotes":""},"class_list":["post-142724","page","type-page","status-publish","hentry"],"acf":[],"_links":{"self":[{"href":"https:\/\/bemore.ee\/lt\/wp-json\/wp\/v2\/pages\/142724","targetHints":{"allow":["GET"]}}],"collection":[{"href":"https:\/\/bemore.ee\/lt\/wp-json\/wp\/v2\/pages"}],"about":[{"href":"https:\/\/bemore.ee\/lt\/wp-json\/wp\/v2\/types\/page"}],"author":[{"embeddable":true,"href":"https:\/\/bemore.ee\/lt\/wp-json\/wp\/v2\/users\/1311"}],"replies":[{"embeddable":true,"href":"https:\/\/bemore.ee\/lt\/wp-json\/wp\/v2\/comments?post=142724"}],"version-history":[{"count":2,"href":"https:\/\/bemore.ee\/lt\/wp-json\/wp\/v2\/pages\/142724\/revisions"}],"predecessor-version":[{"id":142805,"href":"https:\/\/bemore.ee\/lt\/wp-json\/wp\/v2\/pages\/142724\/revisions\/142805"}],"wp:attachment":[{"href":"https:\/\/bemore.ee\/lt\/wp-json\/wp\/v2\/media?parent=142724"}],"curies":[{"name":"wp","href":"https:\/\/api.w.org\/{rel}","templated":true}]}}