{"id":142722,"date":"2021-09-03T06:17:22","date_gmt":"2021-09-03T03:17:22","guid":{"rendered":"https:\/\/bemore.ee\/?page_id=142722"},"modified":"2025-10-22T12:21:58","modified_gmt":"2025-10-22T09:21:58","slug":"musu-istorija","status":"publish","type":"page","link":"https:\/\/bemore.ee\/lt\/musu-istorija\/","title":{"rendered":"M\u016bs\u0173 istorija"},"content":{"rendered":"","protected":false},"excerpt":{"rendered":"","protected":false},"author":1311,"featured_media":141943,"parent":0,"menu_order":63,"comment_status":"closed","ping_status":"closed","template":"page_meie-lugu.php","meta":{"_acf_changed":false,"footnotes":""},"class_list":["post-142722","page","type-page","status-publish","has-post-thumbnail","hentry"],"acf":[],"yoast_head":"<!-- This site is optimized with the Yoast SEO plugin v27.5 - https:\/\/yoast.com\/product\/yoast-seo-wordpress\/ -->\n<title>M\u016bs\u0173 istorija - Be More<\/title>\n<meta name=\"description\" content=\"Be More supertoidusegud, teed, toorbatoonid ja toidulisandid on v\u00e4lja t\u00f6\u00f6tatud, et saaksid olla igap\u00e4evaselt parim versioon iseendast.\" \/>\n<meta name=\"robots\" content=\"index, follow, max-snippet:-1, max-image-preview:large, max-video-preview:-1\" \/>\n<link rel=\"canonical\" href=\"https:\/\/bemore.ee\/lt\/musu-istorija\/\" \/>\n<meta property=\"og:locale\" content=\"lt_LT\" \/>\n<meta property=\"og:type\" content=\"article\" \/>\n<meta property=\"og:title\" content=\"M\u016bs\u0173 istorija - Be More\" \/>\n<meta property=\"og:description\" content=\"Be More supertoidusegud, teed, toorbatoonid ja toidulisandid on v\u00e4lja t\u00f6\u00f6tatud, et saaksid olla igap\u00e4evaselt parim versioon iseendast.\" \/>\n<meta property=\"og:url\" content=\"https:\/\/bemore.ee\/lt\/musu-istorija\/\" \/>\n<meta property=\"og:site_name\" content=\"Be More\" \/>\n<meta property=\"article:modified_time\" content=\"2025-10-22T09:21:58+00:00\" \/>\n<meta property=\"og:image\" content=\"https:\/\/bemore.ee\/wp-content\/uploads\/2021\/08\/KIRTI_390A9139-500x733@2x-min-1.png\" \/>\n\t<meta property=\"og:image:width\" content=\"818\" \/>\n\t<meta property=\"og:image:height\" content=\"1226\" \/>\n\t<meta property=\"og:image:type\" content=\"image\/png\" \/>\n<meta name=\"twitter:card\" content=\"summary_large_image\" \/>\n<script type=\"application\/ld+json\" class=\"yoast-schema-graph\">{\"@context\":\"https:\\\/\\\/schema.org\",\"@graph\":[{\"@type\":\"WebPage\",\"@id\":\"https:\\\/\\\/bemore.ee\\\/lt\\\/musu-istorija\\\/\",\"url\":\"https:\\\/\\\/bemore.ee\\\/lt\\\/musu-istorija\\\/\",\"name\":\"M\u016bs\u0173 istorija - Be More\",\"isPartOf\":{\"@id\":\"https:\\\/\\\/bemore.ee\\\/#website\"},\"primaryImageOfPage\":{\"@id\":\"https:\\\/\\\/bemore.ee\\\/lt\\\/musu-istorija\\\/#primaryimage\"},\"image\":{\"@id\":\"https:\\\/\\\/bemore.ee\\\/lt\\\/musu-istorija\\\/#primaryimage\"},\"thumbnailUrl\":\"https:\\\/\\\/bemore.ee\\\/wp-content\\\/uploads\\\/2021\\\/08\\\/KIRTI_390A9139-500x733@2x-min-1.png\",\"datePublished\":\"2021-09-03T03:17:22+00:00\",\"dateModified\":\"2025-10-22T09:21:58+00:00\",\"description\":\"Be More supertoidusegud, teed, toorbatoonid ja toidulisandid on v\u00e4lja t\u00f6\u00f6tatud, et saaksid olla igap\u00e4evaselt parim versioon iseendast.\",\"inLanguage\":\"lt-LT\",\"potentialAction\":[{\"@type\":\"ReadAction\",\"target\":[\"https:\\\/\\\/bemore.ee\\\/lt\\\/musu-istorija\\\/\"]}]},{\"@type\":\"ImageObject\",\"inLanguage\":\"lt-LT\",\"@id\":\"https:\\\/\\\/bemore.ee\\\/lt\\\/musu-istorija\\\/#primaryimage\",\"url\":\"https:\\\/\\\/bemore.ee\\\/wp-content\\\/uploads\\\/2021\\\/08\\\/KIRTI_390A9139-500x733@2x-min-1.png\",\"contentUrl\":\"https:\\\/\\\/bemore.ee\\\/wp-content\\\/uploads\\\/2021\\\/08\\\/KIRTI_390A9139-500x733@2x-min-1.png\",\"width\":818,\"height\":1226},{\"@type\":\"WebSite\",\"@id\":\"https:\\\/\\\/bemore.ee\\\/#website\",\"url\":\"https:\\\/\\\/bemore.ee\\\/\",\"name\":\"Be More\",\"description\":\"Supertoidud Sinu igap&auml;evaellu!\",\"potentialAction\":[{\"@type\":\"SearchAction\",\"target\":{\"@type\":\"EntryPoint\",\"urlTemplate\":\"https:\\\/\\\/bemore.ee\\\/?s={search_term_string}\"},\"query-input\":{\"@type\":\"PropertyValueSpecification\",\"valueRequired\":true,\"valueName\":\"search_term_string\"}}],\"inLanguage\":\"lt-LT\"}]}<\/script>\n<!-- \/ Yoast SEO plugin. -->","yoast_head_json":{"title":"M\u016bs\u0173 istorija - Be More","description":"Be More supertoidusegud, teed, toorbatoonid ja toidulisandid on v\u00e4lja t\u00f6\u00f6tatud, et saaksid olla igap\u00e4evaselt parim versioon iseendast.","robots":{"index":"index","follow":"follow","max-snippet":"max-snippet:-1","max-image-preview":"max-image-preview:large","max-video-preview":"max-video-preview:-1"},"canonical":"https:\/\/bemore.ee\/lt\/musu-istorija\/","og_locale":"lt_LT","og_type":"article","og_title":"M\u016bs\u0173 istorija - Be More","og_description":"Be More supertoidusegud, teed, toorbatoonid ja toidulisandid on v\u00e4lja t\u00f6\u00f6tatud, et saaksid olla igap\u00e4evaselt parim versioon iseendast.","og_url":"https:\/\/bemore.ee\/lt\/musu-istorija\/","og_site_name":"Be More","article_modified_time":"2025-10-22T09:21:58+00:00","og_image":[{"width":818,"height":1226,"url":"https:\/\/bemore.ee\/wp-content\/uploads\/2021\/08\/KIRTI_390A9139-500x733@2x-min-1.png","type":"image\/png"}],"twitter_card":"summary_large_image","schema":{"@context":"https:\/\/schema.org","@graph":[{"@type":"WebPage","@id":"https:\/\/bemore.ee\/lt\/musu-istorija\/","url":"https:\/\/bemore.ee\/lt\/musu-istorija\/","name":"M\u016bs\u0173 istorija - Be More","isPartOf":{"@id":"https:\/\/bemore.ee\/#website"},"primaryImageOfPage":{"@id":"https:\/\/bemore.ee\/lt\/musu-istorija\/#primaryimage"},"image":{"@id":"https:\/\/bemore.ee\/lt\/musu-istorija\/#primaryimage"},"thumbnailUrl":"https:\/\/bemore.ee\/wp-content\/uploads\/2021\/08\/KIRTI_390A9139-500x733@2x-min-1.png","datePublished":"2021-09-03T03:17:22+00:00","dateModified":"2025-10-22T09:21:58+00:00","description":"Be More supertoidusegud, teed, toorbatoonid ja toidulisandid on v\u00e4lja t\u00f6\u00f6tatud, et saaksid olla igap\u00e4evaselt parim versioon iseendast.","inLanguage":"lt-LT","potentialAction":[{"@type":"ReadAction","target":["https:\/\/bemore.ee\/lt\/musu-istorija\/"]}]},{"@type":"ImageObject","inLanguage":"lt-LT","@id":"https:\/\/bemore.ee\/lt\/musu-istorija\/#primaryimage","url":"https:\/\/bemore.ee\/wp-content\/uploads\/2021\/08\/KIRTI_390A9139-500x733@2x-min-1.png","contentUrl":"https:\/\/bemore.ee\/wp-content\/uploads\/2021\/08\/KIRTI_390A9139-500x733@2x-min-1.png","width":818,"height":1226},{"@type":"WebSite","@id":"https:\/\/bemore.ee\/#website","url":"https:\/\/bemore.ee\/","name":"Be More","description":"Supertoidud Sinu igap&auml;evaellu!","potentialAction":[{"@type":"SearchAction","target":{"@type":"EntryPoint","urlTemplate":"https:\/\/bemore.ee\/?s={search_term_string}"},"query-input":{"@type":"PropertyValueSpecification","valueRequired":true,"valueName":"search_term_string"}}],"inLanguage":"lt-LT"}]}},"_links":{"self":[{"href":"https:\/\/bemore.ee\/lt\/wp-json\/wp\/v2\/pages\/142722","targetHints":{"allow":["GET"]}}],"collection":[{"href":"https:\/\/bemore.ee\/lt\/wp-json\/wp\/v2\/pages"}],"about":[{"href":"https:\/\/bemore.ee\/lt\/wp-json\/wp\/v2\/types\/page"}],"author":[{"embeddable":true,"href":"https:\/\/bemore.ee\/lt\/wp-json\/wp\/v2\/users\/1311"}],"replies":[{"embeddable":true,"href":"https:\/\/bemore.ee\/lt\/wp-json\/wp\/v2\/comments?post=142722"}],"version-history":[{"count":2,"href":"https:\/\/bemore.ee\/lt\/wp-json\/wp\/v2\/pages\/142722\/revisions"}],"predecessor-version":[{"id":142803,"href":"https:\/\/bemore.ee\/lt\/wp-json\/wp\/v2\/pages\/142722\/revisions\/142803"}],"wp:featuredmedia":[{"embeddable":true,"href":"https:\/\/bemore.ee\/lt\/wp-json\/wp\/v2\/media\/141943"}],"wp:attachment":[{"href":"https:\/\/bemore.ee\/lt\/wp-json\/wp\/v2\/media?parent=142722"}],"curies":[{"name":"wp","href":"https:\/\/api.w.org\/{rel}","templated":true}]}}