{"id":142719,"date":"2021-09-13T08:22:54","date_gmt":"2021-09-13T05:22:54","guid":{"rendered":"https:\/\/bemore.ee\/?page_id=142719"},"modified":"2025-10-22T12:07:29","modified_gmt":"2025-10-22T09:07:29","slug":"kontaktai","status":"publish","type":"page","link":"https:\/\/bemore.ee\/lt\/kontaktai\/","title":{"rendered":"Kontaktai"},"content":{"rendered":"<h2 class=\"wp-block-heading\">Klauskite m\u016bs\u0173 daugiau!<\/h2><p>Norite paklausti ko nors konkretesnio? Norite pasidalyti savo patirtimi su m\u016bs\u0173 produktais? Norite m\u016bs\u0173 mokym\u0173? Susisiekite su mumis naudodami \u017eemiau esan\u010di\u0105 form\u0105!<\/p>\n<div class=\"wpcf7 no-js\" id=\"wpcf7-f142687-o1\" lang=\"lt-LT\" dir=\"ltr\" data-wpcf7-id=\"142687\">\n<div class=\"screen-reader-response\"><p role=\"status\" aria-live=\"polite\" aria-atomic=\"true\"><\/p> <ul><\/ul><\/div>\n<form action=\"\/lt\/wp-json\/wp\/v2\/pages\/142719#wpcf7-f142687-o1\" method=\"post\" class=\"wpcf7-form init\" aria-label=\"Kontakt\u0173 forma\" novalidate=\"novalidate\" data-status=\"init\">\n<fieldset class=\"hidden-fields-container\"><input type=\"hidden\" name=\"_wpcf7\" value=\"142687\" \/><input type=\"hidden\" name=\"_wpcf7_version\" value=\"6.1.5\" \/><input type=\"hidden\" name=\"_wpcf7_locale\" value=\"lt_LT\" \/><input type=\"hidden\" name=\"_wpcf7_unit_tag\" value=\"wpcf7-f142687-o1\" \/><input type=\"hidden\" name=\"_wpcf7_container_post\" value=\"0\" \/><input type=\"hidden\" name=\"_wpcf7_posted_data_hash\" value=\"\" \/><input type=\"hidden\" name=\"_wpcf7_recaptcha_response\" value=\"\" \/>\n<\/fieldset>\n<p><span id=\"wpcf7-69e695c90b50d-wrapper\" class=\"wpcf7-form-control-wrap website-wrap\" style=\"display:none !important; visibility:hidden !important;\"><input type=\"hidden\" name=\"website-time-start\" value=\"1776719305\"><input type=\"hidden\" name=\"website-time-check\" value=\"4\"><label for=\"wpcf7-69e695c90b50d-field\" class=\"hp-message\">Palikite \u0161\u012f lauk\u0105 tu\u0161\u010di\u0105.<\/label><input id=\"wpcf7-69e695c90b50d-field\"  placeholder=\"svetain\u0117\"  class=\"wpcf7-form-control wpcf7-text\" type=\"text\" name=\"website\" value=\"\" size=\"40\" tabindex=\"-1\" autocomplete=\"off\" \/><\/span><br \/>\n<label> J\u016bs\u0173 vardas:<br \/>\n<span class=\"wpcf7-form-control-wrap\" data-name=\"your-name\"><input size=\"40\" maxlength=\"400\" class=\"wpcf7-form-control wpcf7-text wpcf7-validates-as-required\" aria-required=\"true\" aria-invalid=\"false\" value=\"\" type=\"text\" name=\"your-name\" \/><\/span> <\/label>\n<\/p>\n<p><label> J\u016bs\u0173 el. pa\u0161to adresas:<br \/>\n<span class=\"wpcf7-form-control-wrap\" data-name=\"your-email\"><input size=\"40\" maxlength=\"400\" class=\"wpcf7-form-control wpcf7-email wpcf7-validates-as-required wpcf7-text wpcf7-validates-as-email\" aria-required=\"true\" aria-invalid=\"false\" value=\"\" type=\"email\" name=\"your-email\" \/><\/span> <\/label>\n<\/p>\n<p><label> \u017dinut\u0117<br \/>\n<span class=\"wpcf7-form-control-wrap\" data-name=\"your-message\"><textarea cols=\"40\" rows=\"4\" maxlength=\"2000\" class=\"wpcf7-form-control wpcf7-textarea wpcf7-validates-as-required\" aria-required=\"true\" aria-invalid=\"false\" name=\"your-message\"><\/textarea><\/span> <\/label>\n<\/p>\n<p><small>\u0160is puslapis yra apsaugotas \u201ereCAPTCHA\u201c ir jam taikoma \u201eGoogle\u201c<br \/>\n<a href=\"https:\/\/policies.google.com\/privacy\">privatumo politika<\/a> ir <a href=\"https:\/\/policies.google.com\/terms\">paslaug\u0173 teikimo s\u0105lygos<\/a>.<\/small>\n<\/p>\n<p><input class=\"wpcf7-form-control wpcf7-submit has-spinner\" type=\"submit\" value=\"Pateikti\" \/>\n<\/p><input type='hidden' class='wpcf7-pum' value='{\"closepopup\":false,\"closedelay\":0,\"openpopup\":false,\"openpopup_id\":0}' \/><div class=\"wpcf7-response-output\" aria-hidden=\"true\"><\/div>\n<\/form>\n<\/div>\n","protected":false},"excerpt":{"rendered":"<p>Klauskite m\u016bs\u0173 daugiau! Norite paklausti ko nors konkretesnio? Norite pasidalyti savo patirtimi su m\u016bs\u0173 produktais? Norite m\u016bs\u0173 mokym\u0173? Susisiekite su mumis naudodami \u017eemiau esan\u010di\u0105 form\u0105!<\/p>\n","protected":false},"author":1311,"featured_media":142721,"parent":0,"menu_order":48,"comment_status":"closed","ping_status":"closed","template":"page_kontakt.php","meta":{"_acf_changed":false,"footnotes":""},"class_list":["post-142719","page","type-page","status-publish","has-post-thumbnail","hentry"],"acf":[],"_links":{"self":[{"href":"https:\/\/bemore.ee\/lt\/wp-json\/wp\/v2\/pages\/142719","targetHints":{"allow":["GET"]}}],"collection":[{"href":"https:\/\/bemore.ee\/lt\/wp-json\/wp\/v2\/pages"}],"about":[{"href":"https:\/\/bemore.ee\/lt\/wp-json\/wp\/v2\/types\/page"}],"author":[{"embeddable":true,"href":"https:\/\/bemore.ee\/lt\/wp-json\/wp\/v2\/users\/1311"}],"replies":[{"embeddable":true,"href":"https:\/\/bemore.ee\/lt\/wp-json\/wp\/v2\/comments?post=142719"}],"version-history":[{"count":2,"href":"https:\/\/bemore.ee\/lt\/wp-json\/wp\/v2\/pages\/142719\/revisions"}],"predecessor-version":[{"id":142789,"href":"https:\/\/bemore.ee\/lt\/wp-json\/wp\/v2\/pages\/142719\/revisions\/142789"}],"wp:featuredmedia":[{"embeddable":true,"href":"https:\/\/bemore.ee\/lt\/wp-json\/wp\/v2\/media\/142721"}],"wp:attachment":[{"href":"https:\/\/bemore.ee\/lt\/wp-json\/wp\/v2\/media?parent=142719"}],"curies":[{"name":"wp","href":"https:\/\/api.w.org\/{rel}","templated":true}]}}