{"id":143660,"date":"2025-11-21T06:35:09","date_gmt":"2025-11-21T04:35:09","guid":{"rendered":"https:\/\/bemore.ee\/?post_type=product&#038;p=143660"},"modified":"2025-12-05T09:13:11","modified_gmt":"2025-12-05T07:13:11","slug":"anti-aging-cream-with-rose-hip-oil-50ml","status":"publish","type":"product","link":"https:\/\/bemore.ee\/en\/toode\/anti-aging-cream-with-rose-hip-oil-50ml\/","title":{"rendered":"Anti-aging cream with rose hip oil\u00a050ml"},"content":{"rendered":"<p>Rich in moisturizing, restructuring, and restorative active ingredients, this anti-aging cream visibly reduces the appearance of fine lines and wrinkles. With its rich, creamy texture, this cream leaves skin softer, smoother, and more radiant, providing great comfort. It can be used on all skin types from the first signs of wrinkles.<\/p>\n<p><strong>Key ingredients:<\/strong><\/p>\n<p>MUSCAT ROSE VEGETABLE OIL<\/p>\n<ul>\n<li>Nourishes the upper layers of the epidermis<\/li>\n<li>Promotes skin suppleness<\/li>\n<li>Evens out the complexion and revives luminosity<\/li>\n<\/ul>\n<p>BEECH BUD EXTRACT<\/p>\n<ul>\n<li>Rich in antioxidant flavonoids<\/li>\n<li>Strengthens firmness and elasticity<\/li>\n<li>Improves the appearance of the skin<\/li>\n<\/ul>\n<p>CENTELLA ASIATICA EXTRACT<\/p>\n<ul>\n<li>Helps repair and soothe skin<\/li>\n<li>Promotes firmer, smoother skin<\/li>\n<li>Supports skin hydration and comfort<\/li>\n<\/ul>\n<p><strong>Directions for use<\/strong>:<\/p>\n<p>Apply morning and\/or evening to the entire face and neck. If you also want to use a serum, do so before applying the cream.<\/p>\n<p><strong>Ingredients:\u00a0<\/strong><\/p>\n<p>99 % of the total ingredients are of natural origin. 54.5 % of the total ingredients are from organic farming<\/p>\n<p>Rosa Damascena Flower Water*, Citrus Aurantium Amara Flower Water*, Aqua, Glycerin, Prunus Amygdalus Dulcis Oil*, Butyrospermum Parkii Butter*, Cetearyl Alcohol, C10-18 Triglycerides, Rosa Canina Fruit Oil*, Candelilla\/Jojoba\/Rice Bran Polyglyceryl-3 Esters, Glyceryl Stearate, Squalane, Xylitylglucoside, Propanediol, Microcrystalline Cellulose, Sodium Stearoyl Lactylate, Benzyl Alcohol, Anhydroxylitol, Parfum, Xylitol, Fagus Sylvatica Bud Extract*, Xanthan Gum, Cellulose Gum, Alcohol**, Limonene, Linalool, Centella Asiatica Flower\/Leaf\/Stem Extract*, Dehydroacetic Acid, Citrus Aurantium Bergamia Peel Oil, Citrus Aurantium Peel Oil, Onopordum Acanthium Flower\/Leaf\/Stem Extract*, Chlorella Vulgaris Extract, Linalyl Acetate, Citrus Limon Peel Oil, Sodium Hydroxide, Juniperus Virginiana Oil, Benzyl Salicylate, Pinene, Cananga Odorata Oil\/Extract, Helianthus Annuus Seed Oil, Tocopherol, Terpineol, Beta-Caryophyllene, Geranyl Acetate, Benzoic Acid, Geraniol, Santalol, Citral, Farnesol, Vanillin<br \/>\n*Ingredient derived from organic farming<br \/>\n**Made from organic ingredients<\/p>\n","protected":false},"excerpt":{"rendered":"<p><strong>Be More anti-aging face cream is rich in moisturizing, firming and regenerating active ingredients.<\/strong><\/p>\n<ul>\n<li>Natural ingredients<\/li>\n<li>Dermatologically tested<\/li>\n<li>Vegan formula<\/li>\n<li>Produced in France<\/li>\n<li>Fruity-floral scent<\/li>\n<\/ul>\n","protected":false},"featured_media":143708,"comment_status":"open","ping_status":"closed","template":"","meta":{"_acf_changed":false},"product_brand":[],"product_cat":[641],"product_tag":[],"class_list":{"0":"post-143660","1":"product","2":"type-product","3":"status-publish","4":"has-post-thumbnail","6":"product_cat-beauty-products","8":"first","9":"instock","10":"taxable","11":"shipping-taxable","12":"purchasable","13":"product-type-simple"},"bundle_layout":"","bundled_by":[],"bundled_items":[],"acf":[],"yoast_head":"<!-- This site is optimized with the Yoast SEO plugin v27.5 - https:\/\/yoast.com\/product\/yoast-seo-wordpress\/ -->\n<title>Anti-aging cream with rose hip oil\u00a050ml - Be More<\/title>\n<meta name=\"description\" content=\"Be More supertoidusegud, teed, toorbatoonid ja toidulisandid on v\u00e4lja t\u00f6\u00f6tatud, et saaksid olla igap\u00e4evaselt parim versioon iseendast.\" \/>\n<meta name=\"robots\" content=\"index, follow, max-snippet:-1, max-image-preview:large, max-video-preview:-1\" \/>\n<link rel=\"canonical\" href=\"https:\/\/bemore.ee\/toode\/vananemisvastane-naokreem-50ml\/\" \/>\n<meta property=\"og:locale\" content=\"en_US\" \/>\n<meta property=\"og:type\" content=\"article\" \/>\n<meta property=\"og:title\" content=\"Anti-aging cream with rose hip oil\u00a050ml - Be More\" \/>\n<meta property=\"og:description\" content=\"Be More supertoidusegud, teed, toorbatoonid ja toidulisandid on v\u00e4lja t\u00f6\u00f6tatud, et saaksid olla igap\u00e4evaselt parim versioon iseendast.\" \/>\n<meta property=\"og:url\" content=\"https:\/\/bemore.ee\/toode\/vananemisvastane-naokreem-50ml\/\" \/>\n<meta property=\"og:site_name\" content=\"Be More\" \/>\n<meta property=\"article:modified_time\" content=\"2025-12-05T07:13:11+00:00\" \/>\n<meta property=\"og:image\" content=\"https:\/\/bemore.ee\/wp-content\/uploads\/2025\/11\/bemore_antiagingcream_simulatsioon-1.png\" \/>\n\t<meta property=\"og:image:width\" content=\"2000\" \/>\n\t<meta property=\"og:image:height\" content=\"2000\" \/>\n\t<meta property=\"og:image:type\" content=\"image\/png\" \/>\n<meta name=\"twitter:card\" content=\"summary_large_image\" \/>\n<meta name=\"twitter:label1\" content=\"Est. reading time\" \/>\n\t<meta name=\"twitter:data1\" content=\"1 minute\" \/>\n<script type=\"application\/ld+json\" class=\"yoast-schema-graph\">{\"@context\":\"https:\\\/\\\/schema.org\",\"@graph\":[{\"@type\":\"WebPage\",\"@id\":\"https:\\\/\\\/bemore.ee\\\/toode\\\/vananemisvastane-naokreem-50ml\\\/\",\"url\":\"https:\\\/\\\/bemore.ee\\\/toode\\\/vananemisvastane-naokreem-50ml\\\/\",\"name\":\"Anti-aging cream with rose hip oil\u00a050ml - Be More\",\"isPartOf\":{\"@id\":\"https:\\\/\\\/bemore.ee\\\/#website\"},\"primaryImageOfPage\":{\"@id\":\"https:\\\/\\\/bemore.ee\\\/toode\\\/vananemisvastane-naokreem-50ml\\\/#primaryimage\"},\"image\":{\"@id\":\"https:\\\/\\\/bemore.ee\\\/toode\\\/vananemisvastane-naokreem-50ml\\\/#primaryimage\"},\"thumbnailUrl\":\"https:\\\/\\\/bemore.ee\\\/wp-content\\\/uploads\\\/2025\\\/11\\\/bemore_antiagingcream_simulatsioon-1.png\",\"datePublished\":\"2025-11-21T04:35:09+00:00\",\"dateModified\":\"2025-12-05T07:13:11+00:00\",\"description\":\"Be More supertoidusegud, teed, toorbatoonid ja toidulisandid on v\u00e4lja t\u00f6\u00f6tatud, et saaksid olla igap\u00e4evaselt parim versioon iseendast.\",\"breadcrumb\":{\"@id\":\"https:\\\/\\\/bemore.ee\\\/toode\\\/vananemisvastane-naokreem-50ml\\\/#breadcrumb\"},\"inLanguage\":\"en-US\",\"potentialAction\":[{\"@type\":\"ReadAction\",\"target\":[\"https:\\\/\\\/bemore.ee\\\/toode\\\/vananemisvastane-naokreem-50ml\\\/\"]}]},{\"@type\":\"ImageObject\",\"inLanguage\":\"en-US\",\"@id\":\"https:\\\/\\\/bemore.ee\\\/toode\\\/vananemisvastane-naokreem-50ml\\\/#primaryimage\",\"url\":\"https:\\\/\\\/bemore.ee\\\/wp-content\\\/uploads\\\/2025\\\/11\\\/bemore_antiagingcream_simulatsioon-1.png\",\"contentUrl\":\"https:\\\/\\\/bemore.ee\\\/wp-content\\\/uploads\\\/2025\\\/11\\\/bemore_antiagingcream_simulatsioon-1.png\",\"width\":2000,\"height\":2000},{\"@type\":\"BreadcrumbList\",\"@id\":\"https:\\\/\\\/bemore.ee\\\/toode\\\/vananemisvastane-naokreem-50ml\\\/#breadcrumb\",\"itemListElement\":[{\"@type\":\"ListItem\",\"position\":1,\"name\":\"Shop\",\"item\":\"https:\\\/\\\/bemore.ee\\\/en\\\/shop\\\/\"},{\"@type\":\"ListItem\",\"position\":2,\"name\":\"Anti-aging cream with rose hip oil\u00a050ml\"}]},{\"@type\":\"WebSite\",\"@id\":\"https:\\\/\\\/bemore.ee\\\/#website\",\"url\":\"https:\\\/\\\/bemore.ee\\\/\",\"name\":\"Be More\",\"description\":\"Supertoidud Sinu igap&auml;evaellu!\",\"potentialAction\":[{\"@type\":\"SearchAction\",\"target\":{\"@type\":\"EntryPoint\",\"urlTemplate\":\"https:\\\/\\\/bemore.ee\\\/?s={search_term_string}\"},\"query-input\":{\"@type\":\"PropertyValueSpecification\",\"valueRequired\":true,\"valueName\":\"search_term_string\"}}],\"inLanguage\":\"en-US\"}]}<\/script>\n<!-- \/ Yoast SEO plugin. -->","yoast_head_json":{"title":"Anti-aging cream with rose hip oil\u00a050ml - Be More","description":"Be More supertoidusegud, teed, toorbatoonid ja toidulisandid on v\u00e4lja t\u00f6\u00f6tatud, et saaksid olla igap\u00e4evaselt parim versioon iseendast.","robots":{"index":"index","follow":"follow","max-snippet":"max-snippet:-1","max-image-preview":"max-image-preview:large","max-video-preview":"max-video-preview:-1"},"canonical":"https:\/\/bemore.ee\/toode\/vananemisvastane-naokreem-50ml\/","og_locale":"en_US","og_type":"article","og_title":"Anti-aging cream with rose hip oil\u00a050ml - Be More","og_description":"Be More supertoidusegud, teed, toorbatoonid ja toidulisandid on v\u00e4lja t\u00f6\u00f6tatud, et saaksid olla igap\u00e4evaselt parim versioon iseendast.","og_url":"https:\/\/bemore.ee\/toode\/vananemisvastane-naokreem-50ml\/","og_site_name":"Be More","article_modified_time":"2025-12-05T07:13:11+00:00","og_image":[{"width":2000,"height":2000,"url":"https:\/\/bemore.ee\/wp-content\/uploads\/2025\/11\/bemore_antiagingcream_simulatsioon-1.png","type":"image\/png"}],"twitter_card":"summary_large_image","twitter_misc":{"Est. reading time":"1 minute"},"schema":{"@context":"https:\/\/schema.org","@graph":[{"@type":"WebPage","@id":"https:\/\/bemore.ee\/toode\/vananemisvastane-naokreem-50ml\/","url":"https:\/\/bemore.ee\/toode\/vananemisvastane-naokreem-50ml\/","name":"Anti-aging cream with rose hip oil\u00a050ml - Be More","isPartOf":{"@id":"https:\/\/bemore.ee\/#website"},"primaryImageOfPage":{"@id":"https:\/\/bemore.ee\/toode\/vananemisvastane-naokreem-50ml\/#primaryimage"},"image":{"@id":"https:\/\/bemore.ee\/toode\/vananemisvastane-naokreem-50ml\/#primaryimage"},"thumbnailUrl":"https:\/\/bemore.ee\/wp-content\/uploads\/2025\/11\/bemore_antiagingcream_simulatsioon-1.png","datePublished":"2025-11-21T04:35:09+00:00","dateModified":"2025-12-05T07:13:11+00:00","description":"Be More supertoidusegud, teed, toorbatoonid ja toidulisandid on v\u00e4lja t\u00f6\u00f6tatud, et saaksid olla igap\u00e4evaselt parim versioon iseendast.","breadcrumb":{"@id":"https:\/\/bemore.ee\/toode\/vananemisvastane-naokreem-50ml\/#breadcrumb"},"inLanguage":"en-US","potentialAction":[{"@type":"ReadAction","target":["https:\/\/bemore.ee\/toode\/vananemisvastane-naokreem-50ml\/"]}]},{"@type":"ImageObject","inLanguage":"en-US","@id":"https:\/\/bemore.ee\/toode\/vananemisvastane-naokreem-50ml\/#primaryimage","url":"https:\/\/bemore.ee\/wp-content\/uploads\/2025\/11\/bemore_antiagingcream_simulatsioon-1.png","contentUrl":"https:\/\/bemore.ee\/wp-content\/uploads\/2025\/11\/bemore_antiagingcream_simulatsioon-1.png","width":2000,"height":2000},{"@type":"BreadcrumbList","@id":"https:\/\/bemore.ee\/toode\/vananemisvastane-naokreem-50ml\/#breadcrumb","itemListElement":[{"@type":"ListItem","position":1,"name":"Shop","item":"https:\/\/bemore.ee\/en\/shop\/"},{"@type":"ListItem","position":2,"name":"Anti-aging cream with rose hip oil\u00a050ml"}]},{"@type":"WebSite","@id":"https:\/\/bemore.ee\/#website","url":"https:\/\/bemore.ee\/","name":"Be More","description":"Supertoidud Sinu igap&auml;evaellu!","potentialAction":[{"@type":"SearchAction","target":{"@type":"EntryPoint","urlTemplate":"https:\/\/bemore.ee\/?s={search_term_string}"},"query-input":{"@type":"PropertyValueSpecification","valueRequired":true,"valueName":"search_term_string"}}],"inLanguage":"en-US"}]}},"_links":{"self":[{"href":"https:\/\/bemore.ee\/en\/wp-json\/wp\/v2\/product\/143660","targetHints":{"allow":["GET"]}}],"collection":[{"href":"https:\/\/bemore.ee\/en\/wp-json\/wp\/v2\/product"}],"about":[{"href":"https:\/\/bemore.ee\/en\/wp-json\/wp\/v2\/types\/product"}],"replies":[{"embeddable":true,"href":"https:\/\/bemore.ee\/en\/wp-json\/wp\/v2\/comments?post=143660"}],"wp:featuredmedia":[{"embeddable":true,"href":"https:\/\/bemore.ee\/en\/wp-json\/wp\/v2\/media\/143708"}],"wp:attachment":[{"href":"https:\/\/bemore.ee\/en\/wp-json\/wp\/v2\/media?parent=143660"}],"wp:term":[{"taxonomy":"product_brand","embeddable":true,"href":"https:\/\/bemore.ee\/en\/wp-json\/wp\/v2\/product_brand?post=143660"},{"taxonomy":"product_cat","embeddable":true,"href":"https:\/\/bemore.ee\/en\/wp-json\/wp\/v2\/product_cat?post=143660"},{"taxonomy":"product_tag","embeddable":true,"href":"https:\/\/bemore.ee\/en\/wp-json\/wp\/v2\/product_tag?post=143660"}],"curies":[{"name":"wp","href":"https:\/\/api.w.org\/{rel}","templated":true}]}}