{"id":143658,"date":"2025-11-21T06:33:50","date_gmt":"2025-11-21T04:33:50","guid":{"rendered":"https:\/\/bemore.ee\/?post_type=product&#038;p=143658"},"modified":"2026-02-06T08:11:08","modified_gmt":"2026-02-06T06:11:08","slug":"moisturizing-serum-with-hyaluronic-acid-30ml","status":"publish","type":"product","link":"https:\/\/bemore.ee\/en\/toode\/moisturizing-serum-with-hyaluronic-acid-30ml\/","title":{"rendered":"Moisturizing serum with hyaluronic acid 30ml"},"content":{"rendered":"<p>Rich in hyaluronic acid, this serum provides intense and longlasting hydration, lasting up to 8 hours after application. Particularly suited to dehydrated skin, it helps protect the skin from external aggressors. Pearly and light in texture, it absorbs easily without stickiness, while visibly brightening the complexion. It\u2019s the perfect ally for keeping your skin deeply hydrated all day long.<\/p>\n<p><strong>Key ingredients:<\/strong><\/p>\n<p>ROSE WATER<\/p>\n<ul>\n<li>Astringent and tightening effect<\/li>\n<li>Purifies, refreshes and softens the skin<\/li>\n<li>Promotes radiance of the complexion<\/li>\n<\/ul>\n<p>ALOE VERA DISTILLED WATER<\/p>\n<ul>\n<li>Rich in minerals and vitamins<\/li>\n<li>Strong moisturizing power<\/li>\n<li>Gently cleanses the skin<\/li>\n<\/ul>\n<p>HYALURONIC ACID<\/p>\n<ul>\n<li>Strengthens hydration, plumps and softens<\/li>\n<li>Improves suppleness and comfort<\/li>\n<li>Renowned anti-aging<\/li>\n<\/ul>\n<p><strong>Directons for use:\u00a0<\/strong><\/p>\n<p>Apply morning and\/or evening to the entire face and neck. Let the serum absorb and apply face cream if desired.<\/p>\n<p><strong>Ingredients:<\/strong><\/p>\n<p>99.2 % of the total ingredients are of natural origin. 61 % of the total ingredients are from organic farming<\/p>\n<p>Rosa Damascena Flower Water*, Aloe Barbadensis Leaf Water*, Aqua, Glycerin, Xylitylglucoside, Hydrolyzed Jojoba Esters, Polyglyceryl-10 Laurate, Xanthan Gum, Benzyl Alcohol, Anhydroxylitol, Parfum, Xylitol, Sodium Hyaluronate, Citric Acid, Dehydroacetic Acid, Linalool, Mica, Vanillin, CI 77491, Benzaldehyde<br \/>\n*Ingredient derived from organic farming<\/p>\n","protected":false},"excerpt":{"rendered":"<p><strong>A light, pearly serum that gives your skin a glow all day long.<\/strong><\/p>\n<ul>\n<li>Natural ingredients<\/li>\n<li>Dermatologically tested<\/li>\n<li>Vegan formula<\/li>\n<li>Produced in France<\/li>\n<li>Convenient bottle with a pipette<\/li>\n<li>Vanilla scent<\/li>\n<\/ul>\n","protected":false},"featured_media":144639,"comment_status":"open","ping_status":"closed","template":"","meta":{"_acf_changed":false},"product_brand":[],"product_cat":[641],"product_tag":[],"class_list":{"0":"post-143658","1":"product","2":"type-product","3":"status-publish","4":"has-post-thumbnail","6":"product_cat-beauty-products","8":"first","9":"instock","10":"taxable","11":"shipping-taxable","12":"purchasable","13":"product-type-simple"},"bundle_layout":"","bundled_by":[],"bundled_items":[],"acf":[],"yoast_head":"<!-- This site is optimized with the Yoast SEO plugin v27.5 - https:\/\/yoast.com\/product\/yoast-seo-wordpress\/ -->\n<title>Moisturizing serum with hyaluronic acid 30ml - Be More<\/title>\n<meta name=\"description\" content=\"Be More supertoidusegud, teed, toorbatoonid ja toidulisandid on v\u00e4lja t\u00f6\u00f6tatud, et saaksid olla igap\u00e4evaselt parim versioon iseendast.\" \/>\n<meta name=\"robots\" content=\"index, follow, max-snippet:-1, max-image-preview:large, max-video-preview:-1\" \/>\n<link rel=\"canonical\" href=\"https:\/\/bemore.ee\/toode\/niisutav-seerum-hualuroonhappega-30ml\/\" \/>\n<meta property=\"og:locale\" content=\"en_US\" \/>\n<meta property=\"og:type\" content=\"article\" \/>\n<meta property=\"og:title\" content=\"Moisturizing serum with hyaluronic acid 30ml - Be More\" \/>\n<meta property=\"og:description\" content=\"Be More supertoidusegud, teed, toorbatoonid ja toidulisandid on v\u00e4lja t\u00f6\u00f6tatud, et saaksid olla igap\u00e4evaselt parim versioon iseendast.\" \/>\n<meta property=\"og:url\" content=\"https:\/\/bemore.ee\/toode\/niisutav-seerum-hualuroonhappega-30ml\/\" \/>\n<meta property=\"og:site_name\" content=\"Be More\" \/>\n<meta property=\"article:modified_time\" content=\"2026-02-06T06:11:08+00:00\" \/>\n<meta property=\"og:image\" content=\"https:\/\/bemore.ee\/wp-content\/uploads\/2025\/11\/bemore_moisturizingserum_simulatsioon_ilulemmik2026-1.png\" \/>\n\t<meta property=\"og:image:width\" content=\"2000\" \/>\n\t<meta property=\"og:image:height\" content=\"2000\" \/>\n\t<meta property=\"og:image:type\" content=\"image\/png\" \/>\n<meta name=\"twitter:card\" content=\"summary_large_image\" \/>\n<meta name=\"twitter:label1\" content=\"Est. reading time\" \/>\n\t<meta name=\"twitter:data1\" content=\"1 minute\" \/>\n<script type=\"application\/ld+json\" class=\"yoast-schema-graph\">{\"@context\":\"https:\\\/\\\/schema.org\",\"@graph\":[{\"@type\":\"WebPage\",\"@id\":\"https:\\\/\\\/bemore.ee\\\/toode\\\/niisutav-seerum-hualuroonhappega-30ml\\\/\",\"url\":\"https:\\\/\\\/bemore.ee\\\/toode\\\/niisutav-seerum-hualuroonhappega-30ml\\\/\",\"name\":\"Moisturizing serum with hyaluronic acid 30ml - Be More\",\"isPartOf\":{\"@id\":\"https:\\\/\\\/bemore.ee\\\/#website\"},\"primaryImageOfPage\":{\"@id\":\"https:\\\/\\\/bemore.ee\\\/toode\\\/niisutav-seerum-hualuroonhappega-30ml\\\/#primaryimage\"},\"image\":{\"@id\":\"https:\\\/\\\/bemore.ee\\\/toode\\\/niisutav-seerum-hualuroonhappega-30ml\\\/#primaryimage\"},\"thumbnailUrl\":\"https:\\\/\\\/bemore.ee\\\/wp-content\\\/uploads\\\/2025\\\/11\\\/bemore_moisturizingserum_simulatsioon_ilulemmik2026-1.png\",\"datePublished\":\"2025-11-21T04:33:50+00:00\",\"dateModified\":\"2026-02-06T06:11:08+00:00\",\"description\":\"Be More supertoidusegud, teed, toorbatoonid ja toidulisandid on v\u00e4lja t\u00f6\u00f6tatud, et saaksid olla igap\u00e4evaselt parim versioon iseendast.\",\"breadcrumb\":{\"@id\":\"https:\\\/\\\/bemore.ee\\\/toode\\\/niisutav-seerum-hualuroonhappega-30ml\\\/#breadcrumb\"},\"inLanguage\":\"en-US\",\"potentialAction\":[{\"@type\":\"ReadAction\",\"target\":[\"https:\\\/\\\/bemore.ee\\\/toode\\\/niisutav-seerum-hualuroonhappega-30ml\\\/\"]}]},{\"@type\":\"ImageObject\",\"inLanguage\":\"en-US\",\"@id\":\"https:\\\/\\\/bemore.ee\\\/toode\\\/niisutav-seerum-hualuroonhappega-30ml\\\/#primaryimage\",\"url\":\"https:\\\/\\\/bemore.ee\\\/wp-content\\\/uploads\\\/2025\\\/11\\\/bemore_moisturizingserum_simulatsioon_ilulemmik2026-1.png\",\"contentUrl\":\"https:\\\/\\\/bemore.ee\\\/wp-content\\\/uploads\\\/2025\\\/11\\\/bemore_moisturizingserum_simulatsioon_ilulemmik2026-1.png\",\"width\":2000,\"height\":2000},{\"@type\":\"BreadcrumbList\",\"@id\":\"https:\\\/\\\/bemore.ee\\\/toode\\\/niisutav-seerum-hualuroonhappega-30ml\\\/#breadcrumb\",\"itemListElement\":[{\"@type\":\"ListItem\",\"position\":1,\"name\":\"Shop\",\"item\":\"https:\\\/\\\/bemore.ee\\\/en\\\/shop\\\/\"},{\"@type\":\"ListItem\",\"position\":2,\"name\":\"Moisturizing serum with hyaluronic acid 30ml\"}]},{\"@type\":\"WebSite\",\"@id\":\"https:\\\/\\\/bemore.ee\\\/#website\",\"url\":\"https:\\\/\\\/bemore.ee\\\/\",\"name\":\"Be More\",\"description\":\"Supertoidud Sinu igap&auml;evaellu!\",\"potentialAction\":[{\"@type\":\"SearchAction\",\"target\":{\"@type\":\"EntryPoint\",\"urlTemplate\":\"https:\\\/\\\/bemore.ee\\\/?s={search_term_string}\"},\"query-input\":{\"@type\":\"PropertyValueSpecification\",\"valueRequired\":true,\"valueName\":\"search_term_string\"}}],\"inLanguage\":\"en-US\"}]}<\/script>\n<!-- \/ Yoast SEO plugin. -->","yoast_head_json":{"title":"Moisturizing serum with hyaluronic acid 30ml - Be More","description":"Be More supertoidusegud, teed, toorbatoonid ja toidulisandid on v\u00e4lja t\u00f6\u00f6tatud, et saaksid olla igap\u00e4evaselt parim versioon iseendast.","robots":{"index":"index","follow":"follow","max-snippet":"max-snippet:-1","max-image-preview":"max-image-preview:large","max-video-preview":"max-video-preview:-1"},"canonical":"https:\/\/bemore.ee\/toode\/niisutav-seerum-hualuroonhappega-30ml\/","og_locale":"en_US","og_type":"article","og_title":"Moisturizing serum with hyaluronic acid 30ml - Be More","og_description":"Be More supertoidusegud, teed, toorbatoonid ja toidulisandid on v\u00e4lja t\u00f6\u00f6tatud, et saaksid olla igap\u00e4evaselt parim versioon iseendast.","og_url":"https:\/\/bemore.ee\/toode\/niisutav-seerum-hualuroonhappega-30ml\/","og_site_name":"Be More","article_modified_time":"2026-02-06T06:11:08+00:00","og_image":[{"width":2000,"height":2000,"url":"https:\/\/bemore.ee\/wp-content\/uploads\/2025\/11\/bemore_moisturizingserum_simulatsioon_ilulemmik2026-1.png","type":"image\/png"}],"twitter_card":"summary_large_image","twitter_misc":{"Est. reading time":"1 minute"},"schema":{"@context":"https:\/\/schema.org","@graph":[{"@type":"WebPage","@id":"https:\/\/bemore.ee\/toode\/niisutav-seerum-hualuroonhappega-30ml\/","url":"https:\/\/bemore.ee\/toode\/niisutav-seerum-hualuroonhappega-30ml\/","name":"Moisturizing serum with hyaluronic acid 30ml - Be More","isPartOf":{"@id":"https:\/\/bemore.ee\/#website"},"primaryImageOfPage":{"@id":"https:\/\/bemore.ee\/toode\/niisutav-seerum-hualuroonhappega-30ml\/#primaryimage"},"image":{"@id":"https:\/\/bemore.ee\/toode\/niisutav-seerum-hualuroonhappega-30ml\/#primaryimage"},"thumbnailUrl":"https:\/\/bemore.ee\/wp-content\/uploads\/2025\/11\/bemore_moisturizingserum_simulatsioon_ilulemmik2026-1.png","datePublished":"2025-11-21T04:33:50+00:00","dateModified":"2026-02-06T06:11:08+00:00","description":"Be More supertoidusegud, teed, toorbatoonid ja toidulisandid on v\u00e4lja t\u00f6\u00f6tatud, et saaksid olla igap\u00e4evaselt parim versioon iseendast.","breadcrumb":{"@id":"https:\/\/bemore.ee\/toode\/niisutav-seerum-hualuroonhappega-30ml\/#breadcrumb"},"inLanguage":"en-US","potentialAction":[{"@type":"ReadAction","target":["https:\/\/bemore.ee\/toode\/niisutav-seerum-hualuroonhappega-30ml\/"]}]},{"@type":"ImageObject","inLanguage":"en-US","@id":"https:\/\/bemore.ee\/toode\/niisutav-seerum-hualuroonhappega-30ml\/#primaryimage","url":"https:\/\/bemore.ee\/wp-content\/uploads\/2025\/11\/bemore_moisturizingserum_simulatsioon_ilulemmik2026-1.png","contentUrl":"https:\/\/bemore.ee\/wp-content\/uploads\/2025\/11\/bemore_moisturizingserum_simulatsioon_ilulemmik2026-1.png","width":2000,"height":2000},{"@type":"BreadcrumbList","@id":"https:\/\/bemore.ee\/toode\/niisutav-seerum-hualuroonhappega-30ml\/#breadcrumb","itemListElement":[{"@type":"ListItem","position":1,"name":"Shop","item":"https:\/\/bemore.ee\/en\/shop\/"},{"@type":"ListItem","position":2,"name":"Moisturizing serum with hyaluronic acid 30ml"}]},{"@type":"WebSite","@id":"https:\/\/bemore.ee\/#website","url":"https:\/\/bemore.ee\/","name":"Be More","description":"Supertoidud Sinu igap&auml;evaellu!","potentialAction":[{"@type":"SearchAction","target":{"@type":"EntryPoint","urlTemplate":"https:\/\/bemore.ee\/?s={search_term_string}"},"query-input":{"@type":"PropertyValueSpecification","valueRequired":true,"valueName":"search_term_string"}}],"inLanguage":"en-US"}]}},"_links":{"self":[{"href":"https:\/\/bemore.ee\/en\/wp-json\/wp\/v2\/product\/143658","targetHints":{"allow":["GET"]}}],"collection":[{"href":"https:\/\/bemore.ee\/en\/wp-json\/wp\/v2\/product"}],"about":[{"href":"https:\/\/bemore.ee\/en\/wp-json\/wp\/v2\/types\/product"}],"replies":[{"embeddable":true,"href":"https:\/\/bemore.ee\/en\/wp-json\/wp\/v2\/comments?post=143658"}],"wp:featuredmedia":[{"embeddable":true,"href":"https:\/\/bemore.ee\/en\/wp-json\/wp\/v2\/media\/144639"}],"wp:attachment":[{"href":"https:\/\/bemore.ee\/en\/wp-json\/wp\/v2\/media?parent=143658"}],"wp:term":[{"taxonomy":"product_brand","embeddable":true,"href":"https:\/\/bemore.ee\/en\/wp-json\/wp\/v2\/product_brand?post=143658"},{"taxonomy":"product_cat","embeddable":true,"href":"https:\/\/bemore.ee\/en\/wp-json\/wp\/v2\/product_cat?post=143658"},{"taxonomy":"product_tag","embeddable":true,"href":"https:\/\/bemore.ee\/en\/wp-json\/wp\/v2\/product_tag?post=143658"}],"curies":[{"name":"wp","href":"https:\/\/api.w.org\/{rel}","templated":true}]}}