{"id":143654,"date":"2025-11-21T06:16:48","date_gmt":"2025-11-21T04:16:48","guid":{"rendered":"https:\/\/bemore.ee\/?post_type=product&#038;p=143654"},"modified":"2025-12-05T09:11:50","modified_gmt":"2025-12-05T07:11:50","slug":"cleansing-foam-with-aloe-vera-150ml","status":"publish","type":"product","link":"https:\/\/bemore.ee\/en\/toode\/cleansing-foam-with-aloe-vera-150ml\/","title":{"rendered":"Cleansing foam with aloe vera 150ml"},"content":{"rendered":"<p>This facial cleanser transforms into a fine, light lather thanks to its foamer pump. The very gentle surfactants in it remove all traces of impurities and makeup. Delicately scented and enriched with aloe vera, it provides softness and comfort.<\/p>\n<p><b>Key ingredients: <\/b><\/p>\n<p>ALOE VERA<\/p>\n<ul>\n<li>Rich in minerals and vitamins<\/li>\n<li>Strong moisturizing power<\/li>\n<li>Gently cleanses the skin<\/li>\n<\/ul>\n<p>APRICOT KERNEL OIL<\/p>\n<ul>\n<li>Rich in vitamins A and E<\/li>\n<li>Revitalizes, tones and softens<\/li>\n<li>Improves skin elasticity<\/li>\n<\/ul>\n<p>COCONUT-DERIVED SURFACTANTS<\/p>\n<ul>\n<li>Mild cleaning agents<\/li>\n<li>Suitable for sensitive skin<\/li>\n<\/ul>\n<p><strong>Directions:<\/strong><\/p>\n<p>Massage onto damp face in circular motions. Then rinse with clean water.<\/p>\n<p><strong>Ingredients:\u00a0<\/strong><\/p>\n<p>100 % of the total ingredients are of natural origin. 61.1 % of the total ingredients are from organic farming<\/p>\n<p>Aloe Barbadensis Leaf Water*, Aqua, Coco-Glucoside, Glycerin, Disodium Cocoyl Glutamate, Parfum, Citric Acid, Sodium Cocoyl Glutamate, Sodium Levulinate, Apricot Kernel Oil Polyglyceryl-6 Esters, Citral, Limonene, Sodium Anisate, Citrus Limon Peel Oil, Citrus Aurantium Peel Oil, Pinene, Geraniol, Linalyl Acetate, Linalool, Eucalyptus Globulus Oil<br \/>\n*Ingredient derived from organic farming<\/p>\n","protected":false},"excerpt":{"rendered":"<p>Aloe-enriched facial foam &#8211; the perfect way to start your morning and evening cleansing ritual.<\/p>\n<ul>\n<li>100% natural ingredients<\/li>\n<li>Dermatologically tested<\/li>\n<li>Vegan formula<\/li>\n<li>Produced in France<\/li>\n<li>Convenient pump bottle<\/li>\n<li>Refreshing and invigorating lemon scent<\/li>\n<\/ul>\n","protected":false},"featured_media":144636,"comment_status":"open","ping_status":"closed","template":"","meta":{"_acf_changed":false},"product_brand":[],"product_cat":[641],"product_tag":[],"class_list":{"0":"post-143654","1":"product","2":"type-product","3":"status-publish","4":"has-post-thumbnail","6":"product_cat-beauty-products","8":"first","9":"instock","10":"taxable","11":"shipping-taxable","12":"purchasable","13":"product-type-simple"},"bundle_layout":"","bundled_by":[],"bundled_items":[],"acf":[],"yoast_head":"<!-- This site is optimized with the Yoast SEO plugin v27.5 - https:\/\/yoast.com\/product\/yoast-seo-wordpress\/ -->\n<title>Cleansing foam with aloe vera 150ml - Be More<\/title>\n<meta name=\"description\" content=\"Be More supertoidusegud, teed, toorbatoonid ja toidulisandid on v\u00e4lja t\u00f6\u00f6tatud, et saaksid olla igap\u00e4evaselt parim versioon iseendast.\" \/>\n<meta name=\"robots\" content=\"index, follow, max-snippet:-1, max-image-preview:large, max-video-preview:-1\" \/>\n<link rel=\"canonical\" href=\"https:\/\/bemore.ee\/toode\/naopuhastusvaht-aaloe-veraga-150ml\/\" \/>\n<meta property=\"og:locale\" content=\"en_US\" \/>\n<meta property=\"og:type\" content=\"article\" \/>\n<meta property=\"og:title\" content=\"Cleansing foam with aloe vera 150ml - Be More\" \/>\n<meta property=\"og:description\" content=\"Be More supertoidusegud, teed, toorbatoonid ja toidulisandid on v\u00e4lja t\u00f6\u00f6tatud, et saaksid olla igap\u00e4evaselt parim versioon iseendast.\" \/>\n<meta property=\"og:url\" content=\"https:\/\/bemore.ee\/toode\/naopuhastusvaht-aaloe-veraga-150ml\/\" \/>\n<meta property=\"og:site_name\" content=\"Be More\" \/>\n<meta property=\"article:modified_time\" content=\"2025-12-05T07:11:50+00:00\" \/>\n<meta property=\"og:image\" content=\"https:\/\/bemore.ee\/wp-content\/uploads\/2025\/11\/bemore_cleansingfoam_simulatsioon_ilulemmik2026-1.png\" \/>\n\t<meta property=\"og:image:width\" content=\"2000\" \/>\n\t<meta property=\"og:image:height\" content=\"2000\" \/>\n\t<meta property=\"og:image:type\" content=\"image\/png\" \/>\n<meta name=\"twitter:card\" content=\"summary_large_image\" \/>\n<meta name=\"twitter:label1\" content=\"Est. reading time\" \/>\n\t<meta name=\"twitter:data1\" content=\"1 minute\" \/>\n<script type=\"application\/ld+json\" class=\"yoast-schema-graph\">{\"@context\":\"https:\\\/\\\/schema.org\",\"@graph\":[{\"@type\":\"WebPage\",\"@id\":\"https:\\\/\\\/bemore.ee\\\/toode\\\/naopuhastusvaht-aaloe-veraga-150ml\\\/\",\"url\":\"https:\\\/\\\/bemore.ee\\\/toode\\\/naopuhastusvaht-aaloe-veraga-150ml\\\/\",\"name\":\"Cleansing foam with aloe vera 150ml - Be More\",\"isPartOf\":{\"@id\":\"https:\\\/\\\/bemore.ee\\\/#website\"},\"primaryImageOfPage\":{\"@id\":\"https:\\\/\\\/bemore.ee\\\/toode\\\/naopuhastusvaht-aaloe-veraga-150ml\\\/#primaryimage\"},\"image\":{\"@id\":\"https:\\\/\\\/bemore.ee\\\/toode\\\/naopuhastusvaht-aaloe-veraga-150ml\\\/#primaryimage\"},\"thumbnailUrl\":\"https:\\\/\\\/bemore.ee\\\/wp-content\\\/uploads\\\/2025\\\/11\\\/bemore_cleansingfoam_simulatsioon_ilulemmik2026-1.png\",\"datePublished\":\"2025-11-21T04:16:48+00:00\",\"dateModified\":\"2025-12-05T07:11:50+00:00\",\"description\":\"Be More supertoidusegud, teed, toorbatoonid ja toidulisandid on v\u00e4lja t\u00f6\u00f6tatud, et saaksid olla igap\u00e4evaselt parim versioon iseendast.\",\"breadcrumb\":{\"@id\":\"https:\\\/\\\/bemore.ee\\\/toode\\\/naopuhastusvaht-aaloe-veraga-150ml\\\/#breadcrumb\"},\"inLanguage\":\"en-US\",\"potentialAction\":[{\"@type\":\"ReadAction\",\"target\":[\"https:\\\/\\\/bemore.ee\\\/toode\\\/naopuhastusvaht-aaloe-veraga-150ml\\\/\"]}]},{\"@type\":\"ImageObject\",\"inLanguage\":\"en-US\",\"@id\":\"https:\\\/\\\/bemore.ee\\\/toode\\\/naopuhastusvaht-aaloe-veraga-150ml\\\/#primaryimage\",\"url\":\"https:\\\/\\\/bemore.ee\\\/wp-content\\\/uploads\\\/2025\\\/11\\\/bemore_cleansingfoam_simulatsioon_ilulemmik2026-1.png\",\"contentUrl\":\"https:\\\/\\\/bemore.ee\\\/wp-content\\\/uploads\\\/2025\\\/11\\\/bemore_cleansingfoam_simulatsioon_ilulemmik2026-1.png\",\"width\":2000,\"height\":2000},{\"@type\":\"BreadcrumbList\",\"@id\":\"https:\\\/\\\/bemore.ee\\\/toode\\\/naopuhastusvaht-aaloe-veraga-150ml\\\/#breadcrumb\",\"itemListElement\":[{\"@type\":\"ListItem\",\"position\":1,\"name\":\"Shop\",\"item\":\"https:\\\/\\\/bemore.ee\\\/en\\\/shop\\\/\"},{\"@type\":\"ListItem\",\"position\":2,\"name\":\"Cleansing foam with aloe vera 150ml\"}]},{\"@type\":\"WebSite\",\"@id\":\"https:\\\/\\\/bemore.ee\\\/#website\",\"url\":\"https:\\\/\\\/bemore.ee\\\/\",\"name\":\"Be More\",\"description\":\"Supertoidud Sinu igap&auml;evaellu!\",\"potentialAction\":[{\"@type\":\"SearchAction\",\"target\":{\"@type\":\"EntryPoint\",\"urlTemplate\":\"https:\\\/\\\/bemore.ee\\\/?s={search_term_string}\"},\"query-input\":{\"@type\":\"PropertyValueSpecification\",\"valueRequired\":true,\"valueName\":\"search_term_string\"}}],\"inLanguage\":\"en-US\"}]}<\/script>\n<!-- \/ Yoast SEO plugin. -->","yoast_head_json":{"title":"Cleansing foam with aloe vera 150ml - Be More","description":"Be More supertoidusegud, teed, toorbatoonid ja toidulisandid on v\u00e4lja t\u00f6\u00f6tatud, et saaksid olla igap\u00e4evaselt parim versioon iseendast.","robots":{"index":"index","follow":"follow","max-snippet":"max-snippet:-1","max-image-preview":"max-image-preview:large","max-video-preview":"max-video-preview:-1"},"canonical":"https:\/\/bemore.ee\/toode\/naopuhastusvaht-aaloe-veraga-150ml\/","og_locale":"en_US","og_type":"article","og_title":"Cleansing foam with aloe vera 150ml - Be More","og_description":"Be More supertoidusegud, teed, toorbatoonid ja toidulisandid on v\u00e4lja t\u00f6\u00f6tatud, et saaksid olla igap\u00e4evaselt parim versioon iseendast.","og_url":"https:\/\/bemore.ee\/toode\/naopuhastusvaht-aaloe-veraga-150ml\/","og_site_name":"Be More","article_modified_time":"2025-12-05T07:11:50+00:00","og_image":[{"width":2000,"height":2000,"url":"https:\/\/bemore.ee\/wp-content\/uploads\/2025\/11\/bemore_cleansingfoam_simulatsioon_ilulemmik2026-1.png","type":"image\/png"}],"twitter_card":"summary_large_image","twitter_misc":{"Est. reading time":"1 minute"},"schema":{"@context":"https:\/\/schema.org","@graph":[{"@type":"WebPage","@id":"https:\/\/bemore.ee\/toode\/naopuhastusvaht-aaloe-veraga-150ml\/","url":"https:\/\/bemore.ee\/toode\/naopuhastusvaht-aaloe-veraga-150ml\/","name":"Cleansing foam with aloe vera 150ml - Be More","isPartOf":{"@id":"https:\/\/bemore.ee\/#website"},"primaryImageOfPage":{"@id":"https:\/\/bemore.ee\/toode\/naopuhastusvaht-aaloe-veraga-150ml\/#primaryimage"},"image":{"@id":"https:\/\/bemore.ee\/toode\/naopuhastusvaht-aaloe-veraga-150ml\/#primaryimage"},"thumbnailUrl":"https:\/\/bemore.ee\/wp-content\/uploads\/2025\/11\/bemore_cleansingfoam_simulatsioon_ilulemmik2026-1.png","datePublished":"2025-11-21T04:16:48+00:00","dateModified":"2025-12-05T07:11:50+00:00","description":"Be More supertoidusegud, teed, toorbatoonid ja toidulisandid on v\u00e4lja t\u00f6\u00f6tatud, et saaksid olla igap\u00e4evaselt parim versioon iseendast.","breadcrumb":{"@id":"https:\/\/bemore.ee\/toode\/naopuhastusvaht-aaloe-veraga-150ml\/#breadcrumb"},"inLanguage":"en-US","potentialAction":[{"@type":"ReadAction","target":["https:\/\/bemore.ee\/toode\/naopuhastusvaht-aaloe-veraga-150ml\/"]}]},{"@type":"ImageObject","inLanguage":"en-US","@id":"https:\/\/bemore.ee\/toode\/naopuhastusvaht-aaloe-veraga-150ml\/#primaryimage","url":"https:\/\/bemore.ee\/wp-content\/uploads\/2025\/11\/bemore_cleansingfoam_simulatsioon_ilulemmik2026-1.png","contentUrl":"https:\/\/bemore.ee\/wp-content\/uploads\/2025\/11\/bemore_cleansingfoam_simulatsioon_ilulemmik2026-1.png","width":2000,"height":2000},{"@type":"BreadcrumbList","@id":"https:\/\/bemore.ee\/toode\/naopuhastusvaht-aaloe-veraga-150ml\/#breadcrumb","itemListElement":[{"@type":"ListItem","position":1,"name":"Shop","item":"https:\/\/bemore.ee\/en\/shop\/"},{"@type":"ListItem","position":2,"name":"Cleansing foam with aloe vera 150ml"}]},{"@type":"WebSite","@id":"https:\/\/bemore.ee\/#website","url":"https:\/\/bemore.ee\/","name":"Be More","description":"Supertoidud Sinu igap&auml;evaellu!","potentialAction":[{"@type":"SearchAction","target":{"@type":"EntryPoint","urlTemplate":"https:\/\/bemore.ee\/?s={search_term_string}"},"query-input":{"@type":"PropertyValueSpecification","valueRequired":true,"valueName":"search_term_string"}}],"inLanguage":"en-US"}]}},"_links":{"self":[{"href":"https:\/\/bemore.ee\/en\/wp-json\/wp\/v2\/product\/143654","targetHints":{"allow":["GET"]}}],"collection":[{"href":"https:\/\/bemore.ee\/en\/wp-json\/wp\/v2\/product"}],"about":[{"href":"https:\/\/bemore.ee\/en\/wp-json\/wp\/v2\/types\/product"}],"replies":[{"embeddable":true,"href":"https:\/\/bemore.ee\/en\/wp-json\/wp\/v2\/comments?post=143654"}],"wp:featuredmedia":[{"embeddable":true,"href":"https:\/\/bemore.ee\/en\/wp-json\/wp\/v2\/media\/144636"}],"wp:attachment":[{"href":"https:\/\/bemore.ee\/en\/wp-json\/wp\/v2\/media?parent=143654"}],"wp:term":[{"taxonomy":"product_brand","embeddable":true,"href":"https:\/\/bemore.ee\/en\/wp-json\/wp\/v2\/product_brand?post=143654"},{"taxonomy":"product_cat","embeddable":true,"href":"https:\/\/bemore.ee\/en\/wp-json\/wp\/v2\/product_cat?post=143654"},{"taxonomy":"product_tag","embeddable":true,"href":"https:\/\/bemore.ee\/en\/wp-json\/wp\/v2\/product_tag?post=143654"}],"curies":[{"name":"wp","href":"https:\/\/api.w.org\/{rel}","templated":true}]}}