{"id":142552,"date":"2025-10-10T13:56:28","date_gmt":"2025-10-10T10:56:28","guid":{"rendered":"https:\/\/bemore.ee\/?post_type=product&#038;p=142552"},"modified":"2025-10-10T14:10:32","modified_gmt":"2025-10-10T11:10:32","slug":"combo-of-all-ice-cream-powders","status":"publish","type":"product","link":"https:\/\/bemore.ee\/en\/toode\/combo-of-all-ice-cream-powders\/","title":{"rendered":"Combo of all ice cream powders"},"content":{"rendered":"<h4><strong>Combo package of all our ice cream powders enriched with Be More superfood mixes. Healthy and easy way to make a dessert that anyone can enjoy!<\/strong><\/h4>\n<p>Three different ones: <strong>Be Active vegan ice cream powder<\/strong> is enriched with blackcurrant powder, freeze-dried blackcurrant pieces, Be Active superfood mix and the fiber inulin. <strong>Be Fit vegan ice cream powder<\/strong> is enriched with raw cocoa powder, raw cocoa nibs, Be Fit superfood mix and the fiber inulin. <strong>Collagen ice cream powder<\/strong> with a unique composition contains <a href=\"https:\/\/bemore.ee\/en\/toode\/collagen-edition-raspberryncherry-150g\/\">COLLAGEN EDITION Raspberry &amp; Cherry collagen mix<\/a> and is enriched with dragon fruit powder, freeze-dried raspberry flour and fiber inulin. Collagen is the most abundant protein in our body, but the body&#8217;s ability to synthesize it decreases with age. The collagen mix in our ice cream powder contains high-quality hydrolyzed bovine collagen, which helps improve skin elasticity and supports joint health.<\/p>\n<p>All you need for tasty ice cream is liquid, a container or a cup and a hand mixer. We recommend using a cylindrical container or a cup.<\/p>\n<p><strong>Directions for use:<\/strong><\/p>\n<p>200 g of ice cream powder <em>aka<\/em> one package = 1 L of ice cream.<\/p>\n<ol>\n<li>Dissolve 200 g of powder in 300 ml of cold water or 350 ml of plant-based drink (e.g almond drink).<\/li>\n<li>Put the mixture into freezer for at least 1,5 hours.<\/li>\n<li>Whip the mix using electric mixer for 2-5 minutes until it is fluffy enough.<\/li>\n<li>Put again into freezer for at least 6 hours or leave it overnight.<\/li>\n<\/ol>\n<h4><strong>Notice! <\/strong><\/h4>\n<p>The freezing time should be reduced if you want to make a smaller amount of ice cream and increased if you want to make a larger amount of ice cream.<\/p>\n<h4><strong>All ice cream powders are suitable for:<\/strong><\/h4>\n<ul>\n<li>people who are lactose intolerant<\/li>\n<li>kids<\/li>\n<li>pregnant and nursing mothers<\/li>\n<li>healthy ice cream lovers<\/li>\n<\/ul>\n<p><strong>Be fit and Be Active ice cream powders are also suitable for vegans!<\/strong><\/p>\n<h4><strong>What does this product consist of?<\/strong><\/h4>\n<p>Be Active ingredients: agave sugar, coconut fat, freeze-dried blackcurrant powder (11%), maltodextrin, freeze-dried\u00a0 blackcurrant pieces (7%), Be Active superfood mix (beetroot powder, freeze-dried blackcurrant powder (25%), freeze-dried goji berry powder, chia seeds, freeze-dried camu-camu powder), inulin, inactive Lalmin\u00ae Vita D yeast (natural Vitamin D and B12 yeast), freeze-dried banana powder, pea protein, stabilizers (triphosphates, sodium alginate, potassium phosphate; emulsifier mono- and diglycerides of fatty acids, guar gum), salt.<\/p>\n<p>Be Fit ingredients: agave sugar, coconut fat, raw cocoa powder (14%), maltodextrin, raw cacao nibs (6%), inulin,\u00a0Be Fit superfood mix (pea protein powder, raw cocoa powder (25%), hemp protein powder, freeze-dried goji berry powder, hemp seeds), inactive Lalmin\u00ae Vita D yeast (natural Vitamin D and B12 yeast),\u00a0freeze-dried banana powder, pea protein, stabilizers (triphosphates, sodium alginate, potassium phosphate; emulsifier mono- and diglycerides of fatty acids, guar gum), salt.<\/p>\n<p>Collagen ice cream powder ingredients: agave sugar, coconut fat, COLLAGEN EDITION Raspberry\u2019n\u2019Cherry collagen mix (hydrolysed bovine collagen, freeze-dried raspberry powder, freeze-dried cherry powder, freeze-dried camu-camu powder, freeze-dried lemon powder), maltodextrin, freeze-dried raspberry powder, inulin, raspberry granules, dragon fruit powder, inactive Lalmin\u00ae Vita D yeast (natural Vitamin D and B12 yeast), pea protein, stabilizers (triphosphates, sodium alginate, potassium phosphate; emulsifier mono- and diglycerides of fatty acids, guar gum), salt.<\/p>\n<h4><strong>Storage<\/strong><\/h4>\n<p>Keep in cool and dry place without direct sunlight.<\/p>\n<h4><strong>What does <\/strong><strong>it <\/strong><strong>taste like?<\/strong><\/h4>\n<p>You will get blackcurrant flavored ice cream with crunchy blackcurrant bits out of Be Active ice cream powder.<\/p>\n<p>You will get cocoa flavored ice cream with crunchy raw cocoa chunks out of Be Fit ice cream powder.<\/p>\n<p>You will get nice raspberry and cherry taste with Collagen ice cream powder.<\/p>\n","protected":false},"excerpt":{"rendered":"<p>T<strong>he most delicious combo of ice cream powders enriched with superfoods!<\/strong><\/p>\n<ul>\n<li><strong>Sweetened with agave sugar<\/strong><\/li>\n<li>3 flavors<\/li>\n<li>Prepare at home with a hand blender<\/li>\n<li><strong>200 g<\/strong> of powder aka one package <strong>gives 1 L of ice cream<\/strong><\/li>\n<li>Quick and easy to prepare<\/li>\n<li>High in protein and vitamin C<\/li>\n<li><strong>Suitable for people with milk and lactose intolerance<\/strong><\/li>\n<li>Combo pack always cheaper than buying separately<\/li>\n<\/ul>\n","protected":false},"featured_media":140900,"comment_status":"open","ping_status":"closed","template":"","meta":{"_acf_changed":false},"product_brand":[],"product_cat":[545,332],"product_tag":[],"class_list":{"0":"post-142552","1":"product","2":"type-product","3":"status-publish","4":"has-post-thumbnail","6":"product_cat-ice-cream-powders","7":"product_cat-combo-deals","9":"first","10":"instock","11":"sale","12":"taxable","13":"shipping-taxable","14":"purchasable","15":"product-type-bundle"},"bundle_layout":"default","bundled_by":[],"bundled_items":[{"bundled_item_id":2081,"product_id":131311,"menu_order":0,"quantity_min":1,"quantity_max":1,"priced_individually":false,"shipped_individually":false,"override_title":false,"title":"Vegan ice cream powder Be Fit, 200g","override_description":false,"description":"Vegan ice cream powder Be Fit, 200g","optional":false,"hide_thumbnail":false,"discount":"","override_variations":false,"allowed_variations":[""],"override_default_variation_attributes":false,"default_variation_attributes":[],"single_product_visibility":"visible","cart_visibility":"visible","order_visibility":"visible","single_product_price_visibility":"visible","cart_price_visibility":"visible","order_price_visibility":"visible","stock_status":"in_stock"},{"bundled_item_id":2082,"product_id":131310,"menu_order":1,"quantity_min":1,"quantity_max":1,"priced_individually":false,"shipped_individually":false,"override_title":false,"title":"Vegan ice cream powder Be Active, 200g","override_description":false,"description":"Vegan ice cream powder Be Active, 200g","optional":false,"hide_thumbnail":false,"discount":"","override_variations":false,"allowed_variations":[""],"override_default_variation_attributes":false,"default_variation_attributes":[],"single_product_visibility":"visible","cart_visibility":"visible","order_visibility":"visible","single_product_price_visibility":"visible","cart_price_visibility":"visible","order_price_visibility":"visible","stock_status":"in_stock"},{"bundled_item_id":2083,"product_id":134135,"menu_order":2,"quantity_min":1,"quantity_max":1,"priced_individually":false,"shipped_individually":false,"override_title":false,"title":"COLLAGEN ICE CREAM POWDER WITH RASPBERRY AND CHERRY","override_description":false,"description":"COLLAGEN ICE CREAM POWDER WITH RASPBERRY AND CHERRY","optional":false,"hide_thumbnail":false,"discount":"","override_variations":false,"allowed_variations":[""],"override_default_variation_attributes":false,"default_variation_attributes":[],"single_product_visibility":"visible","cart_visibility":"visible","order_visibility":"visible","single_product_price_visibility":"visible","cart_price_visibility":"visible","order_price_visibility":"visible","stock_status":"in_stock"}],"acf":[],"yoast_head":"<!-- This site is optimized with the Yoast SEO plugin v27.5 - https:\/\/yoast.com\/product\/yoast-seo-wordpress\/ -->\n<title>Combo of all ice cream powders - Be More<\/title>\n<meta name=\"description\" content=\"Be More supertoidusegud, teed, toorbatoonid ja toidulisandid on v\u00e4lja t\u00f6\u00f6tatud, et saaksid olla igap\u00e4evaselt parim versioon iseendast.\" \/>\n<meta name=\"robots\" content=\"index, follow, max-snippet:-1, max-image-preview:large, max-video-preview:-1\" \/>\n<link rel=\"canonical\" href=\"https:\/\/bemore.ee\/en\/toode\/combo-of-all-ice-cream-powders\/\" \/>\n<meta property=\"og:locale\" content=\"en_US\" \/>\n<meta property=\"og:type\" content=\"article\" \/>\n<meta property=\"og:title\" content=\"Combo of all ice cream powders - Be More\" \/>\n<meta property=\"og:description\" content=\"Be More supertoidusegud, teed, toorbatoonid ja toidulisandid on v\u00e4lja t\u00f6\u00f6tatud, et saaksid olla igap\u00e4evaselt parim versioon iseendast.\" \/>\n<meta property=\"og:url\" content=\"https:\/\/bemore.ee\/en\/toode\/combo-of-all-ice-cream-powders\/\" \/>\n<meta property=\"og:site_name\" content=\"Be More\" \/>\n<meta property=\"article:modified_time\" content=\"2025-10-10T11:10:32+00:00\" \/>\n<meta property=\"og:image\" content=\"https:\/\/bemore.ee\/wp-content\/uploads\/2025\/08\/jaatised-kombo_taustaga-scaled.jpg\" \/>\n\t<meta property=\"og:image:width\" content=\"2560\" \/>\n\t<meta property=\"og:image:height\" content=\"2560\" \/>\n\t<meta property=\"og:image:type\" content=\"image\/jpeg\" \/>\n<meta name=\"twitter:card\" content=\"summary_large_image\" \/>\n<meta name=\"twitter:label1\" content=\"Est. reading time\" \/>\n\t<meta name=\"twitter:data1\" content=\"4 minutes\" \/>\n<script type=\"application\/ld+json\" class=\"yoast-schema-graph\">{\"@context\":\"https:\\\/\\\/schema.org\",\"@graph\":[{\"@type\":\"WebPage\",\"@id\":\"https:\\\/\\\/bemore.ee\\\/en\\\/toode\\\/combo-of-all-ice-cream-powders\\\/\",\"url\":\"https:\\\/\\\/bemore.ee\\\/en\\\/toode\\\/combo-of-all-ice-cream-powders\\\/\",\"name\":\"Combo of all ice cream powders - Be More\",\"isPartOf\":{\"@id\":\"https:\\\/\\\/bemore.ee\\\/#website\"},\"primaryImageOfPage\":{\"@id\":\"https:\\\/\\\/bemore.ee\\\/en\\\/toode\\\/combo-of-all-ice-cream-powders\\\/#primaryimage\"},\"image\":{\"@id\":\"https:\\\/\\\/bemore.ee\\\/en\\\/toode\\\/combo-of-all-ice-cream-powders\\\/#primaryimage\"},\"thumbnailUrl\":\"https:\\\/\\\/bemore.ee\\\/wp-content\\\/uploads\\\/2025\\\/08\\\/jaatised-kombo_taustaga-scaled.jpg\",\"datePublished\":\"2025-10-10T10:56:28+00:00\",\"dateModified\":\"2025-10-10T11:10:32+00:00\",\"description\":\"Be More supertoidusegud, teed, toorbatoonid ja toidulisandid on v\u00e4lja t\u00f6\u00f6tatud, et saaksid olla igap\u00e4evaselt parim versioon iseendast.\",\"breadcrumb\":{\"@id\":\"https:\\\/\\\/bemore.ee\\\/en\\\/toode\\\/combo-of-all-ice-cream-powders\\\/#breadcrumb\"},\"inLanguage\":\"en-US\",\"potentialAction\":[{\"@type\":\"ReadAction\",\"target\":[\"https:\\\/\\\/bemore.ee\\\/en\\\/toode\\\/combo-of-all-ice-cream-powders\\\/\"]}]},{\"@type\":\"ImageObject\",\"inLanguage\":\"en-US\",\"@id\":\"https:\\\/\\\/bemore.ee\\\/en\\\/toode\\\/combo-of-all-ice-cream-powders\\\/#primaryimage\",\"url\":\"https:\\\/\\\/bemore.ee\\\/wp-content\\\/uploads\\\/2025\\\/08\\\/jaatised-kombo_taustaga-scaled.jpg\",\"contentUrl\":\"https:\\\/\\\/bemore.ee\\\/wp-content\\\/uploads\\\/2025\\\/08\\\/jaatised-kombo_taustaga-scaled.jpg\",\"width\":2560,\"height\":2560},{\"@type\":\"BreadcrumbList\",\"@id\":\"https:\\\/\\\/bemore.ee\\\/en\\\/toode\\\/combo-of-all-ice-cream-powders\\\/#breadcrumb\",\"itemListElement\":[{\"@type\":\"ListItem\",\"position\":1,\"name\":\"Shop\",\"item\":\"https:\\\/\\\/bemore.ee\\\/en\\\/shop\\\/\"},{\"@type\":\"ListItem\",\"position\":2,\"name\":\"Combo of all ice cream powders\"}]},{\"@type\":\"WebSite\",\"@id\":\"https:\\\/\\\/bemore.ee\\\/#website\",\"url\":\"https:\\\/\\\/bemore.ee\\\/\",\"name\":\"Be More\",\"description\":\"Supertoidud Sinu igap&auml;evaellu!\",\"potentialAction\":[{\"@type\":\"SearchAction\",\"target\":{\"@type\":\"EntryPoint\",\"urlTemplate\":\"https:\\\/\\\/bemore.ee\\\/?s={search_term_string}\"},\"query-input\":{\"@type\":\"PropertyValueSpecification\",\"valueRequired\":true,\"valueName\":\"search_term_string\"}}],\"inLanguage\":\"en-US\"}]}<\/script>\n<!-- \/ Yoast SEO plugin. -->","yoast_head_json":{"title":"Combo of all ice cream powders - Be More","description":"Be More supertoidusegud, teed, toorbatoonid ja toidulisandid on v\u00e4lja t\u00f6\u00f6tatud, et saaksid olla igap\u00e4evaselt parim versioon iseendast.","robots":{"index":"index","follow":"follow","max-snippet":"max-snippet:-1","max-image-preview":"max-image-preview:large","max-video-preview":"max-video-preview:-1"},"canonical":"https:\/\/bemore.ee\/en\/toode\/combo-of-all-ice-cream-powders\/","og_locale":"en_US","og_type":"article","og_title":"Combo of all ice cream powders - Be More","og_description":"Be More supertoidusegud, teed, toorbatoonid ja toidulisandid on v\u00e4lja t\u00f6\u00f6tatud, et saaksid olla igap\u00e4evaselt parim versioon iseendast.","og_url":"https:\/\/bemore.ee\/en\/toode\/combo-of-all-ice-cream-powders\/","og_site_name":"Be More","article_modified_time":"2025-10-10T11:10:32+00:00","og_image":[{"width":2560,"height":2560,"url":"https:\/\/bemore.ee\/wp-content\/uploads\/2025\/08\/jaatised-kombo_taustaga-scaled.jpg","type":"image\/jpeg"}],"twitter_card":"summary_large_image","twitter_misc":{"Est. reading time":"4 minutes"},"schema":{"@context":"https:\/\/schema.org","@graph":[{"@type":"WebPage","@id":"https:\/\/bemore.ee\/en\/toode\/combo-of-all-ice-cream-powders\/","url":"https:\/\/bemore.ee\/en\/toode\/combo-of-all-ice-cream-powders\/","name":"Combo of all ice cream powders - Be More","isPartOf":{"@id":"https:\/\/bemore.ee\/#website"},"primaryImageOfPage":{"@id":"https:\/\/bemore.ee\/en\/toode\/combo-of-all-ice-cream-powders\/#primaryimage"},"image":{"@id":"https:\/\/bemore.ee\/en\/toode\/combo-of-all-ice-cream-powders\/#primaryimage"},"thumbnailUrl":"https:\/\/bemore.ee\/wp-content\/uploads\/2025\/08\/jaatised-kombo_taustaga-scaled.jpg","datePublished":"2025-10-10T10:56:28+00:00","dateModified":"2025-10-10T11:10:32+00:00","description":"Be More supertoidusegud, teed, toorbatoonid ja toidulisandid on v\u00e4lja t\u00f6\u00f6tatud, et saaksid olla igap\u00e4evaselt parim versioon iseendast.","breadcrumb":{"@id":"https:\/\/bemore.ee\/en\/toode\/combo-of-all-ice-cream-powders\/#breadcrumb"},"inLanguage":"en-US","potentialAction":[{"@type":"ReadAction","target":["https:\/\/bemore.ee\/en\/toode\/combo-of-all-ice-cream-powders\/"]}]},{"@type":"ImageObject","inLanguage":"en-US","@id":"https:\/\/bemore.ee\/en\/toode\/combo-of-all-ice-cream-powders\/#primaryimage","url":"https:\/\/bemore.ee\/wp-content\/uploads\/2025\/08\/jaatised-kombo_taustaga-scaled.jpg","contentUrl":"https:\/\/bemore.ee\/wp-content\/uploads\/2025\/08\/jaatised-kombo_taustaga-scaled.jpg","width":2560,"height":2560},{"@type":"BreadcrumbList","@id":"https:\/\/bemore.ee\/en\/toode\/combo-of-all-ice-cream-powders\/#breadcrumb","itemListElement":[{"@type":"ListItem","position":1,"name":"Shop","item":"https:\/\/bemore.ee\/en\/shop\/"},{"@type":"ListItem","position":2,"name":"Combo of all ice cream powders"}]},{"@type":"WebSite","@id":"https:\/\/bemore.ee\/#website","url":"https:\/\/bemore.ee\/","name":"Be More","description":"Supertoidud Sinu igap&auml;evaellu!","potentialAction":[{"@type":"SearchAction","target":{"@type":"EntryPoint","urlTemplate":"https:\/\/bemore.ee\/?s={search_term_string}"},"query-input":{"@type":"PropertyValueSpecification","valueRequired":true,"valueName":"search_term_string"}}],"inLanguage":"en-US"}]}},"_links":{"self":[{"href":"https:\/\/bemore.ee\/en\/wp-json\/wp\/v2\/product\/142552","targetHints":{"allow":["GET"]}}],"collection":[{"href":"https:\/\/bemore.ee\/en\/wp-json\/wp\/v2\/product"}],"about":[{"href":"https:\/\/bemore.ee\/en\/wp-json\/wp\/v2\/types\/product"}],"replies":[{"embeddable":true,"href":"https:\/\/bemore.ee\/en\/wp-json\/wp\/v2\/comments?post=142552"}],"wp:featuredmedia":[{"embeddable":true,"href":"https:\/\/bemore.ee\/en\/wp-json\/wp\/v2\/media\/140900"}],"wp:attachment":[{"href":"https:\/\/bemore.ee\/en\/wp-json\/wp\/v2\/media?parent=142552"}],"wp:term":[{"taxonomy":"product_brand","embeddable":true,"href":"https:\/\/bemore.ee\/en\/wp-json\/wp\/v2\/product_brand?post=142552"},{"taxonomy":"product_cat","embeddable":true,"href":"https:\/\/bemore.ee\/en\/wp-json\/wp\/v2\/product_cat?post=142552"},{"taxonomy":"product_tag","embeddable":true,"href":"https:\/\/bemore.ee\/en\/wp-json\/wp\/v2\/product_tag?post=142552"}],"curies":[{"name":"wp","href":"https:\/\/api.w.org\/{rel}","templated":true}]}}