{"id":141021,"date":"2025-08-21T08:10:23","date_gmt":"2025-08-21T05:10:23","guid":{"rendered":"https:\/\/bemore.ee\/?post_type=product&#038;p=141021"},"modified":"2025-08-29T11:26:25","modified_gmt":"2025-08-29T08:26:25","slug":"pink-pitaya-powder","status":"publish","type":"product","link":"https:\/\/bemore.ee\/en\/toode\/pink-pitaya-powder\/","title":{"rendered":"Pink Pitaya powder"},"content":{"rendered":"<p>Pink pitaya (dragon fruit) is a tropical superfruit famous for its bright pink color and nutrient-rich profile. The freeze-drying process preserves the fresh fruit\u2019s flavor, color, and beneficial properties, offering a convenient, long-lasting alternative to fresh fruit.<\/p>\n<p><strong>Pink pitaya powder is suitable for:<\/strong><\/p>\n<p>&#8211; children<\/p>\n<p>&#8211; vegans and vegetarians<\/p>\n<p>&#8211; those who want to increase their antioxidant and vitamin C intake<\/p>\n<p>&#8211; food bloggers and content creators looking for visually stunning ingredients<\/p>\n<p>&#8211; anyone wanting to add a tropical taste and color to their meals<\/p>\n<p><strong>How to use?<\/strong><\/p>\n<p>Add 1\u20132 teaspoons to your favorite drinks, smoothies, porridge, or desserts. Mix well.<\/p>\n<p><strong>Ingredients: <\/strong>100% freeze-dried pink pitaya powder.<\/p>\n<p><strong>Storage<\/strong><\/p>\n<p>Store in a cool, dry place, away from direct sunlight. Reseal the package tightly after opening.<\/p>\n<p><strong>What does it taste like?<\/strong><\/p>\n<p>Pink Pitaya powder has a mild, slightly sweet tropical flavor, reminiscent of a mix between kiwi and pear. It blends perfectly into smoothies, yogurts, porridge, and desserts, adding a fresh and exotic note.<\/p>\n","protected":false},"excerpt":{"rendered":"<p><strong>Add tropical color and nutrient-rich goodness to your food and drinks!<\/strong><\/p>\n<ul>\n<li>100% natural<\/li>\n<li>Vegan<\/li>\n<li>Rich in vitamin C and antioxidants<\/li>\n<li>Gives food and drinks a vibrant pink color<\/li>\n<li>Suitable for both sweet and savory recipes<\/li>\n<li>No added sugar or artificial additives<\/li>\n<\/ul>\n","protected":false},"featured_media":141206,"comment_status":"open","ping_status":"closed","template":"","meta":{"_acf_changed":false},"product_brand":[],"product_cat":[334],"product_tag":[],"class_list":{"0":"post-141021","1":"product","2":"type-product","3":"status-publish","4":"has-post-thumbnail","6":"product_cat-superfoods","8":"first","9":"instock","10":"taxable","11":"shipping-taxable","12":"purchasable","13":"product-type-simple"},"bundle_layout":"","bundled_by":[],"bundled_items":[],"acf":[],"yoast_head":"<!-- This site is optimized with the Yoast SEO plugin v27.5 - https:\/\/yoast.com\/product\/yoast-seo-wordpress\/ -->\n<title>Pink Pitaya powder - Be More<\/title>\n<meta name=\"description\" content=\"Be More supertoidusegud, teed, toorbatoonid ja toidulisandid on v\u00e4lja t\u00f6\u00f6tatud, et saaksid olla igap\u00e4evaselt parim versioon iseendast.\" \/>\n<meta name=\"robots\" content=\"index, follow, max-snippet:-1, max-image-preview:large, max-video-preview:-1\" \/>\n<link rel=\"canonical\" href=\"https:\/\/bemore.ee\/en\/toode\/pink-pitaya-powder\/\" \/>\n<meta property=\"og:locale\" content=\"en_US\" \/>\n<meta property=\"og:type\" content=\"article\" \/>\n<meta property=\"og:title\" content=\"Pink Pitaya powder - Be More\" \/>\n<meta property=\"og:description\" content=\"Be More supertoidusegud, teed, toorbatoonid ja toidulisandid on v\u00e4lja t\u00f6\u00f6tatud, et saaksid olla igap\u00e4evaselt parim versioon iseendast.\" \/>\n<meta property=\"og:url\" content=\"https:\/\/bemore.ee\/en\/toode\/pink-pitaya-powder\/\" \/>\n<meta property=\"og:site_name\" content=\"Be More\" \/>\n<meta property=\"article:modified_time\" content=\"2025-08-29T08:26:25+00:00\" \/>\n<meta property=\"og:image\" content=\"https:\/\/bemore.ee\/wp-content\/uploads\/2025\/08\/bemore_pink-pitaya-powder_simulatsioon_taustata-scaled.png\" \/>\n\t<meta property=\"og:image:width\" content=\"2560\" \/>\n\t<meta property=\"og:image:height\" content=\"2560\" \/>\n\t<meta property=\"og:image:type\" content=\"image\/png\" \/>\n<meta name=\"twitter:card\" content=\"summary_large_image\" \/>\n<meta name=\"twitter:label1\" content=\"Est. reading time\" \/>\n\t<meta name=\"twitter:data1\" content=\"2 minutes\" \/>\n<script type=\"application\/ld+json\" class=\"yoast-schema-graph\">{\"@context\":\"https:\\\/\\\/schema.org\",\"@graph\":[{\"@type\":\"WebPage\",\"@id\":\"https:\\\/\\\/bemore.ee\\\/en\\\/toode\\\/pink-pitaya-powder\\\/\",\"url\":\"https:\\\/\\\/bemore.ee\\\/en\\\/toode\\\/pink-pitaya-powder\\\/\",\"name\":\"Pink Pitaya powder - Be More\",\"isPartOf\":{\"@id\":\"https:\\\/\\\/bemore.ee\\\/#website\"},\"primaryImageOfPage\":{\"@id\":\"https:\\\/\\\/bemore.ee\\\/en\\\/toode\\\/pink-pitaya-powder\\\/#primaryimage\"},\"image\":{\"@id\":\"https:\\\/\\\/bemore.ee\\\/en\\\/toode\\\/pink-pitaya-powder\\\/#primaryimage\"},\"thumbnailUrl\":\"https:\\\/\\\/bemore.ee\\\/wp-content\\\/uploads\\\/2025\\\/08\\\/bemore_pink-pitaya-powder_simulatsioon_taustata-1-scaled.png\",\"datePublished\":\"2025-08-21T05:10:23+00:00\",\"dateModified\":\"2025-08-29T08:26:25+00:00\",\"description\":\"Be More supertoidusegud, teed, toorbatoonid ja toidulisandid on v\u00e4lja t\u00f6\u00f6tatud, et saaksid olla igap\u00e4evaselt parim versioon iseendast.\",\"breadcrumb\":{\"@id\":\"https:\\\/\\\/bemore.ee\\\/en\\\/toode\\\/pink-pitaya-powder\\\/#breadcrumb\"},\"inLanguage\":\"en-US\",\"potentialAction\":[{\"@type\":\"ReadAction\",\"target\":[\"https:\\\/\\\/bemore.ee\\\/en\\\/toode\\\/pink-pitaya-powder\\\/\"]}]},{\"@type\":\"ImageObject\",\"inLanguage\":\"en-US\",\"@id\":\"https:\\\/\\\/bemore.ee\\\/en\\\/toode\\\/pink-pitaya-powder\\\/#primaryimage\",\"url\":\"https:\\\/\\\/bemore.ee\\\/wp-content\\\/uploads\\\/2025\\\/08\\\/bemore_pink-pitaya-powder_simulatsioon_taustata-1-scaled.png\",\"contentUrl\":\"https:\\\/\\\/bemore.ee\\\/wp-content\\\/uploads\\\/2025\\\/08\\\/bemore_pink-pitaya-powder_simulatsioon_taustata-1-scaled.png\",\"width\":2560,\"height\":2560},{\"@type\":\"BreadcrumbList\",\"@id\":\"https:\\\/\\\/bemore.ee\\\/en\\\/toode\\\/pink-pitaya-powder\\\/#breadcrumb\",\"itemListElement\":[{\"@type\":\"ListItem\",\"position\":1,\"name\":\"Shop\",\"item\":\"https:\\\/\\\/bemore.ee\\\/en\\\/shop\\\/\"},{\"@type\":\"ListItem\",\"position\":2,\"name\":\"Pink Pitaya powder\"}]},{\"@type\":\"WebSite\",\"@id\":\"https:\\\/\\\/bemore.ee\\\/#website\",\"url\":\"https:\\\/\\\/bemore.ee\\\/\",\"name\":\"Be More\",\"description\":\"Supertoidud Sinu igap&auml;evaellu!\",\"potentialAction\":[{\"@type\":\"SearchAction\",\"target\":{\"@type\":\"EntryPoint\",\"urlTemplate\":\"https:\\\/\\\/bemore.ee\\\/?s={search_term_string}\"},\"query-input\":{\"@type\":\"PropertyValueSpecification\",\"valueRequired\":true,\"valueName\":\"search_term_string\"}}],\"inLanguage\":\"en-US\"}]}<\/script>\n<!-- \/ Yoast SEO plugin. -->","yoast_head_json":{"title":"Pink Pitaya powder - Be More","description":"Be More supertoidusegud, teed, toorbatoonid ja toidulisandid on v\u00e4lja t\u00f6\u00f6tatud, et saaksid olla igap\u00e4evaselt parim versioon iseendast.","robots":{"index":"index","follow":"follow","max-snippet":"max-snippet:-1","max-image-preview":"max-image-preview:large","max-video-preview":"max-video-preview:-1"},"canonical":"https:\/\/bemore.ee\/en\/toode\/pink-pitaya-powder\/","og_locale":"en_US","og_type":"article","og_title":"Pink Pitaya powder - Be More","og_description":"Be More supertoidusegud, teed, toorbatoonid ja toidulisandid on v\u00e4lja t\u00f6\u00f6tatud, et saaksid olla igap\u00e4evaselt parim versioon iseendast.","og_url":"https:\/\/bemore.ee\/en\/toode\/pink-pitaya-powder\/","og_site_name":"Be More","article_modified_time":"2025-08-29T08:26:25+00:00","og_image":[{"width":2560,"height":2560,"url":"https:\/\/bemore.ee\/wp-content\/uploads\/2025\/08\/bemore_pink-pitaya-powder_simulatsioon_taustata-scaled.png","type":"image\/png"}],"twitter_card":"summary_large_image","twitter_misc":{"Est. reading time":"2 minutes"},"schema":{"@context":"https:\/\/schema.org","@graph":[{"@type":"WebPage","@id":"https:\/\/bemore.ee\/en\/toode\/pink-pitaya-powder\/","url":"https:\/\/bemore.ee\/en\/toode\/pink-pitaya-powder\/","name":"Pink Pitaya powder - Be More","isPartOf":{"@id":"https:\/\/bemore.ee\/#website"},"primaryImageOfPage":{"@id":"https:\/\/bemore.ee\/en\/toode\/pink-pitaya-powder\/#primaryimage"},"image":{"@id":"https:\/\/bemore.ee\/en\/toode\/pink-pitaya-powder\/#primaryimage"},"thumbnailUrl":"https:\/\/bemore.ee\/wp-content\/uploads\/2025\/08\/bemore_pink-pitaya-powder_simulatsioon_taustata-1-scaled.png","datePublished":"2025-08-21T05:10:23+00:00","dateModified":"2025-08-29T08:26:25+00:00","description":"Be More supertoidusegud, teed, toorbatoonid ja toidulisandid on v\u00e4lja t\u00f6\u00f6tatud, et saaksid olla igap\u00e4evaselt parim versioon iseendast.","breadcrumb":{"@id":"https:\/\/bemore.ee\/en\/toode\/pink-pitaya-powder\/#breadcrumb"},"inLanguage":"en-US","potentialAction":[{"@type":"ReadAction","target":["https:\/\/bemore.ee\/en\/toode\/pink-pitaya-powder\/"]}]},{"@type":"ImageObject","inLanguage":"en-US","@id":"https:\/\/bemore.ee\/en\/toode\/pink-pitaya-powder\/#primaryimage","url":"https:\/\/bemore.ee\/wp-content\/uploads\/2025\/08\/bemore_pink-pitaya-powder_simulatsioon_taustata-1-scaled.png","contentUrl":"https:\/\/bemore.ee\/wp-content\/uploads\/2025\/08\/bemore_pink-pitaya-powder_simulatsioon_taustata-1-scaled.png","width":2560,"height":2560},{"@type":"BreadcrumbList","@id":"https:\/\/bemore.ee\/en\/toode\/pink-pitaya-powder\/#breadcrumb","itemListElement":[{"@type":"ListItem","position":1,"name":"Shop","item":"https:\/\/bemore.ee\/en\/shop\/"},{"@type":"ListItem","position":2,"name":"Pink Pitaya powder"}]},{"@type":"WebSite","@id":"https:\/\/bemore.ee\/#website","url":"https:\/\/bemore.ee\/","name":"Be More","description":"Supertoidud Sinu igap&auml;evaellu!","potentialAction":[{"@type":"SearchAction","target":{"@type":"EntryPoint","urlTemplate":"https:\/\/bemore.ee\/?s={search_term_string}"},"query-input":{"@type":"PropertyValueSpecification","valueRequired":true,"valueName":"search_term_string"}}],"inLanguage":"en-US"}]}},"_links":{"self":[{"href":"https:\/\/bemore.ee\/en\/wp-json\/wp\/v2\/product\/141021","targetHints":{"allow":["GET"]}}],"collection":[{"href":"https:\/\/bemore.ee\/en\/wp-json\/wp\/v2\/product"}],"about":[{"href":"https:\/\/bemore.ee\/en\/wp-json\/wp\/v2\/types\/product"}],"replies":[{"embeddable":true,"href":"https:\/\/bemore.ee\/en\/wp-json\/wp\/v2\/comments?post=141021"}],"wp:featuredmedia":[{"embeddable":true,"href":"https:\/\/bemore.ee\/en\/wp-json\/wp\/v2\/media\/141206"}],"wp:attachment":[{"href":"https:\/\/bemore.ee\/en\/wp-json\/wp\/v2\/media?parent=141021"}],"wp:term":[{"taxonomy":"product_brand","embeddable":true,"href":"https:\/\/bemore.ee\/en\/wp-json\/wp\/v2\/product_brand?post=141021"},{"taxonomy":"product_cat","embeddable":true,"href":"https:\/\/bemore.ee\/en\/wp-json\/wp\/v2\/product_cat?post=141021"},{"taxonomy":"product_tag","embeddable":true,"href":"https:\/\/bemore.ee\/en\/wp-json\/wp\/v2\/product_tag?post=141021"}],"curies":[{"name":"wp","href":"https:\/\/api.w.org\/{rel}","templated":true}]}}