{"id":139279,"date":"2025-01-27T10:55:56","date_gmt":"2025-01-27T08:55:56","guid":{"rendered":"https:\/\/bemore.ee\/?post_type=product&#038;p=139279"},"modified":"2025-04-07T08:07:56","modified_gmt":"2025-04-07T05:07:56","slug":"estonian-tea","status":"publish","type":"product","link":"https:\/\/bemore.ee\/en\/toode\/estonian-tea\/","title":{"rendered":"Estonian tea"},"content":{"rendered":"<p>Estonian tea combines the symbolics of Estonia with a rich flavor experience. This special tea unites the blue cornflower \u2013 our national flower, symbolizing purity and peace \u2013 with Assam black tea, offering a deep, rich, and full-bodied taste.<\/p>\n<p>Perfect for enjoying quiet mornings, chilly autumn evenings, or as a gift that tells the story of Estonia. Estonian tea is like a warm embrace of the homeland, offering both flavor and meaningful moments to every tea lover.<\/p>\n<p>Discover the taste of Estonia in every sip!<\/p>\n<p><strong>What does this product consist of?<\/strong><\/p>\n<p>Ingredients: blue cornflower, Assam black tea.<\/p>\n<p><strong>How to use it?<\/strong><\/p>\n<p>For hot tea, add 2 teaspoons to a teacup, pour 200ml ~ 80-85\u02da water and let it brew for ~ 5 minutes.<\/p>\n<p>For iced tea, add 3 teaspoons to a teacup, pour 250ml ~ 80-85\u02da water and let it brew for ~ 30 minutes. Serve with lots of ice!<\/p>\n<p><strong>Serving size:<\/strong><\/p>\n<p>For hot tea, add 2 teaspoons to a teacup, ~ 2 grams. For iced tea, add 3 teaspoons to a teacup, ~ 3 grams.<\/p>\n<p><strong>Servings per package:<\/strong><\/p>\n<p>One jar of 60g contains up to 30 teas, depending on portion size.<\/p>\n<p><strong>Storage conditions<\/strong><\/p>\n<p>Keep dry and cool, keep away from direct sunlight.<\/p>\n<p><strong>What does Estonian tea taste like?<\/strong><\/p>\n<p>Assam black tea brings a full-bodied, slightly nutty, and rich undertone, balanced by the delicate floral freshness of the blue cornflower. The taste is both deep and refined, leaving a warm and pleasant aftertaste on the palate.<\/p>\n","protected":false},"excerpt":{"rendered":"<p>Estonian tea \u2013 A tribute to the soul of Estonia<\/p>\n<ul>\n<li>100% natural black tea<\/li>\n<li>Contains no added sugars or sweeteners<\/li>\n<li><strong>Handmade<\/strong><\/li>\n<li>One jar = 30 servings of tea<\/li>\n<li>A perfect gift idea \u2013 beautiful glass jar with loose tea<\/li>\n<li><strong>Produced in Estonia<\/strong><\/li>\n<\/ul>\n","protected":false},"featured_media":139278,"comment_status":"open","ping_status":"closed","template":"","meta":{"_acf_changed":false},"product_brand":[],"product_cat":[335],"product_tag":[],"class_list":{"0":"post-139279","1":"product","2":"type-product","3":"status-publish","4":"has-post-thumbnail","6":"product_cat-teas","8":"first","9":"instock","10":"taxable","11":"shipping-taxable","12":"purchasable","13":"product-type-simple"},"bundle_layout":"","bundled_by":[],"bundled_items":[],"acf":[],"yoast_head":"<!-- This site is optimized with the Yoast SEO plugin v27.5 - https:\/\/yoast.com\/product\/yoast-seo-wordpress\/ -->\n<title>Estonian tea - Be More<\/title>\n<meta name=\"description\" content=\"Be More supertoidusegud, teed, toorbatoonid ja toidulisandid on v\u00e4lja t\u00f6\u00f6tatud, et saaksid olla igap\u00e4evaselt parim versioon iseendast.\" \/>\n<meta name=\"robots\" content=\"index, follow, max-snippet:-1, max-image-preview:large, max-video-preview:-1\" \/>\n<link rel=\"canonical\" href=\"https:\/\/bemore.ee\/en\/toode\/estonian-tea\/\" \/>\n<meta property=\"og:locale\" content=\"en_US\" \/>\n<meta property=\"og:type\" content=\"article\" \/>\n<meta property=\"og:title\" content=\"Estonian tea - Be More\" \/>\n<meta property=\"og:description\" content=\"Be More supertoidusegud, teed, toorbatoonid ja toidulisandid on v\u00e4lja t\u00f6\u00f6tatud, et saaksid olla igap\u00e4evaselt parim versioon iseendast.\" \/>\n<meta property=\"og:url\" content=\"https:\/\/bemore.ee\/en\/toode\/estonian-tea\/\" \/>\n<meta property=\"og:site_name\" content=\"Be More\" \/>\n<meta property=\"article:modified_time\" content=\"2025-04-07T05:07:56+00:00\" \/>\n<meta property=\"og:image\" content=\"https:\/\/bemore.ee\/wp-content\/uploads\/2025\/01\/EAN-4744806010813-Be-More-Eesti-tee-klaaspurgis-60g-1024x1024.png\" \/>\n\t<meta property=\"og:image:width\" content=\"1024\" \/>\n\t<meta property=\"og:image:height\" content=\"1024\" \/>\n\t<meta property=\"og:image:type\" content=\"image\/png\" \/>\n<meta name=\"twitter:card\" content=\"summary_large_image\" \/>\n<meta name=\"twitter:label1\" content=\"Est. reading time\" \/>\n\t<meta name=\"twitter:data1\" content=\"2 minutes\" \/>\n<script type=\"application\/ld+json\" class=\"yoast-schema-graph\">{\"@context\":\"https:\\\/\\\/schema.org\",\"@graph\":[{\"@type\":\"WebPage\",\"@id\":\"https:\\\/\\\/bemore.ee\\\/en\\\/toode\\\/estonian-tea\\\/\",\"url\":\"https:\\\/\\\/bemore.ee\\\/en\\\/toode\\\/estonian-tea\\\/\",\"name\":\"Estonian tea - Be More\",\"isPartOf\":{\"@id\":\"https:\\\/\\\/bemore.ee\\\/#website\"},\"primaryImageOfPage\":{\"@id\":\"https:\\\/\\\/bemore.ee\\\/en\\\/toode\\\/estonian-tea\\\/#primaryimage\"},\"image\":{\"@id\":\"https:\\\/\\\/bemore.ee\\\/en\\\/toode\\\/estonian-tea\\\/#primaryimage\"},\"thumbnailUrl\":\"https:\\\/\\\/bemore.ee\\\/wp-content\\\/uploads\\\/2025\\\/01\\\/EAN-4744806010813-Be-More-Eesti-tee-klaaspurgis-60g.png\",\"datePublished\":\"2025-01-27T08:55:56+00:00\",\"dateModified\":\"2025-04-07T05:07:56+00:00\",\"description\":\"Be More supertoidusegud, teed, toorbatoonid ja toidulisandid on v\u00e4lja t\u00f6\u00f6tatud, et saaksid olla igap\u00e4evaselt parim versioon iseendast.\",\"breadcrumb\":{\"@id\":\"https:\\\/\\\/bemore.ee\\\/en\\\/toode\\\/estonian-tea\\\/#breadcrumb\"},\"inLanguage\":\"en-US\",\"potentialAction\":[{\"@type\":\"ReadAction\",\"target\":[\"https:\\\/\\\/bemore.ee\\\/en\\\/toode\\\/estonian-tea\\\/\"]}]},{\"@type\":\"ImageObject\",\"inLanguage\":\"en-US\",\"@id\":\"https:\\\/\\\/bemore.ee\\\/en\\\/toode\\\/estonian-tea\\\/#primaryimage\",\"url\":\"https:\\\/\\\/bemore.ee\\\/wp-content\\\/uploads\\\/2025\\\/01\\\/EAN-4744806010813-Be-More-Eesti-tee-klaaspurgis-60g.png\",\"contentUrl\":\"https:\\\/\\\/bemore.ee\\\/wp-content\\\/uploads\\\/2025\\\/01\\\/EAN-4744806010813-Be-More-Eesti-tee-klaaspurgis-60g.png\",\"width\":3000,\"height\":3000},{\"@type\":\"BreadcrumbList\",\"@id\":\"https:\\\/\\\/bemore.ee\\\/en\\\/toode\\\/estonian-tea\\\/#breadcrumb\",\"itemListElement\":[{\"@type\":\"ListItem\",\"position\":1,\"name\":\"Shop\",\"item\":\"https:\\\/\\\/bemore.ee\\\/en\\\/shop\\\/\"},{\"@type\":\"ListItem\",\"position\":2,\"name\":\"Estonian tea\"}]},{\"@type\":\"WebSite\",\"@id\":\"https:\\\/\\\/bemore.ee\\\/#website\",\"url\":\"https:\\\/\\\/bemore.ee\\\/\",\"name\":\"Be More\",\"description\":\"Supertoidud Sinu igap&auml;evaellu!\",\"potentialAction\":[{\"@type\":\"SearchAction\",\"target\":{\"@type\":\"EntryPoint\",\"urlTemplate\":\"https:\\\/\\\/bemore.ee\\\/?s={search_term_string}\"},\"query-input\":{\"@type\":\"PropertyValueSpecification\",\"valueRequired\":true,\"valueName\":\"search_term_string\"}}],\"inLanguage\":\"en-US\"}]}<\/script>\n<!-- \/ Yoast SEO plugin. -->","yoast_head_json":{"title":"Estonian tea - Be More","description":"Be More supertoidusegud, teed, toorbatoonid ja toidulisandid on v\u00e4lja t\u00f6\u00f6tatud, et saaksid olla igap\u00e4evaselt parim versioon iseendast.","robots":{"index":"index","follow":"follow","max-snippet":"max-snippet:-1","max-image-preview":"max-image-preview:large","max-video-preview":"max-video-preview:-1"},"canonical":"https:\/\/bemore.ee\/en\/toode\/estonian-tea\/","og_locale":"en_US","og_type":"article","og_title":"Estonian tea - Be More","og_description":"Be More supertoidusegud, teed, toorbatoonid ja toidulisandid on v\u00e4lja t\u00f6\u00f6tatud, et saaksid olla igap\u00e4evaselt parim versioon iseendast.","og_url":"https:\/\/bemore.ee\/en\/toode\/estonian-tea\/","og_site_name":"Be More","article_modified_time":"2025-04-07T05:07:56+00:00","og_image":[{"width":1024,"height":1024,"url":"https:\/\/bemore.ee\/wp-content\/uploads\/2025\/01\/EAN-4744806010813-Be-More-Eesti-tee-klaaspurgis-60g-1024x1024.png","type":"image\/png"}],"twitter_card":"summary_large_image","twitter_misc":{"Est. reading time":"2 minutes"},"schema":{"@context":"https:\/\/schema.org","@graph":[{"@type":"WebPage","@id":"https:\/\/bemore.ee\/en\/toode\/estonian-tea\/","url":"https:\/\/bemore.ee\/en\/toode\/estonian-tea\/","name":"Estonian tea - Be More","isPartOf":{"@id":"https:\/\/bemore.ee\/#website"},"primaryImageOfPage":{"@id":"https:\/\/bemore.ee\/en\/toode\/estonian-tea\/#primaryimage"},"image":{"@id":"https:\/\/bemore.ee\/en\/toode\/estonian-tea\/#primaryimage"},"thumbnailUrl":"https:\/\/bemore.ee\/wp-content\/uploads\/2025\/01\/EAN-4744806010813-Be-More-Eesti-tee-klaaspurgis-60g.png","datePublished":"2025-01-27T08:55:56+00:00","dateModified":"2025-04-07T05:07:56+00:00","description":"Be More supertoidusegud, teed, toorbatoonid ja toidulisandid on v\u00e4lja t\u00f6\u00f6tatud, et saaksid olla igap\u00e4evaselt parim versioon iseendast.","breadcrumb":{"@id":"https:\/\/bemore.ee\/en\/toode\/estonian-tea\/#breadcrumb"},"inLanguage":"en-US","potentialAction":[{"@type":"ReadAction","target":["https:\/\/bemore.ee\/en\/toode\/estonian-tea\/"]}]},{"@type":"ImageObject","inLanguage":"en-US","@id":"https:\/\/bemore.ee\/en\/toode\/estonian-tea\/#primaryimage","url":"https:\/\/bemore.ee\/wp-content\/uploads\/2025\/01\/EAN-4744806010813-Be-More-Eesti-tee-klaaspurgis-60g.png","contentUrl":"https:\/\/bemore.ee\/wp-content\/uploads\/2025\/01\/EAN-4744806010813-Be-More-Eesti-tee-klaaspurgis-60g.png","width":3000,"height":3000},{"@type":"BreadcrumbList","@id":"https:\/\/bemore.ee\/en\/toode\/estonian-tea\/#breadcrumb","itemListElement":[{"@type":"ListItem","position":1,"name":"Shop","item":"https:\/\/bemore.ee\/en\/shop\/"},{"@type":"ListItem","position":2,"name":"Estonian tea"}]},{"@type":"WebSite","@id":"https:\/\/bemore.ee\/#website","url":"https:\/\/bemore.ee\/","name":"Be More","description":"Supertoidud Sinu igap&auml;evaellu!","potentialAction":[{"@type":"SearchAction","target":{"@type":"EntryPoint","urlTemplate":"https:\/\/bemore.ee\/?s={search_term_string}"},"query-input":{"@type":"PropertyValueSpecification","valueRequired":true,"valueName":"search_term_string"}}],"inLanguage":"en-US"}]}},"_links":{"self":[{"href":"https:\/\/bemore.ee\/en\/wp-json\/wp\/v2\/product\/139279","targetHints":{"allow":["GET"]}}],"collection":[{"href":"https:\/\/bemore.ee\/en\/wp-json\/wp\/v2\/product"}],"about":[{"href":"https:\/\/bemore.ee\/en\/wp-json\/wp\/v2\/types\/product"}],"replies":[{"embeddable":true,"href":"https:\/\/bemore.ee\/en\/wp-json\/wp\/v2\/comments?post=139279"}],"wp:featuredmedia":[{"embeddable":true,"href":"https:\/\/bemore.ee\/en\/wp-json\/wp\/v2\/media\/139278"}],"wp:attachment":[{"href":"https:\/\/bemore.ee\/en\/wp-json\/wp\/v2\/media?parent=139279"}],"wp:term":[{"taxonomy":"product_brand","embeddable":true,"href":"https:\/\/bemore.ee\/en\/wp-json\/wp\/v2\/product_brand?post=139279"},{"taxonomy":"product_cat","embeddable":true,"href":"https:\/\/bemore.ee\/en\/wp-json\/wp\/v2\/product_cat?post=139279"},{"taxonomy":"product_tag","embeddable":true,"href":"https:\/\/bemore.ee\/en\/wp-json\/wp\/v2\/product_tag?post=139279"}],"curies":[{"name":"wp","href":"https:\/\/api.w.org\/{rel}","templated":true}]}}