{"id":138071,"date":"2024-09-23T15:50:13","date_gmt":"2024-09-23T12:50:13","guid":{"rendered":"https:\/\/bemore.ee\/?post_type=product&#038;p=138071"},"modified":"2024-09-23T15:54:59","modified_gmt":"2024-09-23T12:54:59","slug":"all-collagen-raw-bar-boxes-combo","status":"publish","type":"product","link":"https:\/\/bemore.ee\/en\/toode\/all-collagen-raw-bar-boxes-combo\/","title":{"rendered":"All COLLAGEN raw bar boxes combo"},"content":{"rendered":"<p style=\"font-weight: 400;\"><strong>100% Natural Collagen and Superfood loaded Raw Bars for Your everyday life!<\/strong><\/p>\n<p style=\"font-weight: 400;\">The combo includes three boxes of raw bars with collagen:<\/p>\n<ul>\n<li style=\"font-weight: 400;\">Collagen Edition cherry collagen raw bars containing our Collagen Edition Raspberry&#8217;n&#8217;Cherry collagen superfood powder. One bar contains 5000mg of bovine collagen.<\/li>\n<li style=\"font-weight: 400;\">Collagen Edition citrus collagen raw bars containing our Collagen Edtition Buckthorn&#8217;n&#8217;Lemon collagen superfood powder. One bar contains 5000mg of bovine collagen.<\/li>\n<li style=\"font-weight: 400;\">Marine collagen strawberry and blackcurrant flavored raw bars containing our MARINE COLLAGEN Strawberry&#8217;n&#8217;Blackcurrant marine collagen powder. One bar contains 3500mg of marine collagen.<\/li>\n<\/ul>\n<p style=\"font-weight: 400;\"><strong>Collagen Superfood raw bars are suitable:<\/strong><\/p>\n<ul style=\"font-weight: 400;\">\n<li>for everybody who wants to increase the amount of vitamins, minerals and antioxidants in their menu<\/li>\n<li>for usage during pregnancy and breastfeeding<\/li>\n<li>for kids<\/li>\n<li>as a good source of fibre for weight loss<\/li>\n<\/ul>\n<p style=\"font-weight: 400;\"><strong>What does these products consist of?<\/strong><\/p>\n<p style=\"font-weight: 400;\"><strong>Ingredients in Collagen Edition Cherry-Collagen raw bars:<\/strong>\u00a0dates, gluten-free oat meal, agave syrup, Be More COLLAGEN EDITION Raspberry\u2019n\u2019Cherry (13%) (hydrolized bovine collagen, freeze-dried raspberry powder, freeze-dried cherry powder, freeze-dried camu-camu powder, freeze-dried lemon powder), CASHEW NUTS, cold pressed coconut oil, freeze dried cherries (6%), hydrolyzed collagen powder (3%), freeze-dried cherries (1%).<\/p>\n<p style=\"font-weight: 400;\"><strong>Ingredients in Collagen Edition Citrus-Collagen raw bars:<\/strong>\u00a0dates, gluten-free oat meal, agave syrup, Be More COLLAGEN EDITION Buckthorn\u2019n\u2019Lemon (12%) (hydrolized bovine collagen, freeze-dried sea buckthorn powder, freeze-dried lemon powder, freeze-dried camu-camu powder, freeze-dried gooseberry powder), ALMOND FLOUR, cold pressed coconut oil, freeze dried oranges (5%), HAZELNUTS, hydrolyzed collagen powder (2%), freeze-dried lemon puree (0,5%).<\/p>\n<p style=\"font-weight: 400;\"><strong>Ingredients in MARINE COLLAGEN Strawberry\u00b4n\u00b4Blackcurrant raw bars<\/strong>: dates, gluten-free oatmeal, agave syrup, CASHEW BUTTER, Be More MARINE COLLAGEN Strawberry\u2019n\u2019Blackcurrant powder (Hydrolysed marine collagen (FISH), freeze-dried strawberry powder,\u00a0 freeze-dried blackcurrant powder, freeze-dried lemon puree powder, freeze-dried Camu-Camu powder), CASHEWS, hydrolized marine collagen powder (FISH), freeze-dried strawberries, cold-pressed coconut oil, freeze-dried blackcurrants.<\/p>\n<p style=\"font-weight: 400;\"><strong>Servings per package:<\/strong><\/p>\n<p style=\"font-weight: 400;\">This order will include 2 boxes of each Collagen Edition raw bar taste \u2013 16 Collagen Edition cherry-collagen, 16 Collagen Edition citrus-collagen raw bars, 16 Marine Collagen raw bars.<\/p>\n<p style=\"font-weight: 400;\"><strong>Storage conditions<\/strong><\/p>\n<p style=\"font-weight: 400;\">Store at room temperature, keep away from direct sunlight if possible.<\/p>\n<p style=\"font-weight: 400;\"><strong>What do the raw bars taste like?<\/strong><\/p>\n<p style=\"font-weight: 400;\"><strong>Collagen Edition Cherry-Collagen Superfood bar<\/strong>\u00a0has a slightly sour, but enjoyable taste that comes from the cherry and Collagen Edition Raspberry\u2019n\u2019Cherry collagen mix content. Berries mix together well and taste refreshing like fresh berries from home garden.<\/p>\n<p style=\"font-weight: 400;\"><strong>Collagen Edition Citrus-Collagen Superfood bar<\/strong>\u00a0has a slightly sour, but enjoyable taste that comes from the Collagen Edition Buckthorn\u2019n\u2019Lemon collagen mix content. Almond flour adds nice marzipan-like texture to the sour berries taste.<\/p>\n<p style=\"font-weight: 400;\">Marine Collagen raw bar has a strong strawberry and blackcurrant flavour.<\/p>\n","protected":false},"excerpt":{"rendered":"<p style=\"font-weight: 400;\"><strong>Combination of our collagen raw bars is the perfect way to try new flavors at the same time!<\/strong><\/p>\n<ul style=\"font-weight: 400;\">\n<li>100% natural<\/li>\n<li>Gluten-free<\/li>\n<li>Free from preservatives<\/li>\n<li>No added sugar<\/li>\n<li>One order includes 48 bars<\/li>\n<li>Our raw bars are enriched with our clients all time favourites collagen superfood mixes<\/li>\n<li>Contain a large amount of different vitamins, minerals and antioxidants<\/li>\n<\/ul>\n","protected":false},"featured_media":138065,"comment_status":"open","ping_status":"closed","template":"","meta":{"_acf_changed":false},"product_brand":[],"product_cat":[333,332],"product_tag":[],"class_list":{"0":"post-138071","1":"product","2":"type-product","3":"status-publish","4":"has-post-thumbnail","6":"product_cat-superfood-raw-bars","7":"product_cat-combo-deals","9":"first","10":"instock","11":"sale","12":"taxable","13":"shipping-taxable","14":"purchasable","15":"product-type-bundle"},"bundle_layout":"default","bundled_by":[],"bundled_items":[{"bundled_item_id":2023,"product_id":120472,"menu_order":0,"quantity_min":16,"quantity_max":16,"priced_individually":false,"shipped_individually":false,"override_title":false,"title":"1 COLLAGEN EDITION CHERRY-COLLAGEN RAW BAR","override_description":false,"description":"1 COLLAGEN EDITION CHERRY-COLLAGEN RAW BAR","optional":false,"hide_thumbnail":false,"discount":"","override_variations":false,"allowed_variations":[""],"override_default_variation_attributes":false,"default_variation_attributes":[],"single_product_visibility":"visible","cart_visibility":"visible","order_visibility":"visible","single_product_price_visibility":"visible","cart_price_visibility":"visible","order_price_visibility":"visible","stock_status":"in_stock"},{"bundled_item_id":2024,"product_id":120473,"menu_order":1,"quantity_min":16,"quantity_max":16,"priced_individually":false,"shipped_individually":false,"override_title":false,"title":"1 COLLAGEN EDITION CITRUS-COLLAGEN RAW BAR","override_description":false,"description":"1 COLLAGEN EDITION CITRUS-COLLAGEN RAW BAR","optional":false,"hide_thumbnail":false,"discount":"","override_variations":false,"allowed_variations":[""],"override_default_variation_attributes":false,"default_variation_attributes":[],"single_product_visibility":"visible","cart_visibility":"visible","order_visibility":"visible","single_product_price_visibility":"visible","cart_price_visibility":"visible","order_price_visibility":"visible","stock_status":"in_stock"},{"bundled_item_id":2025,"product_id":137859,"menu_order":2,"quantity_min":16,"quantity_max":16,"priced_individually":false,"shipped_individually":false,"override_title":false,"title":"1 MARINE COLLAGEN Strawberry\u00b4n\u00b4Blackcurrant raw bar","override_description":false,"description":"1 MARINE COLLAGEN Strawberry\u00b4n\u00b4Blackcurrant raw bar","optional":false,"hide_thumbnail":false,"discount":"","override_variations":false,"allowed_variations":[""],"override_default_variation_attributes":false,"default_variation_attributes":[],"single_product_visibility":"visible","cart_visibility":"visible","order_visibility":"visible","single_product_price_visibility":"visible","cart_price_visibility":"visible","order_price_visibility":"visible","stock_status":"in_stock"}],"acf":[],"yoast_head":"<!-- This site is optimized with the Yoast SEO plugin v27.5 - https:\/\/yoast.com\/product\/yoast-seo-wordpress\/ -->\n<title>All COLLAGEN raw bar boxes combo - Be More<\/title>\n<meta name=\"description\" content=\"Be More supertoidusegud, teed, toorbatoonid ja toidulisandid on v\u00e4lja t\u00f6\u00f6tatud, et saaksid olla igap\u00e4evaselt parim versioon iseendast.\" \/>\n<meta name=\"robots\" content=\"index, follow, max-snippet:-1, max-image-preview:large, max-video-preview:-1\" \/>\n<link rel=\"canonical\" href=\"https:\/\/bemore.ee\/en\/toode\/all-collagen-raw-bar-boxes-combo\/\" \/>\n<meta property=\"og:locale\" content=\"en_US\" \/>\n<meta property=\"og:type\" content=\"article\" \/>\n<meta property=\"og:title\" content=\"All COLLAGEN raw bar boxes combo - Be More\" \/>\n<meta property=\"og:description\" content=\"Be More supertoidusegud, teed, toorbatoonid ja toidulisandid on v\u00e4lja t\u00f6\u00f6tatud, et saaksid olla igap\u00e4evaselt parim versioon iseendast.\" \/>\n<meta property=\"og:url\" content=\"https:\/\/bemore.ee\/en\/toode\/all-collagen-raw-bar-boxes-combo\/\" \/>\n<meta property=\"og:site_name\" content=\"Be More\" \/>\n<meta property=\"article:modified_time\" content=\"2024-09-23T12:54:59+00:00\" \/>\n<meta property=\"og:image\" content=\"https:\/\/bemore.ee\/wp-content\/uploads\/2024\/09\/batoonikastid_kollageenid_simulatsioon1-taustaga-scaled.jpg\" \/>\n\t<meta property=\"og:image:width\" content=\"2560\" \/>\n\t<meta property=\"og:image:height\" content=\"2560\" \/>\n\t<meta property=\"og:image:type\" content=\"image\/jpeg\" \/>\n<meta name=\"twitter:card\" content=\"summary_large_image\" \/>\n<meta name=\"twitter:label1\" content=\"Est. reading time\" \/>\n\t<meta name=\"twitter:data1\" content=\"2 minutes\" \/>\n<script type=\"application\/ld+json\" class=\"yoast-schema-graph\">{\"@context\":\"https:\\\/\\\/schema.org\",\"@graph\":[{\"@type\":\"WebPage\",\"@id\":\"https:\\\/\\\/bemore.ee\\\/en\\\/toode\\\/all-collagen-raw-bar-boxes-combo\\\/\",\"url\":\"https:\\\/\\\/bemore.ee\\\/en\\\/toode\\\/all-collagen-raw-bar-boxes-combo\\\/\",\"name\":\"All COLLAGEN raw bar boxes combo - Be More\",\"isPartOf\":{\"@id\":\"https:\\\/\\\/bemore.ee\\\/#website\"},\"primaryImageOfPage\":{\"@id\":\"https:\\\/\\\/bemore.ee\\\/en\\\/toode\\\/all-collagen-raw-bar-boxes-combo\\\/#primaryimage\"},\"image\":{\"@id\":\"https:\\\/\\\/bemore.ee\\\/en\\\/toode\\\/all-collagen-raw-bar-boxes-combo\\\/#primaryimage\"},\"thumbnailUrl\":\"https:\\\/\\\/bemore.ee\\\/wp-content\\\/uploads\\\/2024\\\/09\\\/batoonikastid_kollageenid_simulatsioon1-taustaga-scaled.jpg\",\"datePublished\":\"2024-09-23T12:50:13+00:00\",\"dateModified\":\"2024-09-23T12:54:59+00:00\",\"description\":\"Be More supertoidusegud, teed, toorbatoonid ja toidulisandid on v\u00e4lja t\u00f6\u00f6tatud, et saaksid olla igap\u00e4evaselt parim versioon iseendast.\",\"breadcrumb\":{\"@id\":\"https:\\\/\\\/bemore.ee\\\/en\\\/toode\\\/all-collagen-raw-bar-boxes-combo\\\/#breadcrumb\"},\"inLanguage\":\"en-US\",\"potentialAction\":[{\"@type\":\"ReadAction\",\"target\":[\"https:\\\/\\\/bemore.ee\\\/en\\\/toode\\\/all-collagen-raw-bar-boxes-combo\\\/\"]}]},{\"@type\":\"ImageObject\",\"inLanguage\":\"en-US\",\"@id\":\"https:\\\/\\\/bemore.ee\\\/en\\\/toode\\\/all-collagen-raw-bar-boxes-combo\\\/#primaryimage\",\"url\":\"https:\\\/\\\/bemore.ee\\\/wp-content\\\/uploads\\\/2024\\\/09\\\/batoonikastid_kollageenid_simulatsioon1-taustaga-scaled.jpg\",\"contentUrl\":\"https:\\\/\\\/bemore.ee\\\/wp-content\\\/uploads\\\/2024\\\/09\\\/batoonikastid_kollageenid_simulatsioon1-taustaga-scaled.jpg\",\"width\":2560,\"height\":2560},{\"@type\":\"BreadcrumbList\",\"@id\":\"https:\\\/\\\/bemore.ee\\\/en\\\/toode\\\/all-collagen-raw-bar-boxes-combo\\\/#breadcrumb\",\"itemListElement\":[{\"@type\":\"ListItem\",\"position\":1,\"name\":\"Shop\",\"item\":\"https:\\\/\\\/bemore.ee\\\/en\\\/shop\\\/\"},{\"@type\":\"ListItem\",\"position\":2,\"name\":\"All COLLAGEN raw bar boxes combo\"}]},{\"@type\":\"WebSite\",\"@id\":\"https:\\\/\\\/bemore.ee\\\/#website\",\"url\":\"https:\\\/\\\/bemore.ee\\\/\",\"name\":\"Be More\",\"description\":\"Supertoidud Sinu igap&auml;evaellu!\",\"potentialAction\":[{\"@type\":\"SearchAction\",\"target\":{\"@type\":\"EntryPoint\",\"urlTemplate\":\"https:\\\/\\\/bemore.ee\\\/?s={search_term_string}\"},\"query-input\":{\"@type\":\"PropertyValueSpecification\",\"valueRequired\":true,\"valueName\":\"search_term_string\"}}],\"inLanguage\":\"en-US\"}]}<\/script>\n<!-- \/ Yoast SEO plugin. -->","yoast_head_json":{"title":"All COLLAGEN raw bar boxes combo - Be More","description":"Be More supertoidusegud, teed, toorbatoonid ja toidulisandid on v\u00e4lja t\u00f6\u00f6tatud, et saaksid olla igap\u00e4evaselt parim versioon iseendast.","robots":{"index":"index","follow":"follow","max-snippet":"max-snippet:-1","max-image-preview":"max-image-preview:large","max-video-preview":"max-video-preview:-1"},"canonical":"https:\/\/bemore.ee\/en\/toode\/all-collagen-raw-bar-boxes-combo\/","og_locale":"en_US","og_type":"article","og_title":"All COLLAGEN raw bar boxes combo - Be More","og_description":"Be More supertoidusegud, teed, toorbatoonid ja toidulisandid on v\u00e4lja t\u00f6\u00f6tatud, et saaksid olla igap\u00e4evaselt parim versioon iseendast.","og_url":"https:\/\/bemore.ee\/en\/toode\/all-collagen-raw-bar-boxes-combo\/","og_site_name":"Be More","article_modified_time":"2024-09-23T12:54:59+00:00","og_image":[{"width":2560,"height":2560,"url":"https:\/\/bemore.ee\/wp-content\/uploads\/2024\/09\/batoonikastid_kollageenid_simulatsioon1-taustaga-scaled.jpg","type":"image\/jpeg"}],"twitter_card":"summary_large_image","twitter_misc":{"Est. reading time":"2 minutes"},"schema":{"@context":"https:\/\/schema.org","@graph":[{"@type":"WebPage","@id":"https:\/\/bemore.ee\/en\/toode\/all-collagen-raw-bar-boxes-combo\/","url":"https:\/\/bemore.ee\/en\/toode\/all-collagen-raw-bar-boxes-combo\/","name":"All COLLAGEN raw bar boxes combo - Be More","isPartOf":{"@id":"https:\/\/bemore.ee\/#website"},"primaryImageOfPage":{"@id":"https:\/\/bemore.ee\/en\/toode\/all-collagen-raw-bar-boxes-combo\/#primaryimage"},"image":{"@id":"https:\/\/bemore.ee\/en\/toode\/all-collagen-raw-bar-boxes-combo\/#primaryimage"},"thumbnailUrl":"https:\/\/bemore.ee\/wp-content\/uploads\/2024\/09\/batoonikastid_kollageenid_simulatsioon1-taustaga-scaled.jpg","datePublished":"2024-09-23T12:50:13+00:00","dateModified":"2024-09-23T12:54:59+00:00","description":"Be More supertoidusegud, teed, toorbatoonid ja toidulisandid on v\u00e4lja t\u00f6\u00f6tatud, et saaksid olla igap\u00e4evaselt parim versioon iseendast.","breadcrumb":{"@id":"https:\/\/bemore.ee\/en\/toode\/all-collagen-raw-bar-boxes-combo\/#breadcrumb"},"inLanguage":"en-US","potentialAction":[{"@type":"ReadAction","target":["https:\/\/bemore.ee\/en\/toode\/all-collagen-raw-bar-boxes-combo\/"]}]},{"@type":"ImageObject","inLanguage":"en-US","@id":"https:\/\/bemore.ee\/en\/toode\/all-collagen-raw-bar-boxes-combo\/#primaryimage","url":"https:\/\/bemore.ee\/wp-content\/uploads\/2024\/09\/batoonikastid_kollageenid_simulatsioon1-taustaga-scaled.jpg","contentUrl":"https:\/\/bemore.ee\/wp-content\/uploads\/2024\/09\/batoonikastid_kollageenid_simulatsioon1-taustaga-scaled.jpg","width":2560,"height":2560},{"@type":"BreadcrumbList","@id":"https:\/\/bemore.ee\/en\/toode\/all-collagen-raw-bar-boxes-combo\/#breadcrumb","itemListElement":[{"@type":"ListItem","position":1,"name":"Shop","item":"https:\/\/bemore.ee\/en\/shop\/"},{"@type":"ListItem","position":2,"name":"All COLLAGEN raw bar boxes combo"}]},{"@type":"WebSite","@id":"https:\/\/bemore.ee\/#website","url":"https:\/\/bemore.ee\/","name":"Be More","description":"Supertoidud Sinu igap&auml;evaellu!","potentialAction":[{"@type":"SearchAction","target":{"@type":"EntryPoint","urlTemplate":"https:\/\/bemore.ee\/?s={search_term_string}"},"query-input":{"@type":"PropertyValueSpecification","valueRequired":true,"valueName":"search_term_string"}}],"inLanguage":"en-US"}]}},"_links":{"self":[{"href":"https:\/\/bemore.ee\/en\/wp-json\/wp\/v2\/product\/138071","targetHints":{"allow":["GET"]}}],"collection":[{"href":"https:\/\/bemore.ee\/en\/wp-json\/wp\/v2\/product"}],"about":[{"href":"https:\/\/bemore.ee\/en\/wp-json\/wp\/v2\/types\/product"}],"replies":[{"embeddable":true,"href":"https:\/\/bemore.ee\/en\/wp-json\/wp\/v2\/comments?post=138071"}],"wp:featuredmedia":[{"embeddable":true,"href":"https:\/\/bemore.ee\/en\/wp-json\/wp\/v2\/media\/138065"}],"wp:attachment":[{"href":"https:\/\/bemore.ee\/en\/wp-json\/wp\/v2\/media?parent=138071"}],"wp:term":[{"taxonomy":"product_brand","embeddable":true,"href":"https:\/\/bemore.ee\/en\/wp-json\/wp\/v2\/product_brand?post=138071"},{"taxonomy":"product_cat","embeddable":true,"href":"https:\/\/bemore.ee\/en\/wp-json\/wp\/v2\/product_cat?post=138071"},{"taxonomy":"product_tag","embeddable":true,"href":"https:\/\/bemore.ee\/en\/wp-json\/wp\/v2\/product_tag?post=138071"}],"curies":[{"name":"wp","href":"https:\/\/api.w.org\/{rel}","templated":true}]}}