{"id":137860,"date":"2024-10-07T07:00:20","date_gmt":"2024-10-07T04:00:20","guid":{"rendered":"https:\/\/bemore.ee\/?post_type=product&#038;p=137860"},"modified":"2025-06-24T08:10:49","modified_gmt":"2025-06-24T05:10:49","slug":"detox-support-capsules","status":"publish","type":"product","link":"https:\/\/bemore.ee\/en\/toode\/detox-support-capsules\/","title":{"rendered":"Detox support capsules"},"content":{"rendered":"<p style=\"font-weight: 400;\">Detox support capsules support the liver in removing toxins from the body and also support digestion. Detox support food supplement contains a high concentration of plant extracts and is therefore a convenient and effective choice compared to many other food supplements. One jar lasts for two months.<\/p>\n<p style=\"font-weight: 400;\"><strong>Dandelion root powder<\/strong> contributes to the functions of the intestinal tract. It also helps the physiological pH balance of the stomach and it stimulates the digestion.<\/p>\n<p style=\"font-weight: 400;\"><strong>Turmeric root powder<\/strong> has significant antioxidant properties. In addition, turmeric root powder prevents the accumulation of fats and facilitates their deposition, thereby supporting liver function.<\/p>\n<p style=\"font-weight: 400;\"><strong>Artichoke leaf extract<\/strong> supports liver function and promotes digestion. May help with weight loss. It also helps regulate blood lipid levels, thereby contributing to better cardiovascular health.<\/p>\n<p style=\"font-weight: 400;\"><strong>Milk thistle seed extract<\/strong> helps to cleanse the body and also supports digestion.<\/p>\n<p style=\"font-weight: 400;\"><strong>Black pepper extract<\/strong> helps strengthen the immune system, helps control appetite, supports digestion and liver function.<\/p>\n<p style=\"font-weight: 400;\"><strong>Detox support capsules are suitable for:<\/strong><\/p>\n<ul>\n<li style=\"font-weight: 400;\">For everyone who wants to support and stimulate digestion<\/li>\n<li style=\"font-weight: 400;\">For everyone who wants to support the liver in detoxification processes<\/li>\n<li style=\"font-weight: 400;\">For everyone who wants to strengthen their immune system<\/li>\n<\/ul>\n<p style=\"font-weight: 400;\"><strong>The product consists of:<\/strong><\/p>\n<p style=\"font-weight: 400;\">Ingredients: dandelion (<em>Taraxacum officinale)<\/em> root powder, turmeric (<em>Curcuma longa<\/em>) root powder, hydroxypropyl methylcellulose (capsule shell), artichoke (<em>Cynara scolymus<\/em>) leaf extract 10:1, microcrystalline cellulose (bulking agent), milk thistle (<em>Silybum marianum<\/em>) seed extract 50:1 (80% silymarin), black pepper (<em>Piper nigrum<\/em>) fruit extract 2:1, magnesium stearate (anti-caking agent), silicon dioxide (anti-caking agent).<\/p>\n<p style=\"font-weight: 400;\"><strong>The product does not contain<\/strong>: artificial flavors, flavorings or preservatives, food colors, sweeteners, sugar, gluten, fish, soy, egg, lactose, nuts, sulfites or genetically modified ingredients.<\/p>\n<p style=\"font-weight: 400;\"><strong>Directions for use:<\/strong> for 18 years old and older take 1 capsule per day with water and food. If you are pregnant or nursing, don\u2019t take the supplement, consult your doctor before use.<\/p>\n<h4><strong>Warnings<\/strong><\/h4>\n<p>It is not intended to replace a varied diet. It is important to eat a varied and balanced diet and to lead a healthy lifestyle. Do not exceed the recommended daily intake. Keep out of the reach of children.<\/p>\n<p style=\"font-weight: 400;\"><strong>Storage conditions: <\/strong>store in the original package and at a room temperature protected from moisture and direct sunlight. Keep out of the reach of children!<\/p>\n<p style=\"font-weight: 400;\"><strong>Country of origin:<\/strong><\/p>\n<p style=\"font-weight: 400;\">EU<\/p>\n","protected":false},"excerpt":{"rendered":"<p style=\"font-weight: 400;\"><strong>Food supplement with milk thistle, dandelion and black pepper to support your liver and digestion<\/strong><\/p>\n<ul>\n<li style=\"font-weight: 400;\">Contains a high concentration of plant extracts<\/li>\n<li style=\"font-weight: 400;\">Supports the liver and contributes to the body&#8217;s detoxification processes<\/li>\n<li style=\"font-weight: 400;\">Promotes digestion thanks to <strong>dandelion root powder<\/strong> and <strong>artichoke extract<\/strong><\/li>\n<li style=\"font-weight: 400;\">Thanks to the extract of <strong>black pepper<\/strong>, it contributes to a better absorption of nutrients<\/li>\n<li style=\"font-weight: 400;\">Contains a high concentration (50:1) of <strong>milk thistle extract<\/strong>, equivalent to 200mg of milk thistle seed powder (of which 80% is the antioxidant silymarin, which is very important for the liver)<\/li>\n<li style=\"font-weight: 400;\">Contains 60 vegan hard capsules<\/li>\n<\/ul>\n","protected":false},"featured_media":145013,"comment_status":"open","ping_status":"closed","template":"","meta":{"_acf_changed":false},"product_brand":[],"product_cat":[340],"product_tag":[],"class_list":{"0":"post-137860","1":"product","2":"type-product","3":"status-publish","4":"has-post-thumbnail","6":"product_cat-food-supplements","8":"first","9":"instock","10":"taxable","11":"shipping-taxable","12":"purchasable","13":"product-type-simple"},"bundle_layout":"","bundled_by":[],"bundled_items":[],"acf":[],"yoast_head":"<!-- This site is optimized with the Yoast SEO plugin v27.5 - https:\/\/yoast.com\/product\/yoast-seo-wordpress\/ -->\n<title>Detox support capsules - Be More<\/title>\n<meta name=\"description\" content=\"Be More supertoidusegud, teed, toorbatoonid ja toidulisandid on v\u00e4lja t\u00f6\u00f6tatud, et saaksid olla igap\u00e4evaselt parim versioon iseendast.\" \/>\n<meta name=\"robots\" content=\"index, follow, max-snippet:-1, max-image-preview:large, max-video-preview:-1\" \/>\n<link rel=\"canonical\" href=\"https:\/\/bemore.ee\/en\/toode\/detox-support-capsules\/\" \/>\n<meta property=\"og:locale\" content=\"en_US\" \/>\n<meta property=\"og:type\" content=\"article\" \/>\n<meta property=\"og:title\" content=\"Detox support capsules - Be More\" \/>\n<meta property=\"og:description\" content=\"Be More supertoidusegud, teed, toorbatoonid ja toidulisandid on v\u00e4lja t\u00f6\u00f6tatud, et saaksid olla igap\u00e4evaselt parim versioon iseendast.\" \/>\n<meta property=\"og:url\" content=\"https:\/\/bemore.ee\/en\/toode\/detox-support-capsules\/\" \/>\n<meta property=\"og:site_name\" content=\"Be More\" \/>\n<meta property=\"article:modified_time\" content=\"2025-06-24T05:10:49+00:00\" \/>\n<meta property=\"og:image\" content=\"https:\/\/bemore.ee\/wp-content\/uploads\/2024\/08\/detox-support_simulatsioon-scaled.jpg\" \/>\n\t<meta property=\"og:image:width\" content=\"2560\" \/>\n\t<meta property=\"og:image:height\" content=\"2560\" \/>\n\t<meta property=\"og:image:type\" content=\"image\/jpeg\" \/>\n<meta name=\"twitter:card\" content=\"summary_large_image\" \/>\n<meta name=\"twitter:label1\" content=\"Est. reading time\" \/>\n\t<meta name=\"twitter:data1\" content=\"3 minutes\" \/>\n<script type=\"application\/ld+json\" class=\"yoast-schema-graph\">{\"@context\":\"https:\\\/\\\/schema.org\",\"@graph\":[{\"@type\":\"WebPage\",\"@id\":\"https:\\\/\\\/bemore.ee\\\/en\\\/toode\\\/detox-support-capsules\\\/\",\"url\":\"https:\\\/\\\/bemore.ee\\\/en\\\/toode\\\/detox-support-capsules\\\/\",\"name\":\"Detox support capsules - Be More\",\"isPartOf\":{\"@id\":\"https:\\\/\\\/bemore.ee\\\/#website\"},\"primaryImageOfPage\":{\"@id\":\"https:\\\/\\\/bemore.ee\\\/en\\\/toode\\\/detox-support-capsules\\\/#primaryimage\"},\"image\":{\"@id\":\"https:\\\/\\\/bemore.ee\\\/en\\\/toode\\\/detox-support-capsules\\\/#primaryimage\"},\"thumbnailUrl\":\"https:\\\/\\\/bemore.ee\\\/wp-content\\\/uploads\\\/2024\\\/10\\\/detox-support_simulatsioon_12.png\",\"datePublished\":\"2024-10-07T04:00:20+00:00\",\"dateModified\":\"2025-06-24T05:10:49+00:00\",\"description\":\"Be More supertoidusegud, teed, toorbatoonid ja toidulisandid on v\u00e4lja t\u00f6\u00f6tatud, et saaksid olla igap\u00e4evaselt parim versioon iseendast.\",\"breadcrumb\":{\"@id\":\"https:\\\/\\\/bemore.ee\\\/en\\\/toode\\\/detox-support-capsules\\\/#breadcrumb\"},\"inLanguage\":\"en-US\",\"potentialAction\":[{\"@type\":\"ReadAction\",\"target\":[\"https:\\\/\\\/bemore.ee\\\/en\\\/toode\\\/detox-support-capsules\\\/\"]}]},{\"@type\":\"ImageObject\",\"inLanguage\":\"en-US\",\"@id\":\"https:\\\/\\\/bemore.ee\\\/en\\\/toode\\\/detox-support-capsules\\\/#primaryimage\",\"url\":\"https:\\\/\\\/bemore.ee\\\/wp-content\\\/uploads\\\/2024\\\/10\\\/detox-support_simulatsioon_12.png\",\"contentUrl\":\"https:\\\/\\\/bemore.ee\\\/wp-content\\\/uploads\\\/2024\\\/10\\\/detox-support_simulatsioon_12.png\",\"width\":840,\"height\":840},{\"@type\":\"BreadcrumbList\",\"@id\":\"https:\\\/\\\/bemore.ee\\\/en\\\/toode\\\/detox-support-capsules\\\/#breadcrumb\",\"itemListElement\":[{\"@type\":\"ListItem\",\"position\":1,\"name\":\"Shop\",\"item\":\"https:\\\/\\\/bemore.ee\\\/en\\\/shop\\\/\"},{\"@type\":\"ListItem\",\"position\":2,\"name\":\"Detox support capsules\"}]},{\"@type\":\"WebSite\",\"@id\":\"https:\\\/\\\/bemore.ee\\\/#website\",\"url\":\"https:\\\/\\\/bemore.ee\\\/\",\"name\":\"Be More\",\"description\":\"Supertoidud Sinu igap&auml;evaellu!\",\"potentialAction\":[{\"@type\":\"SearchAction\",\"target\":{\"@type\":\"EntryPoint\",\"urlTemplate\":\"https:\\\/\\\/bemore.ee\\\/?s={search_term_string}\"},\"query-input\":{\"@type\":\"PropertyValueSpecification\",\"valueRequired\":true,\"valueName\":\"search_term_string\"}}],\"inLanguage\":\"en-US\"}]}<\/script>\n<!-- \/ Yoast SEO plugin. -->","yoast_head_json":{"title":"Detox support capsules - Be More","description":"Be More supertoidusegud, teed, toorbatoonid ja toidulisandid on v\u00e4lja t\u00f6\u00f6tatud, et saaksid olla igap\u00e4evaselt parim versioon iseendast.","robots":{"index":"index","follow":"follow","max-snippet":"max-snippet:-1","max-image-preview":"max-image-preview:large","max-video-preview":"max-video-preview:-1"},"canonical":"https:\/\/bemore.ee\/en\/toode\/detox-support-capsules\/","og_locale":"en_US","og_type":"article","og_title":"Detox support capsules - Be More","og_description":"Be More supertoidusegud, teed, toorbatoonid ja toidulisandid on v\u00e4lja t\u00f6\u00f6tatud, et saaksid olla igap\u00e4evaselt parim versioon iseendast.","og_url":"https:\/\/bemore.ee\/en\/toode\/detox-support-capsules\/","og_site_name":"Be More","article_modified_time":"2025-06-24T05:10:49+00:00","og_image":[{"width":2560,"height":2560,"url":"https:\/\/bemore.ee\/wp-content\/uploads\/2024\/08\/detox-support_simulatsioon-scaled.jpg","type":"image\/jpeg"}],"twitter_card":"summary_large_image","twitter_misc":{"Est. reading time":"3 minutes"},"schema":{"@context":"https:\/\/schema.org","@graph":[{"@type":"WebPage","@id":"https:\/\/bemore.ee\/en\/toode\/detox-support-capsules\/","url":"https:\/\/bemore.ee\/en\/toode\/detox-support-capsules\/","name":"Detox support capsules - Be More","isPartOf":{"@id":"https:\/\/bemore.ee\/#website"},"primaryImageOfPage":{"@id":"https:\/\/bemore.ee\/en\/toode\/detox-support-capsules\/#primaryimage"},"image":{"@id":"https:\/\/bemore.ee\/en\/toode\/detox-support-capsules\/#primaryimage"},"thumbnailUrl":"https:\/\/bemore.ee\/wp-content\/uploads\/2024\/10\/detox-support_simulatsioon_12.png","datePublished":"2024-10-07T04:00:20+00:00","dateModified":"2025-06-24T05:10:49+00:00","description":"Be More supertoidusegud, teed, toorbatoonid ja toidulisandid on v\u00e4lja t\u00f6\u00f6tatud, et saaksid olla igap\u00e4evaselt parim versioon iseendast.","breadcrumb":{"@id":"https:\/\/bemore.ee\/en\/toode\/detox-support-capsules\/#breadcrumb"},"inLanguage":"en-US","potentialAction":[{"@type":"ReadAction","target":["https:\/\/bemore.ee\/en\/toode\/detox-support-capsules\/"]}]},{"@type":"ImageObject","inLanguage":"en-US","@id":"https:\/\/bemore.ee\/en\/toode\/detox-support-capsules\/#primaryimage","url":"https:\/\/bemore.ee\/wp-content\/uploads\/2024\/10\/detox-support_simulatsioon_12.png","contentUrl":"https:\/\/bemore.ee\/wp-content\/uploads\/2024\/10\/detox-support_simulatsioon_12.png","width":840,"height":840},{"@type":"BreadcrumbList","@id":"https:\/\/bemore.ee\/en\/toode\/detox-support-capsules\/#breadcrumb","itemListElement":[{"@type":"ListItem","position":1,"name":"Shop","item":"https:\/\/bemore.ee\/en\/shop\/"},{"@type":"ListItem","position":2,"name":"Detox support capsules"}]},{"@type":"WebSite","@id":"https:\/\/bemore.ee\/#website","url":"https:\/\/bemore.ee\/","name":"Be More","description":"Supertoidud Sinu igap&auml;evaellu!","potentialAction":[{"@type":"SearchAction","target":{"@type":"EntryPoint","urlTemplate":"https:\/\/bemore.ee\/?s={search_term_string}"},"query-input":{"@type":"PropertyValueSpecification","valueRequired":true,"valueName":"search_term_string"}}],"inLanguage":"en-US"}]}},"_links":{"self":[{"href":"https:\/\/bemore.ee\/en\/wp-json\/wp\/v2\/product\/137860","targetHints":{"allow":["GET"]}}],"collection":[{"href":"https:\/\/bemore.ee\/en\/wp-json\/wp\/v2\/product"}],"about":[{"href":"https:\/\/bemore.ee\/en\/wp-json\/wp\/v2\/types\/product"}],"replies":[{"embeddable":true,"href":"https:\/\/bemore.ee\/en\/wp-json\/wp\/v2\/comments?post=137860"}],"wp:featuredmedia":[{"embeddable":true,"href":"https:\/\/bemore.ee\/en\/wp-json\/wp\/v2\/media\/145013"}],"wp:attachment":[{"href":"https:\/\/bemore.ee\/en\/wp-json\/wp\/v2\/media?parent=137860"}],"wp:term":[{"taxonomy":"product_brand","embeddable":true,"href":"https:\/\/bemore.ee\/en\/wp-json\/wp\/v2\/product_brand?post=137860"},{"taxonomy":"product_cat","embeddable":true,"href":"https:\/\/bemore.ee\/en\/wp-json\/wp\/v2\/product_cat?post=137860"},{"taxonomy":"product_tag","embeddable":true,"href":"https:\/\/bemore.ee\/en\/wp-json\/wp\/v2\/product_tag?post=137860"}],"curies":[{"name":"wp","href":"https:\/\/api.w.org\/{rel}","templated":true}]}}