{"id":136418,"date":"2023-01-29T22:18:28","date_gmt":"2023-01-29T20:18:28","guid":{"rendered":"https:\/\/bemore.ee\/toode\/dear-mother-tea-2\/"},"modified":"2025-11-26T08:20:57","modified_gmt":"2025-11-26T06:20:57","slug":"dear-mother-tea-2","status":"publish","type":"product","link":"https:\/\/bemore.ee\/en\/toode\/dear-mother-tea-2\/","title":{"rendered":"Dear Mother tea"},"content":{"rendered":"<p><strong>A 100% natural strawberry red tea for a dear mother, which will delight your mother&#8217;s heart<\/strong><\/p>\n<p>There is a delicious strawberry tea for the lovely mother, consisting of eleven different superfoods directly from nature. Freeze-dried strawberries are an excellent source of iron. Contains a lot of vitamin C and antioxidants. In addition, vitamins A, B, E, K. Helps relieve inflammation. Rooibos contains 50% more antioxidants than green tea. Antioxidants get rid of harmful free radicals that can damage cells.<\/p>\n<p>&nbsp;<\/p>\n<p><strong>What does this product consist of?<\/strong><br \/>\nIngredients: freeze-dried strawberries, hibiscus, apple, rosehip, mint, crinkle leaf, chamomile flower, calendula flower, cornflower flower, wild strawberry leaves.<\/p>\n<p><strong>How to use it?<\/strong><br \/>\nFor hot tea, add 2 teaspoons of tea grounds to a cup, pour over 200ml ~80-85\u02da water and let it steep for ~5-7 minutes.<\/p>\n<p><strong>Portion size<\/strong><br \/>\nFor hot tea, add 2 teaspoons of tea grounds per cup, which is ~2 grams. For iced tea, add 3 teaspoons of tea grounds per cup, which is ~3 grams.<\/p>\n<p><strong>Portions in a package<\/strong><br \/>\nOne 75g glass jar makes approximately 33 cups of tea, the actual number depends on the size of the portions used.<\/p>\n<p><strong>Storage conditions<\/strong><br \/>\nStore the product in a dry and cool place and, if possible, away from direct sunlight.<\/p>\n<p><strong>What flavor is the tea for Dear Mother?<\/strong><br \/>\nPleasant strawberry flavor, which is complemented by cornflower blossom, rooibos and freshness is provided by mint. The tea has a light purple, pink shade.<\/p>\n","protected":false},"excerpt":{"rendered":"<p><strong>For a dear mother, there is a 100% natural strawberry tea that will delight your mother&#8217;s heart.<\/strong><\/p>\n<ul>\n<li>Strawberry flavored<\/li>\n<li><strong>100% Natural<\/strong><\/li>\n<li>Contains no added sugars or sweeteners<\/li>\n<li><strong>Handmade<\/strong><\/li>\n<li>75 g glass jar = ~33 tea cups<\/li>\n<li>Perfect as a gift &#8211; a feminine glass jar with crushed tea<\/li>\n<\/ul>\n<p><strong>Made in Estonia<\/strong><\/p>\n","protected":false},"featured_media":133000,"comment_status":"open","ping_status":"closed","template":"","meta":{"_acf_changed":false},"product_brand":[],"product_cat":[335],"product_tag":[],"class_list":{"0":"post-136418","1":"product","2":"type-product","3":"status-publish","4":"has-post-thumbnail","6":"product_cat-teas","8":"first","9":"instock","10":"taxable","11":"shipping-taxable","12":"purchasable","13":"product-type-simple"},"bundle_layout":"","bundled_by":[],"bundled_items":[],"acf":[],"yoast_head":"<!-- This site is optimized with the Yoast SEO plugin v27.5 - https:\/\/yoast.com\/product\/yoast-seo-wordpress\/ -->\n<title>Dear Mother tea - Be More<\/title>\n<meta name=\"description\" content=\"Be More supertoidusegud, teed, toorbatoonid ja toidulisandid on v\u00e4lja t\u00f6\u00f6tatud, et saaksid olla igap\u00e4evaselt parim versioon iseendast.\" \/>\n<meta name=\"robots\" content=\"index, follow, max-snippet:-1, max-image-preview:large, max-video-preview:-1\" \/>\n<link rel=\"canonical\" href=\"https:\/\/bemore.ee\/en\/toode\/dear-mother-tea-2\/\" \/>\n<meta property=\"og:locale\" content=\"en_US\" \/>\n<meta property=\"og:type\" content=\"article\" \/>\n<meta property=\"og:title\" content=\"Dear Mother tea - Be More\" \/>\n<meta property=\"og:description\" content=\"Be More supertoidusegud, teed, toorbatoonid ja toidulisandid on v\u00e4lja t\u00f6\u00f6tatud, et saaksid olla igap\u00e4evaselt parim versioon iseendast.\" \/>\n<meta property=\"og:url\" content=\"https:\/\/bemore.ee\/en\/toode\/dear-mother-tea-2\/\" \/>\n<meta property=\"og:site_name\" content=\"Be More\" \/>\n<meta property=\"article:modified_time\" content=\"2025-11-26T06:20:57+00:00\" \/>\n<meta property=\"og:image\" content=\"https:\/\/bemore.ee\/wp-content\/uploads\/2023\/01\/Emale-1024x1024.png\" \/>\n\t<meta property=\"og:image:width\" content=\"1024\" \/>\n\t<meta property=\"og:image:height\" content=\"1024\" \/>\n\t<meta property=\"og:image:type\" content=\"image\/png\" \/>\n<meta name=\"twitter:card\" content=\"summary_large_image\" \/>\n<meta name=\"twitter:label1\" content=\"Est. reading time\" \/>\n\t<meta name=\"twitter:data1\" content=\"1 minute\" \/>\n<script type=\"application\/ld+json\" class=\"yoast-schema-graph\">{\"@context\":\"https:\\\/\\\/schema.org\",\"@graph\":[{\"@type\":\"WebPage\",\"@id\":\"https:\\\/\\\/bemore.ee\\\/en\\\/toode\\\/dear-mother-tea-2\\\/\",\"url\":\"https:\\\/\\\/bemore.ee\\\/en\\\/toode\\\/dear-mother-tea-2\\\/\",\"name\":\"Dear Mother tea - Be More\",\"isPartOf\":{\"@id\":\"https:\\\/\\\/bemore.ee\\\/#website\"},\"primaryImageOfPage\":{\"@id\":\"https:\\\/\\\/bemore.ee\\\/en\\\/toode\\\/dear-mother-tea-2\\\/#primaryimage\"},\"image\":{\"@id\":\"https:\\\/\\\/bemore.ee\\\/en\\\/toode\\\/dear-mother-tea-2\\\/#primaryimage\"},\"thumbnailUrl\":\"https:\\\/\\\/bemore.ee\\\/wp-content\\\/uploads\\\/2023\\\/01\\\/Emale.png\",\"datePublished\":\"2023-01-29T20:18:28+00:00\",\"dateModified\":\"2025-11-26T06:20:57+00:00\",\"description\":\"Be More supertoidusegud, teed, toorbatoonid ja toidulisandid on v\u00e4lja t\u00f6\u00f6tatud, et saaksid olla igap\u00e4evaselt parim versioon iseendast.\",\"breadcrumb\":{\"@id\":\"https:\\\/\\\/bemore.ee\\\/en\\\/toode\\\/dear-mother-tea-2\\\/#breadcrumb\"},\"inLanguage\":\"en-US\",\"potentialAction\":[{\"@type\":\"ReadAction\",\"target\":[\"https:\\\/\\\/bemore.ee\\\/en\\\/toode\\\/dear-mother-tea-2\\\/\"]}]},{\"@type\":\"ImageObject\",\"inLanguage\":\"en-US\",\"@id\":\"https:\\\/\\\/bemore.ee\\\/en\\\/toode\\\/dear-mother-tea-2\\\/#primaryimage\",\"url\":\"https:\\\/\\\/bemore.ee\\\/wp-content\\\/uploads\\\/2023\\\/01\\\/Emale.png\",\"contentUrl\":\"https:\\\/\\\/bemore.ee\\\/wp-content\\\/uploads\\\/2023\\\/01\\\/Emale.png\",\"width\":2925,\"height\":2925},{\"@type\":\"BreadcrumbList\",\"@id\":\"https:\\\/\\\/bemore.ee\\\/en\\\/toode\\\/dear-mother-tea-2\\\/#breadcrumb\",\"itemListElement\":[{\"@type\":\"ListItem\",\"position\":1,\"name\":\"Shop\",\"item\":\"https:\\\/\\\/bemore.ee\\\/en\\\/shop\\\/\"},{\"@type\":\"ListItem\",\"position\":2,\"name\":\"Dear Mother tea\"}]},{\"@type\":\"WebSite\",\"@id\":\"https:\\\/\\\/bemore.ee\\\/#website\",\"url\":\"https:\\\/\\\/bemore.ee\\\/\",\"name\":\"Be More\",\"description\":\"Supertoidud Sinu igap&auml;evaellu!\",\"potentialAction\":[{\"@type\":\"SearchAction\",\"target\":{\"@type\":\"EntryPoint\",\"urlTemplate\":\"https:\\\/\\\/bemore.ee\\\/?s={search_term_string}\"},\"query-input\":{\"@type\":\"PropertyValueSpecification\",\"valueRequired\":true,\"valueName\":\"search_term_string\"}}],\"inLanguage\":\"en-US\"}]}<\/script>\n<!-- \/ Yoast SEO plugin. -->","yoast_head_json":{"title":"Dear Mother tea - Be More","description":"Be More supertoidusegud, teed, toorbatoonid ja toidulisandid on v\u00e4lja t\u00f6\u00f6tatud, et saaksid olla igap\u00e4evaselt parim versioon iseendast.","robots":{"index":"index","follow":"follow","max-snippet":"max-snippet:-1","max-image-preview":"max-image-preview:large","max-video-preview":"max-video-preview:-1"},"canonical":"https:\/\/bemore.ee\/en\/toode\/dear-mother-tea-2\/","og_locale":"en_US","og_type":"article","og_title":"Dear Mother tea - Be More","og_description":"Be More supertoidusegud, teed, toorbatoonid ja toidulisandid on v\u00e4lja t\u00f6\u00f6tatud, et saaksid olla igap\u00e4evaselt parim versioon iseendast.","og_url":"https:\/\/bemore.ee\/en\/toode\/dear-mother-tea-2\/","og_site_name":"Be More","article_modified_time":"2025-11-26T06:20:57+00:00","og_image":[{"width":1024,"height":1024,"url":"https:\/\/bemore.ee\/wp-content\/uploads\/2023\/01\/Emale-1024x1024.png","type":"image\/png"}],"twitter_card":"summary_large_image","twitter_misc":{"Est. reading time":"1 minute"},"schema":{"@context":"https:\/\/schema.org","@graph":[{"@type":"WebPage","@id":"https:\/\/bemore.ee\/en\/toode\/dear-mother-tea-2\/","url":"https:\/\/bemore.ee\/en\/toode\/dear-mother-tea-2\/","name":"Dear Mother tea - Be More","isPartOf":{"@id":"https:\/\/bemore.ee\/#website"},"primaryImageOfPage":{"@id":"https:\/\/bemore.ee\/en\/toode\/dear-mother-tea-2\/#primaryimage"},"image":{"@id":"https:\/\/bemore.ee\/en\/toode\/dear-mother-tea-2\/#primaryimage"},"thumbnailUrl":"https:\/\/bemore.ee\/wp-content\/uploads\/2023\/01\/Emale.png","datePublished":"2023-01-29T20:18:28+00:00","dateModified":"2025-11-26T06:20:57+00:00","description":"Be More supertoidusegud, teed, toorbatoonid ja toidulisandid on v\u00e4lja t\u00f6\u00f6tatud, et saaksid olla igap\u00e4evaselt parim versioon iseendast.","breadcrumb":{"@id":"https:\/\/bemore.ee\/en\/toode\/dear-mother-tea-2\/#breadcrumb"},"inLanguage":"en-US","potentialAction":[{"@type":"ReadAction","target":["https:\/\/bemore.ee\/en\/toode\/dear-mother-tea-2\/"]}]},{"@type":"ImageObject","inLanguage":"en-US","@id":"https:\/\/bemore.ee\/en\/toode\/dear-mother-tea-2\/#primaryimage","url":"https:\/\/bemore.ee\/wp-content\/uploads\/2023\/01\/Emale.png","contentUrl":"https:\/\/bemore.ee\/wp-content\/uploads\/2023\/01\/Emale.png","width":2925,"height":2925},{"@type":"BreadcrumbList","@id":"https:\/\/bemore.ee\/en\/toode\/dear-mother-tea-2\/#breadcrumb","itemListElement":[{"@type":"ListItem","position":1,"name":"Shop","item":"https:\/\/bemore.ee\/en\/shop\/"},{"@type":"ListItem","position":2,"name":"Dear Mother tea"}]},{"@type":"WebSite","@id":"https:\/\/bemore.ee\/#website","url":"https:\/\/bemore.ee\/","name":"Be More","description":"Supertoidud Sinu igap&auml;evaellu!","potentialAction":[{"@type":"SearchAction","target":{"@type":"EntryPoint","urlTemplate":"https:\/\/bemore.ee\/?s={search_term_string}"},"query-input":{"@type":"PropertyValueSpecification","valueRequired":true,"valueName":"search_term_string"}}],"inLanguage":"en-US"}]}},"_links":{"self":[{"href":"https:\/\/bemore.ee\/en\/wp-json\/wp\/v2\/product\/136418","targetHints":{"allow":["GET"]}}],"collection":[{"href":"https:\/\/bemore.ee\/en\/wp-json\/wp\/v2\/product"}],"about":[{"href":"https:\/\/bemore.ee\/en\/wp-json\/wp\/v2\/types\/product"}],"replies":[{"embeddable":true,"href":"https:\/\/bemore.ee\/en\/wp-json\/wp\/v2\/comments?post=136418"}],"wp:featuredmedia":[{"embeddable":true,"href":"https:\/\/bemore.ee\/en\/wp-json\/wp\/v2\/media\/133000"}],"wp:attachment":[{"href":"https:\/\/bemore.ee\/en\/wp-json\/wp\/v2\/media?parent=136418"}],"wp:term":[{"taxonomy":"product_brand","embeddable":true,"href":"https:\/\/bemore.ee\/en\/wp-json\/wp\/v2\/product_brand?post=136418"},{"taxonomy":"product_cat","embeddable":true,"href":"https:\/\/bemore.ee\/en\/wp-json\/wp\/v2\/product_cat?post=136418"},{"taxonomy":"product_tag","embeddable":true,"href":"https:\/\/bemore.ee\/en\/wp-json\/wp\/v2\/product_tag?post=136418"}],"curies":[{"name":"wp","href":"https:\/\/api.w.org\/{rel}","templated":true}]}}