{"id":136417,"date":"2023-01-30T14:24:33","date_gmt":"2023-01-30T12:24:33","guid":{"rendered":"https:\/\/bemore.ee\/toode\/tea-to-the-dearest-eng\/"},"modified":"2024-06-22T06:14:58","modified_gmt":"2024-06-22T03:14:58","slug":"tea-to-the-dearest-eng","status":"publish","type":"product","link":"https:\/\/bemore.ee\/en\/toode\/tea-to-the-dearest-eng\/","title":{"rendered":"Tea to the Dearest"},"content":{"rendered":"<h4><strong>Tea to the Dearest\u00a0 is a 100% natural tea that warms the heart of Your Loved One.<\/strong><\/h4>\n<h4><strong>With a beautiful dark red colour, a romantic tea that makes special moments even more memorable. The 85 gr glass jar is also a good idea for a gift and to surprise your loved one.<\/strong><\/h4>\n<p>Tea to the Dearest is a delicious tea consisting of elewn natural ingredients.<\/p>\n<h4><strong>What does this product consist of?<\/strong><\/h4>\n<p>Ingredients: Hibiscus, Apples, Rosehip, Rowan, Raisin, Melissa, Carrot, Cranberry, Rose flowers, Marigold flower, Ros\u00e9 pepper.<\/p>\n<h4><strong>How to use it?<\/strong><\/h4>\n<p>For hot tea, add 2 teaspoons to a teacup, pour 200ml ~ 80-85\u02da water and let it brew for ~ 5-7 minutes.<\/p>\n<p>For iced tea, add 3 teaspoons to a teacup, pour 250ml ~ 80-85\u02da water and let it brew for ~ 30 minutes. Serve with lots of ice!<\/p>\n<h4><strong>Serving size:<\/strong><\/h4>\n<p>For hot tea, add 2 teaspoons to a teacup, ~ 2 grams. For iced tea, add 3 teaspoons to a teacup, ~ 3 grams.<\/p>\n<h4><strong>Servings per package:<\/strong><\/h4>\n<p>One jar of 85g contains up to 43 teas, depending on portion size.<\/p>\n<h4><strong>Storage conditions<\/strong><\/h4>\n<p>Keep dry and cool, keep away from direct sunlight.<\/p>\n<h4><strong>What does tea to the Dearest taste like?<\/strong><\/h4>\n<p>Aromatic, full of flavour, to which the lively ros\u00e9 pepper nuance. The mild scent of rose flowers adds a pleasant delicacy.<\/p>\n","protected":false},"excerpt":{"rendered":"<p id=\"tw-target-text\" class=\"tw-data-text tw-text-large tw-ta\" dir=\"ltr\" data-placeholder=\"Translation\" data-ved=\"2ahUKEwiduqKj24KEAxVrFRAIHdVcBdkQ3ewLegQIBRAQ\"><span class=\"Y2IQFc\" lang=\"en\"><strong>Te to the dearest \u00a0to warm the heart of your beloved<\/strong> <\/span><\/p>\n<ul>\n<li class=\"tw-data-text tw-text-large tw-ta\" dir=\"ltr\" data-placeholder=\"Translation\" data-ved=\"2ahUKEwiduqKj24KEAxVrFRAIHdVcBdkQ3ewLegQIBRAQ\"><span class=\"Y2IQFc\" lang=\"en\">100% natural<\/span><\/li>\n<li class=\"tw-data-text tw-text-large tw-ta\" dir=\"ltr\" data-placeholder=\"Translation\" data-ved=\"2ahUKEwiduqKj24KEAxVrFRAIHdVcBdkQ3ewLegQIBRAQ\"><strong>Made by hand<\/strong><\/li>\n<li class=\"tw-data-text tw-text-large tw-ta\" dir=\"ltr\" data-placeholder=\"Translation\" data-ved=\"2ahUKEwiduqKj24KEAxVrFRAIHdVcBdkQ3ewLegQIBRAQ\">85 g glass jar = ~43 tea cups<\/li>\n<li class=\"tw-data-text tw-text-large tw-ta\" dir=\"ltr\" data-placeholder=\"Translation\" data-ved=\"2ahUKEwiduqKj24KEAxVrFRAIHdVcBdkQ3ewLegQIBRAQ\">No added sugars or sweeteners<\/li>\n<li class=\"tw-data-text tw-text-large tw-ta\" dir=\"ltr\" data-placeholder=\"Translation\" data-ved=\"2ahUKEwiduqKj24KEAxVrFRAIHdVcBdkQ3ewLegQIBRAQ\">Perfect as a gift &#8211; a feminine glass jar with crushed tea<\/li>\n<\/ul>\n<p><strong>Made in Estonia<\/strong><\/p>\n","protected":false},"featured_media":132987,"comment_status":"open","ping_status":"closed","template":"","meta":{"_acf_changed":false},"product_brand":[],"product_cat":[335],"product_tag":[],"class_list":{"0":"post-136417","1":"product","2":"type-product","3":"status-publish","4":"has-post-thumbnail","6":"product_cat-teas","8":"first","9":"instock","10":"taxable","11":"shipping-taxable","12":"purchasable","13":"product-type-simple"},"bundle_layout":"","bundled_by":[],"bundled_items":[],"acf":[],"yoast_head":"<!-- This site is optimized with the Yoast SEO plugin v27.5 - https:\/\/yoast.com\/product\/yoast-seo-wordpress\/ -->\n<title>Tea to the Dearest - Be More<\/title>\n<meta name=\"description\" content=\"Be More supertoidusegud, teed, toorbatoonid ja toidulisandid on v\u00e4lja t\u00f6\u00f6tatud, et saaksid olla igap\u00e4evaselt parim versioon iseendast.\" \/>\n<meta name=\"robots\" content=\"index, follow, max-snippet:-1, max-image-preview:large, max-video-preview:-1\" \/>\n<link rel=\"canonical\" href=\"https:\/\/bemore.ee\/en\/toode\/tea-to-the-dearest-eng\/\" \/>\n<meta property=\"og:locale\" content=\"en_US\" \/>\n<meta property=\"og:type\" content=\"article\" \/>\n<meta property=\"og:title\" content=\"Tea to the Dearest - Be More\" \/>\n<meta property=\"og:description\" content=\"Be More supertoidusegud, teed, toorbatoonid ja toidulisandid on v\u00e4lja t\u00f6\u00f6tatud, et saaksid olla igap\u00e4evaselt parim versioon iseendast.\" \/>\n<meta property=\"og:url\" content=\"https:\/\/bemore.ee\/en\/toode\/tea-to-the-dearest-eng\/\" \/>\n<meta property=\"og:site_name\" content=\"Be More\" \/>\n<meta property=\"article:modified_time\" content=\"2024-06-22T03:14:58+00:00\" \/>\n<meta property=\"og:image\" content=\"https:\/\/bemore.ee\/wp-content\/uploads\/2023\/01\/IMG-9155.1-1024x1024.png\" \/>\n\t<meta property=\"og:image:width\" content=\"1024\" \/>\n\t<meta property=\"og:image:height\" content=\"1024\" \/>\n\t<meta property=\"og:image:type\" content=\"image\/png\" \/>\n<meta name=\"twitter:card\" content=\"summary_large_image\" \/>\n<meta name=\"twitter:label1\" content=\"Est. reading time\" \/>\n\t<meta name=\"twitter:data1\" content=\"1 minute\" \/>\n<script type=\"application\/ld+json\" class=\"yoast-schema-graph\">{\"@context\":\"https:\\\/\\\/schema.org\",\"@graph\":[{\"@type\":\"WebPage\",\"@id\":\"https:\\\/\\\/bemore.ee\\\/en\\\/toode\\\/tea-to-the-dearest-eng\\\/\",\"url\":\"https:\\\/\\\/bemore.ee\\\/en\\\/toode\\\/tea-to-the-dearest-eng\\\/\",\"name\":\"Tea to the Dearest - Be More\",\"isPartOf\":{\"@id\":\"https:\\\/\\\/bemore.ee\\\/#website\"},\"primaryImageOfPage\":{\"@id\":\"https:\\\/\\\/bemore.ee\\\/en\\\/toode\\\/tea-to-the-dearest-eng\\\/#primaryimage\"},\"image\":{\"@id\":\"https:\\\/\\\/bemore.ee\\\/en\\\/toode\\\/tea-to-the-dearest-eng\\\/#primaryimage\"},\"thumbnailUrl\":\"https:\\\/\\\/bemore.ee\\\/wp-content\\\/uploads\\\/2023\\\/01\\\/IMG-9155.1.png\",\"datePublished\":\"2023-01-30T12:24:33+00:00\",\"dateModified\":\"2024-06-22T03:14:58+00:00\",\"description\":\"Be More supertoidusegud, teed, toorbatoonid ja toidulisandid on v\u00e4lja t\u00f6\u00f6tatud, et saaksid olla igap\u00e4evaselt parim versioon iseendast.\",\"breadcrumb\":{\"@id\":\"https:\\\/\\\/bemore.ee\\\/en\\\/toode\\\/tea-to-the-dearest-eng\\\/#breadcrumb\"},\"inLanguage\":\"en-US\",\"potentialAction\":[{\"@type\":\"ReadAction\",\"target\":[\"https:\\\/\\\/bemore.ee\\\/en\\\/toode\\\/tea-to-the-dearest-eng\\\/\"]}]},{\"@type\":\"ImageObject\",\"inLanguage\":\"en-US\",\"@id\":\"https:\\\/\\\/bemore.ee\\\/en\\\/toode\\\/tea-to-the-dearest-eng\\\/#primaryimage\",\"url\":\"https:\\\/\\\/bemore.ee\\\/wp-content\\\/uploads\\\/2023\\\/01\\\/IMG-9155.1.png\",\"contentUrl\":\"https:\\\/\\\/bemore.ee\\\/wp-content\\\/uploads\\\/2023\\\/01\\\/IMG-9155.1.png\",\"width\":2100,\"height\":2100},{\"@type\":\"BreadcrumbList\",\"@id\":\"https:\\\/\\\/bemore.ee\\\/en\\\/toode\\\/tea-to-the-dearest-eng\\\/#breadcrumb\",\"itemListElement\":[{\"@type\":\"ListItem\",\"position\":1,\"name\":\"Shop\",\"item\":\"https:\\\/\\\/bemore.ee\\\/en\\\/shop\\\/\"},{\"@type\":\"ListItem\",\"position\":2,\"name\":\"Tea to the Dearest\"}]},{\"@type\":\"WebSite\",\"@id\":\"https:\\\/\\\/bemore.ee\\\/#website\",\"url\":\"https:\\\/\\\/bemore.ee\\\/\",\"name\":\"Be More\",\"description\":\"Supertoidud Sinu igap&auml;evaellu!\",\"potentialAction\":[{\"@type\":\"SearchAction\",\"target\":{\"@type\":\"EntryPoint\",\"urlTemplate\":\"https:\\\/\\\/bemore.ee\\\/?s={search_term_string}\"},\"query-input\":{\"@type\":\"PropertyValueSpecification\",\"valueRequired\":true,\"valueName\":\"search_term_string\"}}],\"inLanguage\":\"en-US\"}]}<\/script>\n<!-- \/ Yoast SEO plugin. -->","yoast_head_json":{"title":"Tea to the Dearest - Be More","description":"Be More supertoidusegud, teed, toorbatoonid ja toidulisandid on v\u00e4lja t\u00f6\u00f6tatud, et saaksid olla igap\u00e4evaselt parim versioon iseendast.","robots":{"index":"index","follow":"follow","max-snippet":"max-snippet:-1","max-image-preview":"max-image-preview:large","max-video-preview":"max-video-preview:-1"},"canonical":"https:\/\/bemore.ee\/en\/toode\/tea-to-the-dearest-eng\/","og_locale":"en_US","og_type":"article","og_title":"Tea to the Dearest - Be More","og_description":"Be More supertoidusegud, teed, toorbatoonid ja toidulisandid on v\u00e4lja t\u00f6\u00f6tatud, et saaksid olla igap\u00e4evaselt parim versioon iseendast.","og_url":"https:\/\/bemore.ee\/en\/toode\/tea-to-the-dearest-eng\/","og_site_name":"Be More","article_modified_time":"2024-06-22T03:14:58+00:00","og_image":[{"width":1024,"height":1024,"url":"https:\/\/bemore.ee\/wp-content\/uploads\/2023\/01\/IMG-9155.1-1024x1024.png","type":"image\/png"}],"twitter_card":"summary_large_image","twitter_misc":{"Est. reading time":"1 minute"},"schema":{"@context":"https:\/\/schema.org","@graph":[{"@type":"WebPage","@id":"https:\/\/bemore.ee\/en\/toode\/tea-to-the-dearest-eng\/","url":"https:\/\/bemore.ee\/en\/toode\/tea-to-the-dearest-eng\/","name":"Tea to the Dearest - Be More","isPartOf":{"@id":"https:\/\/bemore.ee\/#website"},"primaryImageOfPage":{"@id":"https:\/\/bemore.ee\/en\/toode\/tea-to-the-dearest-eng\/#primaryimage"},"image":{"@id":"https:\/\/bemore.ee\/en\/toode\/tea-to-the-dearest-eng\/#primaryimage"},"thumbnailUrl":"https:\/\/bemore.ee\/wp-content\/uploads\/2023\/01\/IMG-9155.1.png","datePublished":"2023-01-30T12:24:33+00:00","dateModified":"2024-06-22T03:14:58+00:00","description":"Be More supertoidusegud, teed, toorbatoonid ja toidulisandid on v\u00e4lja t\u00f6\u00f6tatud, et saaksid olla igap\u00e4evaselt parim versioon iseendast.","breadcrumb":{"@id":"https:\/\/bemore.ee\/en\/toode\/tea-to-the-dearest-eng\/#breadcrumb"},"inLanguage":"en-US","potentialAction":[{"@type":"ReadAction","target":["https:\/\/bemore.ee\/en\/toode\/tea-to-the-dearest-eng\/"]}]},{"@type":"ImageObject","inLanguage":"en-US","@id":"https:\/\/bemore.ee\/en\/toode\/tea-to-the-dearest-eng\/#primaryimage","url":"https:\/\/bemore.ee\/wp-content\/uploads\/2023\/01\/IMG-9155.1.png","contentUrl":"https:\/\/bemore.ee\/wp-content\/uploads\/2023\/01\/IMG-9155.1.png","width":2100,"height":2100},{"@type":"BreadcrumbList","@id":"https:\/\/bemore.ee\/en\/toode\/tea-to-the-dearest-eng\/#breadcrumb","itemListElement":[{"@type":"ListItem","position":1,"name":"Shop","item":"https:\/\/bemore.ee\/en\/shop\/"},{"@type":"ListItem","position":2,"name":"Tea to the Dearest"}]},{"@type":"WebSite","@id":"https:\/\/bemore.ee\/#website","url":"https:\/\/bemore.ee\/","name":"Be More","description":"Supertoidud Sinu igap&auml;evaellu!","potentialAction":[{"@type":"SearchAction","target":{"@type":"EntryPoint","urlTemplate":"https:\/\/bemore.ee\/?s={search_term_string}"},"query-input":{"@type":"PropertyValueSpecification","valueRequired":true,"valueName":"search_term_string"}}],"inLanguage":"en-US"}]}},"_links":{"self":[{"href":"https:\/\/bemore.ee\/en\/wp-json\/wp\/v2\/product\/136417","targetHints":{"allow":["GET"]}}],"collection":[{"href":"https:\/\/bemore.ee\/en\/wp-json\/wp\/v2\/product"}],"about":[{"href":"https:\/\/bemore.ee\/en\/wp-json\/wp\/v2\/types\/product"}],"replies":[{"embeddable":true,"href":"https:\/\/bemore.ee\/en\/wp-json\/wp\/v2\/comments?post=136417"}],"wp:featuredmedia":[{"embeddable":true,"href":"https:\/\/bemore.ee\/en\/wp-json\/wp\/v2\/media\/132987"}],"wp:attachment":[{"href":"https:\/\/bemore.ee\/en\/wp-json\/wp\/v2\/media?parent=136417"}],"wp:term":[{"taxonomy":"product_brand","embeddable":true,"href":"https:\/\/bemore.ee\/en\/wp-json\/wp\/v2\/product_brand?post=136417"},{"taxonomy":"product_cat","embeddable":true,"href":"https:\/\/bemore.ee\/en\/wp-json\/wp\/v2\/product_cat?post=136417"},{"taxonomy":"product_tag","embeddable":true,"href":"https:\/\/bemore.ee\/en\/wp-json\/wp\/v2\/product_tag?post=136417"}],"curies":[{"name":"wp","href":"https:\/\/api.w.org\/{rel}","templated":true}]}}