{"id":134135,"date":"2023-05-22T15:21:39","date_gmt":"2023-05-22T12:21:39","guid":{"rendered":"https:\/\/bemore.ee\/?post_type=product&#038;p=134135"},"modified":"2024-12-16T08:53:37","modified_gmt":"2024-12-16T06:53:37","slug":"collagen-ice-cream-powder-with-raspberry-and-cherry","status":"publish","type":"product","link":"https:\/\/bemore.ee\/en\/toode\/collagen-ice-cream-powder-with-raspberry-and-cherry\/","title":{"rendered":"COLLAGEN ICE CREAM POWDER WITH RASPBERRY AND CHERRY"},"content":{"rendered":"<p>The ice cream powder with a unique composition contains <a href=\"https:\/\/bemore.ee\/en\/toode\/collagen-edition-raspberryncherry-150g\/\">COLLAGEN EDITION Raspberry &amp; Cherry collagen mix<\/a> and is enriched with dragon fruit powder, freeze-dried raspberry flour and fiber inulin. All you need to make ice cream is the liquid you like, a container or a cup and a hand mixer. We recommend using a cylindrical container or a cup! Ice cream made from collagen ice cream powder is a healthy dessert that anyone can make!<\/p>\n<p>Collagen is the most abundant protein in our body, but the body&#8217;s ability to synthesize it decreases with age. The collagen mix in our ice cream powder contains high-quality hydrolyzed bovine collagen, which helps improve skin elasticity and supports joint health.<\/p>\n<p><strong>Direction for use:<\/strong> from 200g of collagen ice cream powder you will get 1l of ice cream.<\/p>\n<p>Dissolve 200g of powder in 300ml of cold water or 350ml of plant-based drink (e.g almond drink). Put the mixture into freezer for at least 1,5 hours. Whip the mix using electric mixer for 2-5 minutes, until it is fluffy enough. Put again into freezer for at least 6 hours or leave it overnight.<\/p>\n<p>&nbsp;<\/p>\n<p>Notice! The freezing time should be reduced if you want to make a smaller amount of ice cream and increased if you want to make a larger amount of ice cream.<\/p>\n<p>&nbsp;<\/p>\n<p><strong>Collagen ice cream powder is suitable for:<\/strong><\/p>\n<ul>\n<li>those who has milk or lactose intolerance<\/li>\n<li>healthy ice cream lovers<\/li>\n<li>kids<\/li>\n<li>pregnant and nursing mothers<\/li>\n<\/ul>\n<p><strong>What does this product consist of?<\/strong><\/p>\n<p>Ingredients: agave sugar, coconut fat, COLLAGEN EDITION Raspberry\u2019n\u2019Cherry collagen mix (hydrolysed bovine collagen, freeze-dried raspberry powder, freeze-dried cherry powder, freeze-dried camu-camu powder, freeze-dried lemon powder), maltodextrin, freeze-dried raspberry powder, inulin, raspberry granules, dragon fruit powder, inactive Lalmin\u00ae Vita D yeast (natural Vitamin D and B12 yeast), pea protein, stabilizers (triphosphates, sodium alginate, potassium phosphate; emulsifier mono- and diglycerides of fatty acids, guar gum), salt.<\/p>\n<p>&nbsp;<\/p>\n<p><strong>\u00a0<\/strong><\/p>\n<p><strong>Storage:<\/strong> Keep in cool and dry place, without direct sunlight.<\/p>\n<p><strong>What does <\/strong><strong>it <\/strong><strong>taste like?<\/strong><\/p>\n<p>It has a nice raspberry and cherry taste.<\/p>\n","protected":false},"excerpt":{"rendered":"<p>The most delicious superfood-enriched ice cream powder with added collagen<\/p>\n<ul>\n<li>Contains <a href=\"https:\/\/bemore.ee\/en\/toode\/collagen-edition-raspberryncherry-150g\/\">COLLAGEN EDITION Raspberry &amp; Cherry collagen mix<\/a><\/li>\n<li>Sweetened with agave sugar<\/li>\n<li>For preparation at home with a hand mixer<\/li>\n<li>200g of powder makes 1l of ice cream<\/li>\n<li>High in protein and vitamin C<\/li>\n<li><strong>Suitable for lactose and milk intolerant people<\/strong><\/li>\n<\/ul>\n","protected":false},"featured_media":134113,"comment_status":"open","ping_status":"closed","template":"","meta":{"_acf_changed":false},"product_brand":[],"product_cat":[545],"product_tag":[],"class_list":{"0":"post-134135","1":"product","2":"type-product","3":"status-publish","4":"has-post-thumbnail","6":"product_cat-ice-cream-powders","8":"first","9":"instock","10":"taxable","11":"shipping-taxable","12":"purchasable","13":"product-type-simple"},"bundle_layout":"","bundled_by":["136437","142552"],"bundled_items":[],"acf":[],"yoast_head":"<!-- This site is optimized with the Yoast SEO plugin v27.5 - https:\/\/yoast.com\/product\/yoast-seo-wordpress\/ -->\n<title>COLLAGEN ICE CREAM POWDER WITH RASPBERRY AND CHERRY - Be More<\/title>\n<meta name=\"description\" content=\"Be More supertoidusegud, teed, toorbatoonid ja toidulisandid on v\u00e4lja t\u00f6\u00f6tatud, et saaksid olla igap\u00e4evaselt parim versioon iseendast.\" \/>\n<meta name=\"robots\" content=\"index, follow, max-snippet:-1, max-image-preview:large, max-video-preview:-1\" \/>\n<link rel=\"canonical\" href=\"https:\/\/bemore.ee\/en\/toode\/collagen-ice-cream-powder-with-raspberry-and-cherry\/\" \/>\n<meta property=\"og:locale\" content=\"en_US\" \/>\n<meta property=\"og:type\" content=\"article\" \/>\n<meta property=\"og:title\" content=\"COLLAGEN ICE CREAM POWDER WITH RASPBERRY AND CHERRY - Be More\" \/>\n<meta property=\"og:description\" content=\"Be More supertoidusegud, teed, toorbatoonid ja toidulisandid on v\u00e4lja t\u00f6\u00f6tatud, et saaksid olla igap\u00e4evaselt parim versioon iseendast.\" \/>\n<meta property=\"og:url\" content=\"https:\/\/bemore.ee\/en\/toode\/collagen-ice-cream-powder-with-raspberry-and-cherry\/\" \/>\n<meta property=\"og:site_name\" content=\"Be More\" \/>\n<meta property=\"article:modified_time\" content=\"2024-12-16T06:53:37+00:00\" \/>\n<meta property=\"og:image\" content=\"https:\/\/bemore.ee\/wp-content\/uploads\/2023\/05\/Collagen_Edition_jaatis-taustaGA.jpg\" \/>\n\t<meta property=\"og:image:width\" content=\"2500\" \/>\n\t<meta property=\"og:image:height\" content=\"2500\" \/>\n\t<meta property=\"og:image:type\" content=\"image\/jpeg\" \/>\n<meta name=\"twitter:card\" content=\"summary_large_image\" \/>\n<meta name=\"twitter:label1\" content=\"Est. reading time\" \/>\n\t<meta name=\"twitter:data1\" content=\"2 minutes\" \/>\n<script type=\"application\/ld+json\" class=\"yoast-schema-graph\">{\"@context\":\"https:\\\/\\\/schema.org\",\"@graph\":[{\"@type\":\"WebPage\",\"@id\":\"https:\\\/\\\/bemore.ee\\\/en\\\/toode\\\/collagen-ice-cream-powder-with-raspberry-and-cherry\\\/\",\"url\":\"https:\\\/\\\/bemore.ee\\\/en\\\/toode\\\/collagen-ice-cream-powder-with-raspberry-and-cherry\\\/\",\"name\":\"COLLAGEN ICE CREAM POWDER WITH RASPBERRY AND CHERRY - Be More\",\"isPartOf\":{\"@id\":\"https:\\\/\\\/bemore.ee\\\/#website\"},\"primaryImageOfPage\":{\"@id\":\"https:\\\/\\\/bemore.ee\\\/en\\\/toode\\\/collagen-ice-cream-powder-with-raspberry-and-cherry\\\/#primaryimage\"},\"image\":{\"@id\":\"https:\\\/\\\/bemore.ee\\\/en\\\/toode\\\/collagen-ice-cream-powder-with-raspberry-and-cherry\\\/#primaryimage\"},\"thumbnailUrl\":\"https:\\\/\\\/bemore.ee\\\/wp-content\\\/uploads\\\/2023\\\/05\\\/Collagen_Edition_jaatis-taustaGA.jpg\",\"datePublished\":\"2023-05-22T12:21:39+00:00\",\"dateModified\":\"2024-12-16T06:53:37+00:00\",\"description\":\"Be More supertoidusegud, teed, toorbatoonid ja toidulisandid on v\u00e4lja t\u00f6\u00f6tatud, et saaksid olla igap\u00e4evaselt parim versioon iseendast.\",\"breadcrumb\":{\"@id\":\"https:\\\/\\\/bemore.ee\\\/en\\\/toode\\\/collagen-ice-cream-powder-with-raspberry-and-cherry\\\/#breadcrumb\"},\"inLanguage\":\"en-US\",\"potentialAction\":[{\"@type\":\"ReadAction\",\"target\":[\"https:\\\/\\\/bemore.ee\\\/en\\\/toode\\\/collagen-ice-cream-powder-with-raspberry-and-cherry\\\/\"]}]},{\"@type\":\"ImageObject\",\"inLanguage\":\"en-US\",\"@id\":\"https:\\\/\\\/bemore.ee\\\/en\\\/toode\\\/collagen-ice-cream-powder-with-raspberry-and-cherry\\\/#primaryimage\",\"url\":\"https:\\\/\\\/bemore.ee\\\/wp-content\\\/uploads\\\/2023\\\/05\\\/Collagen_Edition_jaatis-taustaGA.jpg\",\"contentUrl\":\"https:\\\/\\\/bemore.ee\\\/wp-content\\\/uploads\\\/2023\\\/05\\\/Collagen_Edition_jaatis-taustaGA.jpg\",\"width\":2500,\"height\":2500},{\"@type\":\"BreadcrumbList\",\"@id\":\"https:\\\/\\\/bemore.ee\\\/en\\\/toode\\\/collagen-ice-cream-powder-with-raspberry-and-cherry\\\/#breadcrumb\",\"itemListElement\":[{\"@type\":\"ListItem\",\"position\":1,\"name\":\"Shop\",\"item\":\"https:\\\/\\\/bemore.ee\\\/en\\\/shop\\\/\"},{\"@type\":\"ListItem\",\"position\":2,\"name\":\"COLLAGEN ICE CREAM POWDER WITH RASPBERRY AND CHERRY\"}]},{\"@type\":\"WebSite\",\"@id\":\"https:\\\/\\\/bemore.ee\\\/#website\",\"url\":\"https:\\\/\\\/bemore.ee\\\/\",\"name\":\"Be More\",\"description\":\"Supertoidud Sinu igap&auml;evaellu!\",\"potentialAction\":[{\"@type\":\"SearchAction\",\"target\":{\"@type\":\"EntryPoint\",\"urlTemplate\":\"https:\\\/\\\/bemore.ee\\\/?s={search_term_string}\"},\"query-input\":{\"@type\":\"PropertyValueSpecification\",\"valueRequired\":true,\"valueName\":\"search_term_string\"}}],\"inLanguage\":\"en-US\"}]}<\/script>\n<!-- \/ Yoast SEO plugin. -->","yoast_head_json":{"title":"COLLAGEN ICE CREAM POWDER WITH RASPBERRY AND CHERRY - Be More","description":"Be More supertoidusegud, teed, toorbatoonid ja toidulisandid on v\u00e4lja t\u00f6\u00f6tatud, et saaksid olla igap\u00e4evaselt parim versioon iseendast.","robots":{"index":"index","follow":"follow","max-snippet":"max-snippet:-1","max-image-preview":"max-image-preview:large","max-video-preview":"max-video-preview:-1"},"canonical":"https:\/\/bemore.ee\/en\/toode\/collagen-ice-cream-powder-with-raspberry-and-cherry\/","og_locale":"en_US","og_type":"article","og_title":"COLLAGEN ICE CREAM POWDER WITH RASPBERRY AND CHERRY - Be More","og_description":"Be More supertoidusegud, teed, toorbatoonid ja toidulisandid on v\u00e4lja t\u00f6\u00f6tatud, et saaksid olla igap\u00e4evaselt parim versioon iseendast.","og_url":"https:\/\/bemore.ee\/en\/toode\/collagen-ice-cream-powder-with-raspberry-and-cherry\/","og_site_name":"Be More","article_modified_time":"2024-12-16T06:53:37+00:00","og_image":[{"width":2500,"height":2500,"url":"https:\/\/bemore.ee\/wp-content\/uploads\/2023\/05\/Collagen_Edition_jaatis-taustaGA.jpg","type":"image\/jpeg"}],"twitter_card":"summary_large_image","twitter_misc":{"Est. reading time":"2 minutes"},"schema":{"@context":"https:\/\/schema.org","@graph":[{"@type":"WebPage","@id":"https:\/\/bemore.ee\/en\/toode\/collagen-ice-cream-powder-with-raspberry-and-cherry\/","url":"https:\/\/bemore.ee\/en\/toode\/collagen-ice-cream-powder-with-raspberry-and-cherry\/","name":"COLLAGEN ICE CREAM POWDER WITH RASPBERRY AND CHERRY - Be More","isPartOf":{"@id":"https:\/\/bemore.ee\/#website"},"primaryImageOfPage":{"@id":"https:\/\/bemore.ee\/en\/toode\/collagen-ice-cream-powder-with-raspberry-and-cherry\/#primaryimage"},"image":{"@id":"https:\/\/bemore.ee\/en\/toode\/collagen-ice-cream-powder-with-raspberry-and-cherry\/#primaryimage"},"thumbnailUrl":"https:\/\/bemore.ee\/wp-content\/uploads\/2023\/05\/Collagen_Edition_jaatis-taustaGA.jpg","datePublished":"2023-05-22T12:21:39+00:00","dateModified":"2024-12-16T06:53:37+00:00","description":"Be More supertoidusegud, teed, toorbatoonid ja toidulisandid on v\u00e4lja t\u00f6\u00f6tatud, et saaksid olla igap\u00e4evaselt parim versioon iseendast.","breadcrumb":{"@id":"https:\/\/bemore.ee\/en\/toode\/collagen-ice-cream-powder-with-raspberry-and-cherry\/#breadcrumb"},"inLanguage":"en-US","potentialAction":[{"@type":"ReadAction","target":["https:\/\/bemore.ee\/en\/toode\/collagen-ice-cream-powder-with-raspberry-and-cherry\/"]}]},{"@type":"ImageObject","inLanguage":"en-US","@id":"https:\/\/bemore.ee\/en\/toode\/collagen-ice-cream-powder-with-raspberry-and-cherry\/#primaryimage","url":"https:\/\/bemore.ee\/wp-content\/uploads\/2023\/05\/Collagen_Edition_jaatis-taustaGA.jpg","contentUrl":"https:\/\/bemore.ee\/wp-content\/uploads\/2023\/05\/Collagen_Edition_jaatis-taustaGA.jpg","width":2500,"height":2500},{"@type":"BreadcrumbList","@id":"https:\/\/bemore.ee\/en\/toode\/collagen-ice-cream-powder-with-raspberry-and-cherry\/#breadcrumb","itemListElement":[{"@type":"ListItem","position":1,"name":"Shop","item":"https:\/\/bemore.ee\/en\/shop\/"},{"@type":"ListItem","position":2,"name":"COLLAGEN ICE CREAM POWDER WITH RASPBERRY AND CHERRY"}]},{"@type":"WebSite","@id":"https:\/\/bemore.ee\/#website","url":"https:\/\/bemore.ee\/","name":"Be More","description":"Supertoidud Sinu igap&auml;evaellu!","potentialAction":[{"@type":"SearchAction","target":{"@type":"EntryPoint","urlTemplate":"https:\/\/bemore.ee\/?s={search_term_string}"},"query-input":{"@type":"PropertyValueSpecification","valueRequired":true,"valueName":"search_term_string"}}],"inLanguage":"en-US"}]}},"_links":{"self":[{"href":"https:\/\/bemore.ee\/en\/wp-json\/wp\/v2\/product\/134135","targetHints":{"allow":["GET"]}}],"collection":[{"href":"https:\/\/bemore.ee\/en\/wp-json\/wp\/v2\/product"}],"about":[{"href":"https:\/\/bemore.ee\/en\/wp-json\/wp\/v2\/types\/product"}],"replies":[{"embeddable":true,"href":"https:\/\/bemore.ee\/en\/wp-json\/wp\/v2\/comments?post=134135"}],"wp:featuredmedia":[{"embeddable":true,"href":"https:\/\/bemore.ee\/en\/wp-json\/wp\/v2\/media\/134113"}],"wp:attachment":[{"href":"https:\/\/bemore.ee\/en\/wp-json\/wp\/v2\/media?parent=134135"}],"wp:term":[{"taxonomy":"product_brand","embeddable":true,"href":"https:\/\/bemore.ee\/en\/wp-json\/wp\/v2\/product_brand?post=134135"},{"taxonomy":"product_cat","embeddable":true,"href":"https:\/\/bemore.ee\/en\/wp-json\/wp\/v2\/product_cat?post=134135"},{"taxonomy":"product_tag","embeddable":true,"href":"https:\/\/bemore.ee\/en\/wp-json\/wp\/v2\/product_tag?post=134135"}],"curies":[{"name":"wp","href":"https:\/\/api.w.org\/{rel}","templated":true}]}}