{"id":131989,"date":"2022-11-07T08:41:12","date_gmt":"2022-11-07T06:41:12","guid":{"rendered":"https:\/\/bemore.ee\/?post_type=product&#038;p=131989"},"modified":"2025-11-04T02:50:38","modified_gmt":"2025-11-04T00:50:38","slug":"be-beautiful-tea","status":"publish","type":"product","link":"https:\/\/bemore.ee\/en\/toode\/be-beautiful-tea\/","title":{"rendered":"Be Beautiful tea"},"content":{"rendered":"<h4><strong>Be Beautiful loose tea is a 100% natural tea that helps you to be more. The handmade tea is designed for the person who really cares about the well-being of the body and skin.<\/strong><\/h4>\n<p>Be Beautiful is a delicious raspberry tea consisting of seven natural ingredients. Estonian raspberry is a great source of vitamin C which contributes to the normal formation of collagen for normal skin function and helps to protect cells from oxidative stress. Rooibos contains 50% more antioxidants than green tea. Antioxidants get rid of the harmful free radicals that can damage cells.<\/p>\n<h4><strong>What does this product consist of?<\/strong><\/h4>\n<p>Ingredients: Freeze-Dried Raspberries, Raspberry Leaves, Freeze-Dried Apples, Melissa, Moringa, Green Rooibos, Peppermint Leaves.<\/p>\n<h4><strong>How to use it?<\/strong><\/h4>\n<p>For hot tea, add 2 teaspoons to a teacup, pour 200ml ~ 80-85\u02da water and let it brew for ~ 5 minutes.<\/p>\n<p>For iced tea, add 3 teaspoons to a teacup, pour 250ml ~ 80-85\u02da water and let it brew for ~ 30 minutes. Serve with lots of ice!<\/p>\n<h4><strong>Serving size:<\/strong><\/h4>\n<p>For hot tea, add 2 teaspoons to a teacup, ~ 2 grams. For iced tea, add 3 teaspoons to a teacup, ~ 3 grams.<\/p>\n<h4><strong>Servings per package:<\/strong><\/h4>\n<p>One jar of 65g contains up to 33 teas, depending on portion size.<\/p>\n<h4><strong>Storage conditions<\/strong><\/h4>\n<p>Keep dry and cool, keep away from direct sunlight.<\/p>\n<h4><strong>What does Be Beautiful loose tea taste like?<\/strong><\/h4>\n<p>Be Beautiful has a pleasingly tasty raspberry flavor, complemented by melissa, rooibos and freshness by the mint. The tea has a beautiful light pink color.<\/p>\n","protected":false},"excerpt":{"rendered":"<h4><strong>Be Beautiful loose tea is a 100% natural tea that supports beauty.<\/strong><\/h4>\n<ul>\n<li>Marvelous raspberry taste<\/li>\n<li><strong>100% natural<\/strong><\/li>\n<li>Contains no added sugars or sweeteners<\/li>\n<li><strong>Handmade<\/strong><\/li>\n<li>One jar = 33 servings of tea<\/li>\n<li>A perfect gift idea &#8211; feminine glass jar with loose tea<\/li>\n<li><strong>Produced in Estonia<\/strong><\/li>\n<\/ul>\n","protected":false},"featured_media":131970,"comment_status":"open","ping_status":"closed","template":"","meta":{"_acf_changed":false},"product_brand":[],"product_cat":[335,538],"product_tag":[],"class_list":{"0":"post-131989","1":"product","2":"type-product","3":"status-publish","4":"has-post-thumbnail","6":"product_cat-teas","7":"product_cat-be-beautiful","9":"first","10":"instock","11":"taxable","12":"shipping-taxable","13":"purchasable","14":"product-type-simple"},"bundle_layout":"","bundled_by":["116230","136435","143728"],"bundled_items":[],"acf":[],"yoast_head":"<!-- This site is optimized with the Yoast SEO plugin v27.5 - https:\/\/yoast.com\/product\/yoast-seo-wordpress\/ -->\n<title>Be Beautiful tea - Be More<\/title>\n<meta name=\"description\" content=\"Be More supertoidusegud, teed, toorbatoonid ja toidulisandid on v\u00e4lja t\u00f6\u00f6tatud, et saaksid olla igap\u00e4evaselt parim versioon iseendast.\" \/>\n<meta name=\"robots\" content=\"index, follow, max-snippet:-1, max-image-preview:large, max-video-preview:-1\" \/>\n<link rel=\"canonical\" href=\"https:\/\/bemore.ee\/en\/toode\/be-beautiful-tea\/\" \/>\n<meta property=\"og:locale\" content=\"en_US\" \/>\n<meta property=\"og:type\" content=\"article\" \/>\n<meta property=\"og:title\" content=\"Be Beautiful tea - Be More\" \/>\n<meta property=\"og:description\" content=\"Be More supertoidusegud, teed, toorbatoonid ja toidulisandid on v\u00e4lja t\u00f6\u00f6tatud, et saaksid olla igap\u00e4evaselt parim versioon iseendast.\" \/>\n<meta property=\"og:url\" content=\"https:\/\/bemore.ee\/en\/toode\/be-beautiful-tea\/\" \/>\n<meta property=\"og:site_name\" content=\"Be More\" \/>\n<meta property=\"article:modified_time\" content=\"2025-11-04T00:50:38+00:00\" \/>\n<meta property=\"og:image\" content=\"https:\/\/bemore.ee\/wp-content\/uploads\/2022\/11\/1080x1080-px-6.png\" \/>\n\t<meta property=\"og:image:width\" content=\"1080\" \/>\n\t<meta property=\"og:image:height\" content=\"1080\" \/>\n\t<meta property=\"og:image:type\" content=\"image\/png\" \/>\n<meta name=\"twitter:card\" content=\"summary_large_image\" \/>\n<meta name=\"twitter:label1\" content=\"Est. reading time\" \/>\n\t<meta name=\"twitter:data1\" content=\"2 minutes\" \/>\n<script type=\"application\/ld+json\" class=\"yoast-schema-graph\">{\"@context\":\"https:\\\/\\\/schema.org\",\"@graph\":[{\"@type\":\"WebPage\",\"@id\":\"https:\\\/\\\/bemore.ee\\\/en\\\/toode\\\/be-beautiful-tea\\\/\",\"url\":\"https:\\\/\\\/bemore.ee\\\/en\\\/toode\\\/be-beautiful-tea\\\/\",\"name\":\"Be Beautiful tea - Be More\",\"isPartOf\":{\"@id\":\"https:\\\/\\\/bemore.ee\\\/#website\"},\"primaryImageOfPage\":{\"@id\":\"https:\\\/\\\/bemore.ee\\\/en\\\/toode\\\/be-beautiful-tea\\\/#primaryimage\"},\"image\":{\"@id\":\"https:\\\/\\\/bemore.ee\\\/en\\\/toode\\\/be-beautiful-tea\\\/#primaryimage\"},\"thumbnailUrl\":\"https:\\\/\\\/bemore.ee\\\/wp-content\\\/uploads\\\/2022\\\/11\\\/1080x1080-px-6.png\",\"datePublished\":\"2022-11-07T06:41:12+00:00\",\"dateModified\":\"2025-11-04T00:50:38+00:00\",\"description\":\"Be More supertoidusegud, teed, toorbatoonid ja toidulisandid on v\u00e4lja t\u00f6\u00f6tatud, et saaksid olla igap\u00e4evaselt parim versioon iseendast.\",\"breadcrumb\":{\"@id\":\"https:\\\/\\\/bemore.ee\\\/en\\\/toode\\\/be-beautiful-tea\\\/#breadcrumb\"},\"inLanguage\":\"en-US\",\"potentialAction\":[{\"@type\":\"ReadAction\",\"target\":[\"https:\\\/\\\/bemore.ee\\\/en\\\/toode\\\/be-beautiful-tea\\\/\"]}]},{\"@type\":\"ImageObject\",\"inLanguage\":\"en-US\",\"@id\":\"https:\\\/\\\/bemore.ee\\\/en\\\/toode\\\/be-beautiful-tea\\\/#primaryimage\",\"url\":\"https:\\\/\\\/bemore.ee\\\/wp-content\\\/uploads\\\/2022\\\/11\\\/1080x1080-px-6.png\",\"contentUrl\":\"https:\\\/\\\/bemore.ee\\\/wp-content\\\/uploads\\\/2022\\\/11\\\/1080x1080-px-6.png\",\"width\":1080,\"height\":1080,\"caption\":\"be beautiful tee\"},{\"@type\":\"BreadcrumbList\",\"@id\":\"https:\\\/\\\/bemore.ee\\\/en\\\/toode\\\/be-beautiful-tea\\\/#breadcrumb\",\"itemListElement\":[{\"@type\":\"ListItem\",\"position\":1,\"name\":\"Shop\",\"item\":\"https:\\\/\\\/bemore.ee\\\/en\\\/shop\\\/\"},{\"@type\":\"ListItem\",\"position\":2,\"name\":\"Be Beautiful tea\"}]},{\"@type\":\"WebSite\",\"@id\":\"https:\\\/\\\/bemore.ee\\\/#website\",\"url\":\"https:\\\/\\\/bemore.ee\\\/\",\"name\":\"Be More\",\"description\":\"Supertoidud Sinu igap&auml;evaellu!\",\"potentialAction\":[{\"@type\":\"SearchAction\",\"target\":{\"@type\":\"EntryPoint\",\"urlTemplate\":\"https:\\\/\\\/bemore.ee\\\/?s={search_term_string}\"},\"query-input\":{\"@type\":\"PropertyValueSpecification\",\"valueRequired\":true,\"valueName\":\"search_term_string\"}}],\"inLanguage\":\"en-US\"}]}<\/script>\n<!-- \/ Yoast SEO plugin. -->","yoast_head_json":{"title":"Be Beautiful tea - Be More","description":"Be More supertoidusegud, teed, toorbatoonid ja toidulisandid on v\u00e4lja t\u00f6\u00f6tatud, et saaksid olla igap\u00e4evaselt parim versioon iseendast.","robots":{"index":"index","follow":"follow","max-snippet":"max-snippet:-1","max-image-preview":"max-image-preview:large","max-video-preview":"max-video-preview:-1"},"canonical":"https:\/\/bemore.ee\/en\/toode\/be-beautiful-tea\/","og_locale":"en_US","og_type":"article","og_title":"Be Beautiful tea - Be More","og_description":"Be More supertoidusegud, teed, toorbatoonid ja toidulisandid on v\u00e4lja t\u00f6\u00f6tatud, et saaksid olla igap\u00e4evaselt parim versioon iseendast.","og_url":"https:\/\/bemore.ee\/en\/toode\/be-beautiful-tea\/","og_site_name":"Be More","article_modified_time":"2025-11-04T00:50:38+00:00","og_image":[{"width":1080,"height":1080,"url":"https:\/\/bemore.ee\/wp-content\/uploads\/2022\/11\/1080x1080-px-6.png","type":"image\/png"}],"twitter_card":"summary_large_image","twitter_misc":{"Est. reading time":"2 minutes"},"schema":{"@context":"https:\/\/schema.org","@graph":[{"@type":"WebPage","@id":"https:\/\/bemore.ee\/en\/toode\/be-beautiful-tea\/","url":"https:\/\/bemore.ee\/en\/toode\/be-beautiful-tea\/","name":"Be Beautiful tea - Be More","isPartOf":{"@id":"https:\/\/bemore.ee\/#website"},"primaryImageOfPage":{"@id":"https:\/\/bemore.ee\/en\/toode\/be-beautiful-tea\/#primaryimage"},"image":{"@id":"https:\/\/bemore.ee\/en\/toode\/be-beautiful-tea\/#primaryimage"},"thumbnailUrl":"https:\/\/bemore.ee\/wp-content\/uploads\/2022\/11\/1080x1080-px-6.png","datePublished":"2022-11-07T06:41:12+00:00","dateModified":"2025-11-04T00:50:38+00:00","description":"Be More supertoidusegud, teed, toorbatoonid ja toidulisandid on v\u00e4lja t\u00f6\u00f6tatud, et saaksid olla igap\u00e4evaselt parim versioon iseendast.","breadcrumb":{"@id":"https:\/\/bemore.ee\/en\/toode\/be-beautiful-tea\/#breadcrumb"},"inLanguage":"en-US","potentialAction":[{"@type":"ReadAction","target":["https:\/\/bemore.ee\/en\/toode\/be-beautiful-tea\/"]}]},{"@type":"ImageObject","inLanguage":"en-US","@id":"https:\/\/bemore.ee\/en\/toode\/be-beautiful-tea\/#primaryimage","url":"https:\/\/bemore.ee\/wp-content\/uploads\/2022\/11\/1080x1080-px-6.png","contentUrl":"https:\/\/bemore.ee\/wp-content\/uploads\/2022\/11\/1080x1080-px-6.png","width":1080,"height":1080,"caption":"be beautiful tee"},{"@type":"BreadcrumbList","@id":"https:\/\/bemore.ee\/en\/toode\/be-beautiful-tea\/#breadcrumb","itemListElement":[{"@type":"ListItem","position":1,"name":"Shop","item":"https:\/\/bemore.ee\/en\/shop\/"},{"@type":"ListItem","position":2,"name":"Be Beautiful tea"}]},{"@type":"WebSite","@id":"https:\/\/bemore.ee\/#website","url":"https:\/\/bemore.ee\/","name":"Be More","description":"Supertoidud Sinu igap&auml;evaellu!","potentialAction":[{"@type":"SearchAction","target":{"@type":"EntryPoint","urlTemplate":"https:\/\/bemore.ee\/?s={search_term_string}"},"query-input":{"@type":"PropertyValueSpecification","valueRequired":true,"valueName":"search_term_string"}}],"inLanguage":"en-US"}]}},"_links":{"self":[{"href":"https:\/\/bemore.ee\/en\/wp-json\/wp\/v2\/product\/131989","targetHints":{"allow":["GET"]}}],"collection":[{"href":"https:\/\/bemore.ee\/en\/wp-json\/wp\/v2\/product"}],"about":[{"href":"https:\/\/bemore.ee\/en\/wp-json\/wp\/v2\/types\/product"}],"replies":[{"embeddable":true,"href":"https:\/\/bemore.ee\/en\/wp-json\/wp\/v2\/comments?post=131989"}],"wp:featuredmedia":[{"embeddable":true,"href":"https:\/\/bemore.ee\/en\/wp-json\/wp\/v2\/media\/131970"}],"wp:attachment":[{"href":"https:\/\/bemore.ee\/en\/wp-json\/wp\/v2\/media?parent=131989"}],"wp:term":[{"taxonomy":"product_brand","embeddable":true,"href":"https:\/\/bemore.ee\/en\/wp-json\/wp\/v2\/product_brand?post=131989"},{"taxonomy":"product_cat","embeddable":true,"href":"https:\/\/bemore.ee\/en\/wp-json\/wp\/v2\/product_cat?post=131989"},{"taxonomy":"product_tag","embeddable":true,"href":"https:\/\/bemore.ee\/en\/wp-json\/wp\/v2\/product_tag?post=131989"}],"curies":[{"name":"wp","href":"https:\/\/api.w.org\/{rel}","templated":true}]}}