{"id":131966,"date":"2022-11-04T15:31:29","date_gmt":"2022-11-04T13:31:29","guid":{"rendered":"https:\/\/bemore.ee\/?post_type=product&#038;p=131966"},"modified":"2024-12-05T16:31:26","modified_gmt":"2024-12-05T14:31:26","slug":"gluten-free-christmas-gingerbreads-150g","status":"publish","type":"product","link":"https:\/\/bemore.ee\/en\/toode\/gluten-free-christmas-gingerbreads-150g\/","title":{"rendered":"Gluten free Christmas gingerbreads, 150g"},"content":{"rendered":"<p>Be More soft gingerbreads make the whole table wonder about the taste and want more and more! Gluten-free gingerbreads are a healthy alternative to sugar-rich gingerbreads and are also suitable for vegans because they are gluten-free, yeast-free, egg-free and lactose-free. Gingerbreads melt in your mouth as they are deliciously soft like cookies and contain exclusive gingerbread spice and orange oil. Children&#8217;s favorite!<\/p>\n<h4><strong>Be More Christmas gingerbreads are suitable for:<\/strong><\/h4>\n<ul>\n<li>a healthy alternative to sugary gingerbreads<\/li>\n<li>pregnant and lactating mothers<\/li>\n<li>kids<\/li>\n<li>vegans because they are gluten-, yeast-, lactose- and egg-free<\/li>\n<li>as a gift for everyone<\/li>\n<\/ul>\n<h4><strong>What flavor are Christmas gingerbreads?<\/strong><\/h4>\n<p>Gingerbread cookies melt in your mouth since they&#8217;re soft like cookies and contain unique gingerbread flavoring and orange oil, which adds a characteristic spice.<\/p>\n<h4><strong>What does this product consist of?<\/strong><\/h4>\n<p>Ingredients: coconut oil, buckwheat flour, coconut sugar, rice syrup, water, raw cocoa powder, gingerbread flavoring (ginger, nutmeg, cardamom, cloves, cinnamon), orange oil.<\/p>\n<h4><strong>Package size<\/strong><\/h4>\n<p>Package contains 150 g of gingerbreads.<\/p>\n<h4><strong>Storage conditions<\/strong><\/h4>\n<p>Keep dry and cool.<\/p>\n","protected":false},"excerpt":{"rendered":"<h4><strong>Soft gluten-free Be More Christmas gingerbread that is handmade especially for Christmas time!<\/strong><\/h4>\n<ul>\n<li>A healthy alternative to regular sugar-rich gingerbreads<\/li>\n<li><strong>Gluten-free, yeast-free, lactose-free, egg-free<\/strong><\/li>\n<li>Soft like cookies<\/li>\n<li>Seasonal &#8211; a <strong>limited number of gingerbreads<\/strong><\/li>\n<li><strong>Suitable for vegans<\/strong><\/li>\n<li>Handmade<\/li>\n<li>A unique gingerbread flavoring and orange oil provide a pleasant spice<\/li>\n<\/ul>\n","protected":false},"featured_media":131883,"comment_status":"open","ping_status":"closed","template":"","meta":{"_acf_changed":false},"product_brand":[],"product_cat":[549],"product_tag":[],"class_list":{"0":"post-131966","1":"product","2":"type-product","3":"status-publish","4":"has-post-thumbnail","6":"product_cat-christmas-gifts","8":"first","9":"outofstock","10":"taxable","11":"shipping-taxable","12":"purchasable","13":"product-type-simple"},"bundle_layout":"","bundled_by":["131879","138776"],"bundled_items":[],"acf":[],"yoast_head":"<!-- This site is optimized with the Yoast SEO plugin v27.5 - https:\/\/yoast.com\/product\/yoast-seo-wordpress\/ -->\n<title>Gluten free Christmas gingerbreads, 150g - Be More<\/title>\n<meta name=\"description\" content=\"Be More supertoidusegud, teed, toorbatoonid ja toidulisandid on v\u00e4lja t\u00f6\u00f6tatud, et saaksid olla igap\u00e4evaselt parim versioon iseendast.\" \/>\n<meta name=\"robots\" content=\"index, follow, max-snippet:-1, max-image-preview:large, max-video-preview:-1\" \/>\n<link rel=\"canonical\" href=\"https:\/\/bemore.ee\/en\/toode\/gluten-free-christmas-gingerbreads-150g\/\" \/>\n<meta property=\"og:locale\" content=\"en_US\" \/>\n<meta property=\"og:type\" content=\"article\" \/>\n<meta property=\"og:title\" content=\"Gluten free Christmas gingerbreads, 150g - Be More\" \/>\n<meta property=\"og:description\" content=\"Be More supertoidusegud, teed, toorbatoonid ja toidulisandid on v\u00e4lja t\u00f6\u00f6tatud, et saaksid olla igap\u00e4evaselt parim versioon iseendast.\" \/>\n<meta property=\"og:url\" content=\"https:\/\/bemore.ee\/en\/toode\/gluten-free-christmas-gingerbreads-150g\/\" \/>\n<meta property=\"og:site_name\" content=\"Be More\" \/>\n<meta property=\"article:modified_time\" content=\"2024-12-05T14:31:26+00:00\" \/>\n<meta property=\"og:image\" content=\"https:\/\/bemore.ee\/wp-content\/uploads\/2022\/11\/Be-More-IG-1080x1080-px-2.png\" \/>\n\t<meta property=\"og:image:width\" content=\"1080\" \/>\n\t<meta property=\"og:image:height\" content=\"1080\" \/>\n\t<meta property=\"og:image:type\" content=\"image\/png\" \/>\n<meta name=\"twitter:card\" content=\"summary_large_image\" \/>\n<meta name=\"twitter:label1\" content=\"Est. reading time\" \/>\n\t<meta name=\"twitter:data1\" content=\"2 minutes\" \/>\n<script type=\"application\/ld+json\" class=\"yoast-schema-graph\">{\"@context\":\"https:\\\/\\\/schema.org\",\"@graph\":[{\"@type\":\"WebPage\",\"@id\":\"https:\\\/\\\/bemore.ee\\\/en\\\/toode\\\/gluten-free-christmas-gingerbreads-150g\\\/\",\"url\":\"https:\\\/\\\/bemore.ee\\\/en\\\/toode\\\/gluten-free-christmas-gingerbreads-150g\\\/\",\"name\":\"Gluten free Christmas gingerbreads, 150g - Be More\",\"isPartOf\":{\"@id\":\"https:\\\/\\\/bemore.ee\\\/#website\"},\"primaryImageOfPage\":{\"@id\":\"https:\\\/\\\/bemore.ee\\\/en\\\/toode\\\/gluten-free-christmas-gingerbreads-150g\\\/#primaryimage\"},\"image\":{\"@id\":\"https:\\\/\\\/bemore.ee\\\/en\\\/toode\\\/gluten-free-christmas-gingerbreads-150g\\\/#primaryimage\"},\"thumbnailUrl\":\"https:\\\/\\\/bemore.ee\\\/wp-content\\\/uploads\\\/2022\\\/11\\\/Be-More-IG-1080x1080-px-2.png\",\"datePublished\":\"2022-11-04T13:31:29+00:00\",\"dateModified\":\"2024-12-05T14:31:26+00:00\",\"description\":\"Be More supertoidusegud, teed, toorbatoonid ja toidulisandid on v\u00e4lja t\u00f6\u00f6tatud, et saaksid olla igap\u00e4evaselt parim versioon iseendast.\",\"breadcrumb\":{\"@id\":\"https:\\\/\\\/bemore.ee\\\/en\\\/toode\\\/gluten-free-christmas-gingerbreads-150g\\\/#breadcrumb\"},\"inLanguage\":\"en-US\",\"potentialAction\":[{\"@type\":\"ReadAction\",\"target\":[\"https:\\\/\\\/bemore.ee\\\/en\\\/toode\\\/gluten-free-christmas-gingerbreads-150g\\\/\"]}]},{\"@type\":\"ImageObject\",\"inLanguage\":\"en-US\",\"@id\":\"https:\\\/\\\/bemore.ee\\\/en\\\/toode\\\/gluten-free-christmas-gingerbreads-150g\\\/#primaryimage\",\"url\":\"https:\\\/\\\/bemore.ee\\\/wp-content\\\/uploads\\\/2022\\\/11\\\/Be-More-IG-1080x1080-px-2.png\",\"contentUrl\":\"https:\\\/\\\/bemore.ee\\\/wp-content\\\/uploads\\\/2022\\\/11\\\/Be-More-IG-1080x1080-px-2.png\",\"width\":1080,\"height\":1080,\"caption\":\"gluteenivaba piparkook\"},{\"@type\":\"BreadcrumbList\",\"@id\":\"https:\\\/\\\/bemore.ee\\\/en\\\/toode\\\/gluten-free-christmas-gingerbreads-150g\\\/#breadcrumb\",\"itemListElement\":[{\"@type\":\"ListItem\",\"position\":1,\"name\":\"Shop\",\"item\":\"https:\\\/\\\/bemore.ee\\\/en\\\/shop\\\/\"},{\"@type\":\"ListItem\",\"position\":2,\"name\":\"Gluten free Christmas gingerbreads, 150g\"}]},{\"@type\":\"WebSite\",\"@id\":\"https:\\\/\\\/bemore.ee\\\/#website\",\"url\":\"https:\\\/\\\/bemore.ee\\\/\",\"name\":\"Be More\",\"description\":\"Supertoidud Sinu igap&auml;evaellu!\",\"potentialAction\":[{\"@type\":\"SearchAction\",\"target\":{\"@type\":\"EntryPoint\",\"urlTemplate\":\"https:\\\/\\\/bemore.ee\\\/?s={search_term_string}\"},\"query-input\":{\"@type\":\"PropertyValueSpecification\",\"valueRequired\":true,\"valueName\":\"search_term_string\"}}],\"inLanguage\":\"en-US\"}]}<\/script>\n<!-- \/ Yoast SEO plugin. -->","yoast_head_json":{"title":"Gluten free Christmas gingerbreads, 150g - Be More","description":"Be More supertoidusegud, teed, toorbatoonid ja toidulisandid on v\u00e4lja t\u00f6\u00f6tatud, et saaksid olla igap\u00e4evaselt parim versioon iseendast.","robots":{"index":"index","follow":"follow","max-snippet":"max-snippet:-1","max-image-preview":"max-image-preview:large","max-video-preview":"max-video-preview:-1"},"canonical":"https:\/\/bemore.ee\/en\/toode\/gluten-free-christmas-gingerbreads-150g\/","og_locale":"en_US","og_type":"article","og_title":"Gluten free Christmas gingerbreads, 150g - Be More","og_description":"Be More supertoidusegud, teed, toorbatoonid ja toidulisandid on v\u00e4lja t\u00f6\u00f6tatud, et saaksid olla igap\u00e4evaselt parim versioon iseendast.","og_url":"https:\/\/bemore.ee\/en\/toode\/gluten-free-christmas-gingerbreads-150g\/","og_site_name":"Be More","article_modified_time":"2024-12-05T14:31:26+00:00","og_image":[{"width":1080,"height":1080,"url":"https:\/\/bemore.ee\/wp-content\/uploads\/2022\/11\/Be-More-IG-1080x1080-px-2.png","type":"image\/png"}],"twitter_card":"summary_large_image","twitter_misc":{"Est. reading time":"2 minutes"},"schema":{"@context":"https:\/\/schema.org","@graph":[{"@type":"WebPage","@id":"https:\/\/bemore.ee\/en\/toode\/gluten-free-christmas-gingerbreads-150g\/","url":"https:\/\/bemore.ee\/en\/toode\/gluten-free-christmas-gingerbreads-150g\/","name":"Gluten free Christmas gingerbreads, 150g - Be More","isPartOf":{"@id":"https:\/\/bemore.ee\/#website"},"primaryImageOfPage":{"@id":"https:\/\/bemore.ee\/en\/toode\/gluten-free-christmas-gingerbreads-150g\/#primaryimage"},"image":{"@id":"https:\/\/bemore.ee\/en\/toode\/gluten-free-christmas-gingerbreads-150g\/#primaryimage"},"thumbnailUrl":"https:\/\/bemore.ee\/wp-content\/uploads\/2022\/11\/Be-More-IG-1080x1080-px-2.png","datePublished":"2022-11-04T13:31:29+00:00","dateModified":"2024-12-05T14:31:26+00:00","description":"Be More supertoidusegud, teed, toorbatoonid ja toidulisandid on v\u00e4lja t\u00f6\u00f6tatud, et saaksid olla igap\u00e4evaselt parim versioon iseendast.","breadcrumb":{"@id":"https:\/\/bemore.ee\/en\/toode\/gluten-free-christmas-gingerbreads-150g\/#breadcrumb"},"inLanguage":"en-US","potentialAction":[{"@type":"ReadAction","target":["https:\/\/bemore.ee\/en\/toode\/gluten-free-christmas-gingerbreads-150g\/"]}]},{"@type":"ImageObject","inLanguage":"en-US","@id":"https:\/\/bemore.ee\/en\/toode\/gluten-free-christmas-gingerbreads-150g\/#primaryimage","url":"https:\/\/bemore.ee\/wp-content\/uploads\/2022\/11\/Be-More-IG-1080x1080-px-2.png","contentUrl":"https:\/\/bemore.ee\/wp-content\/uploads\/2022\/11\/Be-More-IG-1080x1080-px-2.png","width":1080,"height":1080,"caption":"gluteenivaba piparkook"},{"@type":"BreadcrumbList","@id":"https:\/\/bemore.ee\/en\/toode\/gluten-free-christmas-gingerbreads-150g\/#breadcrumb","itemListElement":[{"@type":"ListItem","position":1,"name":"Shop","item":"https:\/\/bemore.ee\/en\/shop\/"},{"@type":"ListItem","position":2,"name":"Gluten free Christmas gingerbreads, 150g"}]},{"@type":"WebSite","@id":"https:\/\/bemore.ee\/#website","url":"https:\/\/bemore.ee\/","name":"Be More","description":"Supertoidud Sinu igap&auml;evaellu!","potentialAction":[{"@type":"SearchAction","target":{"@type":"EntryPoint","urlTemplate":"https:\/\/bemore.ee\/?s={search_term_string}"},"query-input":{"@type":"PropertyValueSpecification","valueRequired":true,"valueName":"search_term_string"}}],"inLanguage":"en-US"}]}},"_links":{"self":[{"href":"https:\/\/bemore.ee\/en\/wp-json\/wp\/v2\/product\/131966","targetHints":{"allow":["GET"]}}],"collection":[{"href":"https:\/\/bemore.ee\/en\/wp-json\/wp\/v2\/product"}],"about":[{"href":"https:\/\/bemore.ee\/en\/wp-json\/wp\/v2\/types\/product"}],"replies":[{"embeddable":true,"href":"https:\/\/bemore.ee\/en\/wp-json\/wp\/v2\/comments?post=131966"}],"wp:featuredmedia":[{"embeddable":true,"href":"https:\/\/bemore.ee\/en\/wp-json\/wp\/v2\/media\/131883"}],"wp:attachment":[{"href":"https:\/\/bemore.ee\/en\/wp-json\/wp\/v2\/media?parent=131966"}],"wp:term":[{"taxonomy":"product_brand","embeddable":true,"href":"https:\/\/bemore.ee\/en\/wp-json\/wp\/v2\/product_brand?post=131966"},{"taxonomy":"product_cat","embeddable":true,"href":"https:\/\/bemore.ee\/en\/wp-json\/wp\/v2\/product_cat?post=131966"},{"taxonomy":"product_tag","embeddable":true,"href":"https:\/\/bemore.ee\/en\/wp-json\/wp\/v2\/product_tag?post=131966"}],"curies":[{"name":"wp","href":"https:\/\/api.w.org\/{rel}","templated":true}]}}