{"id":116204,"date":"2020-08-24T06:42:06","date_gmt":"2020-08-24T03:42:06","guid":{"rendered":"https:\/\/bemore.ee\/product\/ashwagandha-root-powder-150g\/"},"modified":"2026-04-16T12:31:58","modified_gmt":"2026-04-16T09:31:58","slug":"ashwagandha-root-powder-150g","status":"publish","type":"product","link":"https:\/\/bemore.ee\/en\/toode\/ashwagandha-root-powder-150g\/","title":{"rendered":"Ashwagandha Root Powder, 150g"},"content":{"rendered":"<p>Ashwagandha (<em>Withania somnifera<\/em>) is a evergreen shrub and it belongs to Solanaceae family. It has yellow-green flowers and red ripe fruit. The plant is widespread from southern Europe to the India and in Africa. Ashwagandha, often known as Indian ginseng, is an important component of traditional Indian medicine in Ayurveda, as it has been valued since ancient times for its hypnotic and sedative properties. Mostly dried roots and leaves are used. The root is used as a general tonic as it contributes to the physical and emotional balance and general well-being. Ashwagandha helps to cope with mental tension, nervousness, and anxiety and is also used to promote sleep.<\/p>\n<p><strong>Organic Ashwagandha Root Powder is recommended for\u2026<\/strong><\/p>\n<ul>\n<li>Individuals with a stressful lifestyle looking for natural support.<\/li>\n<li>Individuals having difficulty falling asleep.<\/li>\n<li>Anyone seeking to restore their physical and emotional balance.<\/li>\n<\/ul>\n<p><strong>Warnings:<\/strong><\/p>\n<p>The food supplement is not intended to replace a varied diet! It is important to eat a varied and balanced diet and lead a healthy lifestyle! The recommended daily intake must not be exceeded!<\/p>\n<p>It is not recommended to use Organic Ashwagandha Root Powder when you are pregnant or breastfeeding.<\/p>\n<p>Before consuming Ashwagandha root powder, individuals with thyroid conditions or autoimmune diseases, and those taking immunosuppressants or sedative\/hypnotic medications, should consult a physician and use the product with caution.<\/p>\n<p><strong>What does this product consist of?<\/strong><\/p>\n<p>Ingredients: Ashwagandha (<em>Withania<\/em> <em>somnifera<\/em>) Root Powder (100%)<\/p>\n<p><strong>How to use it?<\/strong><\/p>\n<p>Directions for use: The recommended daily amount is 1 teaspoon (2,5 g). Mix it into warm water, milk, smoothies or porridge. Not suitable for children, pregnant women, or breastfeeding mothers.<\/p>\n<p><strong>Storage conditions<\/strong><\/p>\n<p>Store in the original packaging at room temperature, protected from moisture and direct sunlight. Close the package carefully after use.<\/p>\n<p>Packaged in: EU<\/p>\n","protected":false},"excerpt":{"rendered":"<p>A food supplement to support your mental and physical well-being!<\/p>\n<ul>\n<li>Helps create physical and emotional balance.<\/li>\n<li>Contributes to overall well-being.<\/li>\n<li>Promotes sleep.<\/li>\n<li>Relieves stress.<\/li>\n<li>Reduces anxiety.<\/li>\n<\/ul>\n","protected":false},"featured_media":115893,"comment_status":"open","ping_status":"closed","template":"","meta":{"_acf_changed":false},"product_brand":[],"product_cat":[340,537,530],"product_tag":[],"class_list":{"0":"post-116204","1":"product","2":"type-product","3":"status-publish","4":"has-post-thumbnail","6":"product_cat-food-supplements","7":"product_cat-be-healthy","8":"product_cat-be-green","10":"first","11":"instock","12":"taxable","13":"shipping-taxable","14":"purchasable","15":"product-type-simple"},"bundle_layout":"","bundled_by":["116235"],"bundled_items":[],"acf":[],"yoast_head":"<!-- This site is optimized with the Yoast SEO plugin v27.5 - https:\/\/yoast.com\/product\/yoast-seo-wordpress\/ -->\n<title>Ashwagandha Root Powder, 150g - Be More<\/title>\n<meta name=\"description\" content=\"Be More supertoidusegud, teed, toorbatoonid ja toidulisandid on v\u00e4lja t\u00f6\u00f6tatud, et saaksid olla igap\u00e4evaselt parim versioon iseendast.\" \/>\n<meta name=\"robots\" content=\"index, follow, max-snippet:-1, max-image-preview:large, max-video-preview:-1\" \/>\n<link rel=\"canonical\" href=\"https:\/\/bemore.ee\/en\/toode\/ashwagandha-root-powder-150g\/\" \/>\n<meta property=\"og:locale\" content=\"en_US\" \/>\n<meta property=\"og:type\" content=\"article\" \/>\n<meta property=\"og:title\" content=\"Ashwagandha Root Powder, 150g - Be More\" \/>\n<meta property=\"og:description\" content=\"Be More supertoidusegud, teed, toorbatoonid ja toidulisandid on v\u00e4lja t\u00f6\u00f6tatud, et saaksid olla igap\u00e4evaselt parim versioon iseendast.\" \/>\n<meta property=\"og:url\" content=\"https:\/\/bemore.ee\/en\/toode\/ashwagandha-root-powder-150g\/\" \/>\n<meta property=\"og:site_name\" content=\"Be More\" \/>\n<meta property=\"article:modified_time\" content=\"2026-04-16T09:31:58+00:00\" \/>\n<meta property=\"og:image\" content=\"https:\/\/bemore.ee\/wp-content\/uploads\/2023\/07\/ashwaghanda_simu.jpg\" \/>\n\t<meta property=\"og:image:width\" content=\"1920\" \/>\n\t<meta property=\"og:image:height\" content=\"1920\" \/>\n\t<meta property=\"og:image:type\" content=\"image\/jpeg\" \/>\n<meta name=\"twitter:card\" content=\"summary_large_image\" \/>\n<meta name=\"twitter:label1\" content=\"Est. reading time\" \/>\n\t<meta name=\"twitter:data1\" content=\"2 minutes\" \/>\n<script type=\"application\/ld+json\" class=\"yoast-schema-graph\">{\"@context\":\"https:\\\/\\\/schema.org\",\"@graph\":[{\"@type\":\"WebPage\",\"@id\":\"https:\\\/\\\/bemore.ee\\\/en\\\/toode\\\/ashwagandha-root-powder-150g\\\/\",\"url\":\"https:\\\/\\\/bemore.ee\\\/en\\\/toode\\\/ashwagandha-root-powder-150g\\\/\",\"name\":\"Ashwagandha Root Powder, 150g - Be More\",\"isPartOf\":{\"@id\":\"https:\\\/\\\/bemore.ee\\\/#website\"},\"primaryImageOfPage\":{\"@id\":\"https:\\\/\\\/bemore.ee\\\/en\\\/toode\\\/ashwagandha-root-powder-150g\\\/#primaryimage\"},\"image\":{\"@id\":\"https:\\\/\\\/bemore.ee\\\/en\\\/toode\\\/ashwagandha-root-powder-150g\\\/#primaryimage\"},\"thumbnailUrl\":\"https:\\\/\\\/bemore.ee\\\/wp-content\\\/uploads\\\/2023\\\/07\\\/ashwaghanda_simu.jpg\",\"datePublished\":\"2020-08-24T03:42:06+00:00\",\"dateModified\":\"2026-04-16T09:31:58+00:00\",\"description\":\"Be More supertoidusegud, teed, toorbatoonid ja toidulisandid on v\u00e4lja t\u00f6\u00f6tatud, et saaksid olla igap\u00e4evaselt parim versioon iseendast.\",\"breadcrumb\":{\"@id\":\"https:\\\/\\\/bemore.ee\\\/en\\\/toode\\\/ashwagandha-root-powder-150g\\\/#breadcrumb\"},\"inLanguage\":\"en-US\",\"potentialAction\":[{\"@type\":\"ReadAction\",\"target\":[\"https:\\\/\\\/bemore.ee\\\/en\\\/toode\\\/ashwagandha-root-powder-150g\\\/\"]}]},{\"@type\":\"ImageObject\",\"inLanguage\":\"en-US\",\"@id\":\"https:\\\/\\\/bemore.ee\\\/en\\\/toode\\\/ashwagandha-root-powder-150g\\\/#primaryimage\",\"url\":\"https:\\\/\\\/bemore.ee\\\/wp-content\\\/uploads\\\/2023\\\/07\\\/ashwaghanda_simu.jpg\",\"contentUrl\":\"https:\\\/\\\/bemore.ee\\\/wp-content\\\/uploads\\\/2023\\\/07\\\/ashwaghanda_simu.jpg\",\"width\":1920,\"height\":1920},{\"@type\":\"BreadcrumbList\",\"@id\":\"https:\\\/\\\/bemore.ee\\\/en\\\/toode\\\/ashwagandha-root-powder-150g\\\/#breadcrumb\",\"itemListElement\":[{\"@type\":\"ListItem\",\"position\":1,\"name\":\"Shop\",\"item\":\"https:\\\/\\\/bemore.ee\\\/en\\\/shop\\\/\"},{\"@type\":\"ListItem\",\"position\":2,\"name\":\"Ashwagandha Root Powder, 150g\"}]},{\"@type\":\"WebSite\",\"@id\":\"https:\\\/\\\/bemore.ee\\\/#website\",\"url\":\"https:\\\/\\\/bemore.ee\\\/\",\"name\":\"Be More\",\"description\":\"Supertoidud Sinu igap&auml;evaellu!\",\"potentialAction\":[{\"@type\":\"SearchAction\",\"target\":{\"@type\":\"EntryPoint\",\"urlTemplate\":\"https:\\\/\\\/bemore.ee\\\/?s={search_term_string}\"},\"query-input\":{\"@type\":\"PropertyValueSpecification\",\"valueRequired\":true,\"valueName\":\"search_term_string\"}}],\"inLanguage\":\"en-US\"}]}<\/script>\n<!-- \/ Yoast SEO plugin. -->","yoast_head_json":{"title":"Ashwagandha Root Powder, 150g - Be More","description":"Be More supertoidusegud, teed, toorbatoonid ja toidulisandid on v\u00e4lja t\u00f6\u00f6tatud, et saaksid olla igap\u00e4evaselt parim versioon iseendast.","robots":{"index":"index","follow":"follow","max-snippet":"max-snippet:-1","max-image-preview":"max-image-preview:large","max-video-preview":"max-video-preview:-1"},"canonical":"https:\/\/bemore.ee\/en\/toode\/ashwagandha-root-powder-150g\/","og_locale":"en_US","og_type":"article","og_title":"Ashwagandha Root Powder, 150g - Be More","og_description":"Be More supertoidusegud, teed, toorbatoonid ja toidulisandid on v\u00e4lja t\u00f6\u00f6tatud, et saaksid olla igap\u00e4evaselt parim versioon iseendast.","og_url":"https:\/\/bemore.ee\/en\/toode\/ashwagandha-root-powder-150g\/","og_site_name":"Be More","article_modified_time":"2026-04-16T09:31:58+00:00","og_image":[{"width":1920,"height":1920,"url":"https:\/\/bemore.ee\/wp-content\/uploads\/2023\/07\/ashwaghanda_simu.jpg","type":"image\/jpeg"}],"twitter_card":"summary_large_image","twitter_misc":{"Est. reading time":"2 minutes"},"schema":{"@context":"https:\/\/schema.org","@graph":[{"@type":"WebPage","@id":"https:\/\/bemore.ee\/en\/toode\/ashwagandha-root-powder-150g\/","url":"https:\/\/bemore.ee\/en\/toode\/ashwagandha-root-powder-150g\/","name":"Ashwagandha Root Powder, 150g - Be More","isPartOf":{"@id":"https:\/\/bemore.ee\/#website"},"primaryImageOfPage":{"@id":"https:\/\/bemore.ee\/en\/toode\/ashwagandha-root-powder-150g\/#primaryimage"},"image":{"@id":"https:\/\/bemore.ee\/en\/toode\/ashwagandha-root-powder-150g\/#primaryimage"},"thumbnailUrl":"https:\/\/bemore.ee\/wp-content\/uploads\/2023\/07\/ashwaghanda_simu.jpg","datePublished":"2020-08-24T03:42:06+00:00","dateModified":"2026-04-16T09:31:58+00:00","description":"Be More supertoidusegud, teed, toorbatoonid ja toidulisandid on v\u00e4lja t\u00f6\u00f6tatud, et saaksid olla igap\u00e4evaselt parim versioon iseendast.","breadcrumb":{"@id":"https:\/\/bemore.ee\/en\/toode\/ashwagandha-root-powder-150g\/#breadcrumb"},"inLanguage":"en-US","potentialAction":[{"@type":"ReadAction","target":["https:\/\/bemore.ee\/en\/toode\/ashwagandha-root-powder-150g\/"]}]},{"@type":"ImageObject","inLanguage":"en-US","@id":"https:\/\/bemore.ee\/en\/toode\/ashwagandha-root-powder-150g\/#primaryimage","url":"https:\/\/bemore.ee\/wp-content\/uploads\/2023\/07\/ashwaghanda_simu.jpg","contentUrl":"https:\/\/bemore.ee\/wp-content\/uploads\/2023\/07\/ashwaghanda_simu.jpg","width":1920,"height":1920},{"@type":"BreadcrumbList","@id":"https:\/\/bemore.ee\/en\/toode\/ashwagandha-root-powder-150g\/#breadcrumb","itemListElement":[{"@type":"ListItem","position":1,"name":"Shop","item":"https:\/\/bemore.ee\/en\/shop\/"},{"@type":"ListItem","position":2,"name":"Ashwagandha Root Powder, 150g"}]},{"@type":"WebSite","@id":"https:\/\/bemore.ee\/#website","url":"https:\/\/bemore.ee\/","name":"Be More","description":"Supertoidud Sinu igap&auml;evaellu!","potentialAction":[{"@type":"SearchAction","target":{"@type":"EntryPoint","urlTemplate":"https:\/\/bemore.ee\/?s={search_term_string}"},"query-input":{"@type":"PropertyValueSpecification","valueRequired":true,"valueName":"search_term_string"}}],"inLanguage":"en-US"}]}},"_links":{"self":[{"href":"https:\/\/bemore.ee\/en\/wp-json\/wp\/v2\/product\/116204","targetHints":{"allow":["GET"]}}],"collection":[{"href":"https:\/\/bemore.ee\/en\/wp-json\/wp\/v2\/product"}],"about":[{"href":"https:\/\/bemore.ee\/en\/wp-json\/wp\/v2\/types\/product"}],"replies":[{"embeddable":true,"href":"https:\/\/bemore.ee\/en\/wp-json\/wp\/v2\/comments?post=116204"}],"wp:featuredmedia":[{"embeddable":true,"href":"https:\/\/bemore.ee\/en\/wp-json\/wp\/v2\/media\/115893"}],"wp:attachment":[{"href":"https:\/\/bemore.ee\/en\/wp-json\/wp\/v2\/media?parent=116204"}],"wp:term":[{"taxonomy":"product_brand","embeddable":true,"href":"https:\/\/bemore.ee\/en\/wp-json\/wp\/v2\/product_brand?post=116204"},{"taxonomy":"product_cat","embeddable":true,"href":"https:\/\/bemore.ee\/en\/wp-json\/wp\/v2\/product_cat?post=116204"},{"taxonomy":"product_tag","embeddable":true,"href":"https:\/\/bemore.ee\/en\/wp-json\/wp\/v2\/product_tag?post=116204"}],"curies":[{"name":"wp","href":"https:\/\/api.w.org\/{rel}","templated":true}]}}