{"id":135134,"date":"2023-09-07T19:43:07","date_gmt":"2023-09-07T16:43:07","guid":{"rendered":"https:\/\/bemore.ee\/?page_id=135134"},"modified":"2023-09-07T19:44:51","modified_gmt":"2023-09-07T16:44:51","slug":"franchise","status":"publish","type":"page","link":"https:\/\/bemore.ee\/en\/our-story\/franchise\/","title":{"rendered":"Franchise"},"content":{"rendered":"<h2 class=\"wp-block-heading\">Become Be More franchisee and distributor in your region!<\/h2><p>Bring premium superfoods to people all over the world with extraordinary taste and\r\nCarefully chosen high quality ingredients.\r\n<\/p>\n<div class=\"wpcf7 no-js\" id=\"wpcf7-f142678-o1\" lang=\"en-US\" dir=\"ltr\" data-wpcf7-id=\"142678\">\n<div class=\"screen-reader-response\"><p role=\"status\" aria-live=\"polite\" aria-atomic=\"true\"><\/p> <ul><\/ul><\/div>\n<form action=\"\/en\/wp-json\/wp\/v2\/pages\/135134#wpcf7-f142678-o1\" method=\"post\" class=\"wpcf7-form init\" aria-label=\"Contact form\" novalidate=\"novalidate\" data-status=\"init\">\n<fieldset class=\"hidden-fields-container\"><input type=\"hidden\" name=\"_wpcf7\" value=\"142678\" \/><input type=\"hidden\" name=\"_wpcf7_version\" value=\"6.1.5\" \/><input type=\"hidden\" name=\"_wpcf7_locale\" value=\"en_US\" \/><input type=\"hidden\" name=\"_wpcf7_unit_tag\" value=\"wpcf7-f142678-o1\" \/><input type=\"hidden\" name=\"_wpcf7_container_post\" value=\"0\" \/><input type=\"hidden\" name=\"_wpcf7_posted_data_hash\" value=\"\" \/><input type=\"hidden\" name=\"_wpcf7_recaptcha_response\" value=\"\" \/>\n<\/fieldset>\n<input type='hidden' class='wpcf7-pum' value='{\"closepopup\":false,\"closedelay\":0,\"openpopup\":false,\"openpopup_id\":0}' \/><div class=\"wpcf7-response-output\" aria-hidden=\"true\"><\/div>\n<\/form>\n<\/div>\n","protected":false},"excerpt":{"rendered":"<p>Become Be More franchisee and distributor in your region! Bring premium superfoods to people all over the world with extraordinary taste and Carefully chosen high&#8230;<\/p>\n","protected":false},"author":1311,"featured_media":132562,"parent":116388,"menu_order":54,"comment_status":"closed","ping_status":"closed","template":"page_kontakt.php","meta":{"_acf_changed":false,"footnotes":""},"class_list":["post-135134","page","type-page","status-publish","has-post-thumbnail","hentry"],"acf":[],"yoast_head":"<!-- This site is optimized with the Yoast SEO plugin v27.5 - https:\/\/yoast.com\/product\/yoast-seo-wordpress\/ -->\n<title>Franchise - Be More<\/title>\n<meta name=\"description\" content=\"Be More supertoidusegud, teed, toorbatoonid ja toidulisandid on v\u00e4lja t\u00f6\u00f6tatud, et saaksid olla igap\u00e4evaselt parim versioon iseendast.\" \/>\n<meta name=\"robots\" content=\"index, follow, max-snippet:-1, max-image-preview:large, max-video-preview:-1\" \/>\n<link rel=\"canonical\" href=\"https:\/\/bemore.ee\/en\/our-story\/franchise\/\" \/>\n<meta property=\"og:locale\" content=\"en_US\" \/>\n<meta property=\"og:type\" content=\"article\" \/>\n<meta property=\"og:title\" content=\"Franchise - Be More\" \/>\n<meta property=\"og:description\" content=\"Be More supertoidusegud, teed, toorbatoonid ja toidulisandid on v\u00e4lja t\u00f6\u00f6tatud, et saaksid olla igap\u00e4evaselt parim versioon iseendast.\" \/>\n<meta property=\"og:url\" content=\"https:\/\/bemore.ee\/en\/our-story\/franchise\/\" \/>\n<meta property=\"og:site_name\" content=\"Be More\" \/>\n<meta property=\"article:modified_time\" content=\"2023-09-07T16:44:51+00:00\" \/>\n<meta property=\"og:image\" content=\"https:\/\/bemore.ee\/wp-content\/uploads\/2022\/12\/390A8534-scaled.jpg\" \/>\n\t<meta property=\"og:image:width\" content=\"1707\" \/>\n\t<meta property=\"og:image:height\" content=\"2560\" \/>\n\t<meta property=\"og:image:type\" content=\"image\/jpeg\" \/>\n<meta name=\"twitter:card\" content=\"summary_large_image\" \/>\n<meta name=\"twitter:label1\" content=\"Est. reading time\" \/>\n\t<meta name=\"twitter:data1\" content=\"1 minute\" \/>\n<script type=\"application\/ld+json\" class=\"yoast-schema-graph\">{\"@context\":\"https:\\\/\\\/schema.org\",\"@graph\":[{\"@type\":\"WebPage\",\"@id\":\"https:\\\/\\\/bemore.ee\\\/en\\\/our-story\\\/franchise\\\/\",\"url\":\"https:\\\/\\\/bemore.ee\\\/en\\\/our-story\\\/franchise\\\/\",\"name\":\"Franchise - Be More\",\"isPartOf\":{\"@id\":\"https:\\\/\\\/bemore.ee\\\/#website\"},\"primaryImageOfPage\":{\"@id\":\"https:\\\/\\\/bemore.ee\\\/en\\\/our-story\\\/franchise\\\/#primaryimage\"},\"image\":{\"@id\":\"https:\\\/\\\/bemore.ee\\\/en\\\/our-story\\\/franchise\\\/#primaryimage\"},\"thumbnailUrl\":\"https:\\\/\\\/bemore.ee\\\/wp-content\\\/uploads\\\/2022\\\/12\\\/390A8534-scaled.jpg\",\"datePublished\":\"2023-09-07T16:43:07+00:00\",\"dateModified\":\"2023-09-07T16:44:51+00:00\",\"description\":\"Be More supertoidusegud, teed, toorbatoonid ja toidulisandid on v\u00e4lja t\u00f6\u00f6tatud, et saaksid olla igap\u00e4evaselt parim versioon iseendast.\",\"breadcrumb\":{\"@id\":\"https:\\\/\\\/bemore.ee\\\/en\\\/our-story\\\/franchise\\\/#breadcrumb\"},\"inLanguage\":\"en-US\",\"potentialAction\":[{\"@type\":\"ReadAction\",\"target\":[\"https:\\\/\\\/bemore.ee\\\/en\\\/our-story\\\/franchise\\\/\"]}]},{\"@type\":\"ImageObject\",\"inLanguage\":\"en-US\",\"@id\":\"https:\\\/\\\/bemore.ee\\\/en\\\/our-story\\\/franchise\\\/#primaryimage\",\"url\":\"https:\\\/\\\/bemore.ee\\\/wp-content\\\/uploads\\\/2022\\\/12\\\/390A8534-scaled.jpg\",\"contentUrl\":\"https:\\\/\\\/bemore.ee\\\/wp-content\\\/uploads\\\/2022\\\/12\\\/390A8534-scaled.jpg\",\"width\":1707,\"height\":2560},{\"@type\":\"BreadcrumbList\",\"@id\":\"https:\\\/\\\/bemore.ee\\\/en\\\/our-story\\\/franchise\\\/#breadcrumb\",\"itemListElement\":[{\"@type\":\"ListItem\",\"position\":1,\"name\":\"Our story\",\"item\":\"https:\\\/\\\/bemore.ee\\\/en\\\/our-story\\\/\"},{\"@type\":\"ListItem\",\"position\":2,\"name\":\"Franchise\"}]},{\"@type\":\"WebSite\",\"@id\":\"https:\\\/\\\/bemore.ee\\\/#website\",\"url\":\"https:\\\/\\\/bemore.ee\\\/\",\"name\":\"Be More\",\"description\":\"Supertoidud Sinu igap&auml;evaellu!\",\"potentialAction\":[{\"@type\":\"SearchAction\",\"target\":{\"@type\":\"EntryPoint\",\"urlTemplate\":\"https:\\\/\\\/bemore.ee\\\/?s={search_term_string}\"},\"query-input\":{\"@type\":\"PropertyValueSpecification\",\"valueRequired\":true,\"valueName\":\"search_term_string\"}}],\"inLanguage\":\"en-US\"}]}<\/script>\n<!-- \/ Yoast SEO plugin. -->","yoast_head_json":{"title":"Franchise - Be More","description":"Be More supertoidusegud, teed, toorbatoonid ja toidulisandid on v\u00e4lja t\u00f6\u00f6tatud, et saaksid olla igap\u00e4evaselt parim versioon iseendast.","robots":{"index":"index","follow":"follow","max-snippet":"max-snippet:-1","max-image-preview":"max-image-preview:large","max-video-preview":"max-video-preview:-1"},"canonical":"https:\/\/bemore.ee\/en\/our-story\/franchise\/","og_locale":"en_US","og_type":"article","og_title":"Franchise - Be More","og_description":"Be More supertoidusegud, teed, toorbatoonid ja toidulisandid on v\u00e4lja t\u00f6\u00f6tatud, et saaksid olla igap\u00e4evaselt parim versioon iseendast.","og_url":"https:\/\/bemore.ee\/en\/our-story\/franchise\/","og_site_name":"Be More","article_modified_time":"2023-09-07T16:44:51+00:00","og_image":[{"width":1707,"height":2560,"url":"https:\/\/bemore.ee\/wp-content\/uploads\/2022\/12\/390A8534-scaled.jpg","type":"image\/jpeg"}],"twitter_card":"summary_large_image","twitter_misc":{"Est. reading time":"1 minute"},"schema":{"@context":"https:\/\/schema.org","@graph":[{"@type":"WebPage","@id":"https:\/\/bemore.ee\/en\/our-story\/franchise\/","url":"https:\/\/bemore.ee\/en\/our-story\/franchise\/","name":"Franchise - Be More","isPartOf":{"@id":"https:\/\/bemore.ee\/#website"},"primaryImageOfPage":{"@id":"https:\/\/bemore.ee\/en\/our-story\/franchise\/#primaryimage"},"image":{"@id":"https:\/\/bemore.ee\/en\/our-story\/franchise\/#primaryimage"},"thumbnailUrl":"https:\/\/bemore.ee\/wp-content\/uploads\/2022\/12\/390A8534-scaled.jpg","datePublished":"2023-09-07T16:43:07+00:00","dateModified":"2023-09-07T16:44:51+00:00","description":"Be More supertoidusegud, teed, toorbatoonid ja toidulisandid on v\u00e4lja t\u00f6\u00f6tatud, et saaksid olla igap\u00e4evaselt parim versioon iseendast.","breadcrumb":{"@id":"https:\/\/bemore.ee\/en\/our-story\/franchise\/#breadcrumb"},"inLanguage":"en-US","potentialAction":[{"@type":"ReadAction","target":["https:\/\/bemore.ee\/en\/our-story\/franchise\/"]}]},{"@type":"ImageObject","inLanguage":"en-US","@id":"https:\/\/bemore.ee\/en\/our-story\/franchise\/#primaryimage","url":"https:\/\/bemore.ee\/wp-content\/uploads\/2022\/12\/390A8534-scaled.jpg","contentUrl":"https:\/\/bemore.ee\/wp-content\/uploads\/2022\/12\/390A8534-scaled.jpg","width":1707,"height":2560},{"@type":"BreadcrumbList","@id":"https:\/\/bemore.ee\/en\/our-story\/franchise\/#breadcrumb","itemListElement":[{"@type":"ListItem","position":1,"name":"Our story","item":"https:\/\/bemore.ee\/en\/our-story\/"},{"@type":"ListItem","position":2,"name":"Franchise"}]},{"@type":"WebSite","@id":"https:\/\/bemore.ee\/#website","url":"https:\/\/bemore.ee\/","name":"Be More","description":"Supertoidud Sinu igap&auml;evaellu!","potentialAction":[{"@type":"SearchAction","target":{"@type":"EntryPoint","urlTemplate":"https:\/\/bemore.ee\/?s={search_term_string}"},"query-input":{"@type":"PropertyValueSpecification","valueRequired":true,"valueName":"search_term_string"}}],"inLanguage":"en-US"}]}},"_links":{"self":[{"href":"https:\/\/bemore.ee\/en\/wp-json\/wp\/v2\/pages\/135134","targetHints":{"allow":["GET"]}}],"collection":[{"href":"https:\/\/bemore.ee\/en\/wp-json\/wp\/v2\/pages"}],"about":[{"href":"https:\/\/bemore.ee\/en\/wp-json\/wp\/v2\/types\/page"}],"author":[{"embeddable":true,"href":"https:\/\/bemore.ee\/en\/wp-json\/wp\/v2\/users\/1311"}],"replies":[{"embeddable":true,"href":"https:\/\/bemore.ee\/en\/wp-json\/wp\/v2\/comments?post=135134"}],"version-history":[{"count":3,"href":"https:\/\/bemore.ee\/en\/wp-json\/wp\/v2\/pages\/135134\/revisions"}],"predecessor-version":[{"id":135138,"href":"https:\/\/bemore.ee\/en\/wp-json\/wp\/v2\/pages\/135134\/revisions\/135138"}],"up":[{"embeddable":true,"href":"https:\/\/bemore.ee\/en\/wp-json\/wp\/v2\/pages\/116388"}],"wp:featuredmedia":[{"embeddable":true,"href":"https:\/\/bemore.ee\/en\/wp-json\/wp\/v2\/media\/132562"}],"wp:attachment":[{"href":"https:\/\/bemore.ee\/en\/wp-json\/wp\/v2\/media?parent=135134"}],"curies":[{"name":"wp","href":"https:\/\/api.w.org\/{rel}","templated":true}]}}