{"id":132634,"date":"2022-12-17T19:45:15","date_gmt":"2022-12-17T17:45:15","guid":{"rendered":"https:\/\/bemore.ee\/?page_id=132634"},"modified":"2022-12-17T19:45:17","modified_gmt":"2022-12-17T17:45:17","slug":"affiliate","status":"publish","type":"page","link":"https:\/\/bemore.ee\/en\/affiliate\/","title":{"rendered":"Affiliate"},"content":{"rendered":"\n<div class=\"yith-wcaf yith-wcaf-registration-form woocommerce\">\n\t\n\t\n\t\t\t\t<div class=\"forms-container \">\n\n\t\t\t\n\t\t\t\n\t\t\t\n\t\t\t\t\t\t\t\t\t<h2 class=\"register-title\">\n\t\t\t\t\t\tRegister\t\t\t\t\t<\/h2>\n\t\t\t\t\n\t\t\t\t<div class=\"register-form\">\n\t\t\t\t\t<form method=\"post\" class=\"register\">\n\n\t\t\t\t\t\t\t\t\t\t\t\t\t\t\t\t\t\t<p class=\"form-row validate-required\" id=\"profile_first_name_field\" data-priority=\"\"><label for=\"profile_first_name\" class=\"required_field\">Eesnimi&nbsp;<span class=\"required\" aria-hidden=\"true\">*<\/span><\/label><span class=\"woocommerce-input-wrapper\"><input type=\"text\" class=\"input-text \" name=\"first_name\" id=\"profile_first_name\" placeholder=\"\"  value=\"\" aria-required=\"true\" \/><\/span><span class=\"error\" style=\"display:none\">Eesnimi is a required field.<\/span><\/p><p class=\"form-row validate-required\" id=\"profile_last_name_field\" data-priority=\"\"><label for=\"profile_last_name\" class=\"required_field\">Perekonnanimi&nbsp;<span class=\"required\" aria-hidden=\"true\">*<\/span><\/label><span class=\"woocommerce-input-wrapper\"><input type=\"text\" class=\"input-text \" name=\"last_name\" id=\"profile_last_name\" placeholder=\"\"  value=\"\" aria-required=\"true\" \/><\/span><span class=\"error\" style=\"display:none\">Perekonnanimi is a required field.<\/span><\/p><p class=\"form-row validate-required\" id=\"profile_email_field\" data-priority=\"\"><label for=\"profile_email\" class=\"required_field\">E-post&nbsp;<span class=\"required\" aria-hidden=\"true\">*<\/span><\/label><span class=\"woocommerce-input-wrapper\"><input type=\"email\" class=\"input-text \" name=\"email\" id=\"profile_email\" placeholder=\"\"  value=\"\" data-validation=\"email\" aria-required=\"true\" \/><\/span><span class=\"error\" style=\"display:none\">E-post is a required field.<\/span><\/p>\t\t\t<p class=\"form-row\">\n\t\t\t\t<span class=\"woocommerce-privacy-policy-text\">\n\t\t\t\t\tTeie isikuandmeid kasutatakse teie kasutuskogemuse toetamiseks kogu sellel veebisaidil, teie kontole juurdep\u00e4\u00e4su haldamiseks ja muudel meie <a href=\"https:\/\/bemore.ee\/en\/terms-of-sale\/\" class=\"woocommerce-privacy-policy-link\" target=\"_blank\">privacy policy<\/a> kirjeldatud eesm\u00e4rkidel.\t\t\t\t<\/span>\n\t\t\t<\/p>\n\t\t\t<p class=\"form-row terms-label validate-required\" id=\"profile_terms_field\" data-priority=\"\"><span class=\"woocommerce-input-wrapper\"><label class=\"checkbox terms-label\" data-validation=\"url\"><input type=\"checkbox\" name=\"terms\" id=\"profile_terms\" value=\"1\" class=\"input-checkbox \"  aria-required=\"true\" \/> Olen n\u00f5us <a href=\"https:\/\/bemore.ee\/muugitingimused\/\">M\u00fc\u00fcgitingimustega<\/a>*&nbsp;<span class=\"required\" aria-hidden=\"true\">*<\/span><\/label><\/span><span class=\"error\" style=\"display:none\">Olen n\u00f5us <a href=\"https:\/\/bemore.ee\/muugitingimused\/\">M\u00fc\u00fcgitingimustega<\/a>* is a required field.<\/span><\/p><p class=\"form-row validate-required\" id=\"profile_affiliate_terms_conditions_field\" data-priority=\"\"><span class=\"woocommerce-input-wrapper\"><label class=\"checkbox \" ><input type=\"checkbox\" name=\"affiliate_terms_conditions\" id=\"profile_affiliate_terms_conditions\" value=\"1\" class=\"input-checkbox \"  aria-required=\"true\" \/> Olen n\u00f5us <a target=\"_blank\" href=\"https:\/\/bemore.ee\/affiliate-terms-conditions\/\">Partneri tingimustega<\/a>&nbsp;<span class=\"required\" aria-hidden=\"true\">*<\/span><\/label><\/span><span class=\"error\" style=\"display:none\">Olen n\u00f5us <a target=\"_blank\" href=\"https:\/\/bemore.ee\/affiliate-terms-conditions\/\">Partneri tingimustega<\/a> is a required field.<\/span><\/p>\t\t\t\t\t\t<wc-order-attribution-inputs><\/wc-order-attribution-inputs>\n\t\t\t\t\t\t<p class=\"form-row\">\n\t\t\t\t\t\t\t<input type=\"hidden\" id=\"woocommerce-register-nonce\" name=\"woocommerce-register-nonce\" value=\"d4d5b2a1f4\" \/><input type=\"hidden\" name=\"_wp_http_referer\" value=\"\/en\/wp-json\/wp\/v2\/pages\/132634\" \/>\t\t\t\t\t\t\t<input type=\"hidden\" id=\"register_affiliate\" name=\"register_affiliate\" value=\"169c8233cc\" \/>\n\t\t\t\t\t\t\t<input type=\"submit\" class=\"button\" name=\"register\" value=\"Register\"\/>\n\t\t\t\t\t\t<\/p>\n\n\t\t\t\t\t\t\n\t\t\t\t\t<\/form>\n\t\t\t\t<\/div>\n\n\t\t\t\n\t\t\t\n\t\t<\/div>\n\n\t<\/div>\n","protected":false},"excerpt":{"rendered":"","protected":false},"author":1311,"featured_media":0,"parent":0,"menu_order":26,"comment_status":"closed","ping_status":"closed","template":"page_default.php","meta":{"_acf_changed":false,"footnotes":""},"class_list":["post-132634","page","type-page","status-publish","hentry"],"acf":[],"yoast_head":"<!-- This site is optimized with the Yoast SEO plugin v27.5 - https:\/\/yoast.com\/product\/yoast-seo-wordpress\/ -->\n<title>Affiliate - Be More<\/title>\n<meta name=\"description\" content=\"Be More supertoidusegud, teed, toorbatoonid ja toidulisandid on v\u00e4lja t\u00f6\u00f6tatud, et saaksid olla igap\u00e4evaselt parim versioon iseendast.\" \/>\n<meta name=\"robots\" content=\"index, follow, max-snippet:-1, max-image-preview:large, max-video-preview:-1\" \/>\n<link rel=\"canonical\" href=\"https:\/\/bemore.ee\/en\/affiliate\/\" \/>\n<meta property=\"og:locale\" content=\"en_US\" \/>\n<meta property=\"og:type\" content=\"article\" \/>\n<meta property=\"og:title\" content=\"Affiliate - Be More\" \/>\n<meta property=\"og:description\" content=\"Be More supertoidusegud, teed, toorbatoonid ja toidulisandid on v\u00e4lja t\u00f6\u00f6tatud, et saaksid olla igap\u00e4evaselt parim versioon iseendast.\" \/>\n<meta property=\"og:url\" content=\"https:\/\/bemore.ee\/en\/affiliate\/\" \/>\n<meta property=\"og:site_name\" content=\"Be More\" \/>\n<meta property=\"article:modified_time\" content=\"2022-12-17T17:45:17+00:00\" \/>\n<meta name=\"twitter:card\" content=\"summary_large_image\" \/>\n<meta name=\"twitter:label1\" content=\"Est. reading time\" \/>\n\t<meta name=\"twitter:data1\" content=\"1 minute\" \/>\n<script type=\"application\/ld+json\" class=\"yoast-schema-graph\">{\"@context\":\"https:\\\/\\\/schema.org\",\"@graph\":[{\"@type\":\"WebPage\",\"@id\":\"https:\\\/\\\/bemore.ee\\\/en\\\/affiliate\\\/\",\"url\":\"https:\\\/\\\/bemore.ee\\\/en\\\/affiliate\\\/\",\"name\":\"Affiliate - Be More\",\"isPartOf\":{\"@id\":\"https:\\\/\\\/bemore.ee\\\/#website\"},\"datePublished\":\"2022-12-17T17:45:15+00:00\",\"dateModified\":\"2022-12-17T17:45:17+00:00\",\"description\":\"Be More supertoidusegud, teed, toorbatoonid ja toidulisandid on v\u00e4lja t\u00f6\u00f6tatud, et saaksid olla igap\u00e4evaselt parim versioon iseendast.\",\"inLanguage\":\"en-US\",\"potentialAction\":[{\"@type\":\"ReadAction\",\"target\":[\"https:\\\/\\\/bemore.ee\\\/en\\\/affiliate\\\/\"]}]},{\"@type\":\"WebSite\",\"@id\":\"https:\\\/\\\/bemore.ee\\\/#website\",\"url\":\"https:\\\/\\\/bemore.ee\\\/\",\"name\":\"Be More\",\"description\":\"Supertoidud Sinu igap&auml;evaellu!\",\"potentialAction\":[{\"@type\":\"SearchAction\",\"target\":{\"@type\":\"EntryPoint\",\"urlTemplate\":\"https:\\\/\\\/bemore.ee\\\/?s={search_term_string}\"},\"query-input\":{\"@type\":\"PropertyValueSpecification\",\"valueRequired\":true,\"valueName\":\"search_term_string\"}}],\"inLanguage\":\"en-US\"}]}<\/script>\n<!-- \/ Yoast SEO plugin. -->","yoast_head_json":{"title":"Affiliate - Be More","description":"Be More supertoidusegud, teed, toorbatoonid ja toidulisandid on v\u00e4lja t\u00f6\u00f6tatud, et saaksid olla igap\u00e4evaselt parim versioon iseendast.","robots":{"index":"index","follow":"follow","max-snippet":"max-snippet:-1","max-image-preview":"max-image-preview:large","max-video-preview":"max-video-preview:-1"},"canonical":"https:\/\/bemore.ee\/en\/affiliate\/","og_locale":"en_US","og_type":"article","og_title":"Affiliate - Be More","og_description":"Be More supertoidusegud, teed, toorbatoonid ja toidulisandid on v\u00e4lja t\u00f6\u00f6tatud, et saaksid olla igap\u00e4evaselt parim versioon iseendast.","og_url":"https:\/\/bemore.ee\/en\/affiliate\/","og_site_name":"Be More","article_modified_time":"2022-12-17T17:45:17+00:00","twitter_card":"summary_large_image","twitter_misc":{"Est. reading time":"1 minute"},"schema":{"@context":"https:\/\/schema.org","@graph":[{"@type":"WebPage","@id":"https:\/\/bemore.ee\/en\/affiliate\/","url":"https:\/\/bemore.ee\/en\/affiliate\/","name":"Affiliate - Be More","isPartOf":{"@id":"https:\/\/bemore.ee\/#website"},"datePublished":"2022-12-17T17:45:15+00:00","dateModified":"2022-12-17T17:45:17+00:00","description":"Be More supertoidusegud, teed, toorbatoonid ja toidulisandid on v\u00e4lja t\u00f6\u00f6tatud, et saaksid olla igap\u00e4evaselt parim versioon iseendast.","inLanguage":"en-US","potentialAction":[{"@type":"ReadAction","target":["https:\/\/bemore.ee\/en\/affiliate\/"]}]},{"@type":"WebSite","@id":"https:\/\/bemore.ee\/#website","url":"https:\/\/bemore.ee\/","name":"Be More","description":"Supertoidud Sinu igap&auml;evaellu!","potentialAction":[{"@type":"SearchAction","target":{"@type":"EntryPoint","urlTemplate":"https:\/\/bemore.ee\/?s={search_term_string}"},"query-input":{"@type":"PropertyValueSpecification","valueRequired":true,"valueName":"search_term_string"}}],"inLanguage":"en-US"}]}},"_links":{"self":[{"href":"https:\/\/bemore.ee\/en\/wp-json\/wp\/v2\/pages\/132634","targetHints":{"allow":["GET"]}}],"collection":[{"href":"https:\/\/bemore.ee\/en\/wp-json\/wp\/v2\/pages"}],"about":[{"href":"https:\/\/bemore.ee\/en\/wp-json\/wp\/v2\/types\/page"}],"author":[{"embeddable":true,"href":"https:\/\/bemore.ee\/en\/wp-json\/wp\/v2\/users\/1311"}],"replies":[{"embeddable":true,"href":"https:\/\/bemore.ee\/en\/wp-json\/wp\/v2\/comments?post=132634"}],"version-history":[{"count":1,"href":"https:\/\/bemore.ee\/en\/wp-json\/wp\/v2\/pages\/132634\/revisions"}],"predecessor-version":[{"id":132635,"href":"https:\/\/bemore.ee\/en\/wp-json\/wp\/v2\/pages\/132634\/revisions\/132635"}],"wp:attachment":[{"href":"https:\/\/bemore.ee\/en\/wp-json\/wp\/v2\/media?parent=132634"}],"curies":[{"name":"wp","href":"https:\/\/api.w.org\/{rel}","templated":true}]}}