{"id":114868,"date":"2021-08-25T12:23:21","date_gmt":"2021-08-25T09:23:21","guid":{"rendered":"https:\/\/bemore.ee\/?page_id=114868"},"modified":"2026-05-12T06:57:24","modified_gmt":"2026-05-12T03:57:24","slug":"home","status":"publish","type":"page","link":"https:\/\/bemore.ee\/en\/","title":{"rendered":"Home page"},"content":{"rendered":"","protected":false},"excerpt":{"rendered":"","protected":false},"author":1,"featured_media":144651,"parent":0,"menu_order":17,"comment_status":"closed","ping_status":"closed","template":"","meta":{"_acf_changed":false,"footnotes":""},"class_list":["post-114868","page","type-page","status-publish","has-post-thumbnail","hentry"],"acf":[],"yoast_head":"<!-- This site is optimized with the Yoast SEO plugin v27.5 - https:\/\/yoast.com\/product\/yoast-seo-wordpress\/ -->\n<title>Home page - Be More<\/title>\n<meta name=\"description\" content=\"Be More supertoidusegud, teed, toorbatoonid ja toidulisandid on v\u00e4lja t\u00f6\u00f6tatud, et saaksid olla igap\u00e4evaselt parim versioon iseendast.\" \/>\n<meta name=\"robots\" content=\"index, follow, max-snippet:-1, max-image-preview:large, max-video-preview:-1\" \/>\n<link rel=\"canonical\" href=\"https:\/\/bemore.ee\/en\/\" \/>\n<meta property=\"og:locale\" content=\"en_US\" \/>\n<meta property=\"og:type\" content=\"article\" \/>\n<meta property=\"og:title\" content=\"Home page - Be More\" \/>\n<meta property=\"og:description\" content=\"Be More supertoidusegud, teed, toorbatoonid ja toidulisandid on v\u00e4lja t\u00f6\u00f6tatud, et saaksid olla igap\u00e4evaselt parim versioon iseendast.\" \/>\n<meta property=\"og:url\" content=\"https:\/\/bemore.ee\/en\/\" \/>\n<meta property=\"og:site_name\" content=\"Be More\" \/>\n<meta property=\"article:modified_time\" content=\"2026-05-12T03:57:24+00:00\" \/>\n<meta property=\"og:image\" content=\"https:\/\/bemore.ee\/wp-content\/uploads\/2021\/10\/logo.png\" \/>\n<meta name=\"twitter:card\" content=\"summary_large_image\" \/>\n<meta name=\"twitter:label1\" content=\"Est. reading time\" \/>\n\t<meta name=\"twitter:data1\" content=\"1 minute\" \/>\n<script type=\"application\/ld+json\" class=\"yoast-schema-graph\">{\"@context\":\"https:\\\/\\\/schema.org\",\"@graph\":[{\"@type\":\"WebPage\",\"@id\":\"https:\\\/\\\/bemore.ee\\\/en\\\/\",\"url\":\"https:\\\/\\\/bemore.ee\\\/en\\\/\",\"name\":\"Home page - Be More\",\"isPartOf\":{\"@id\":\"https:\\\/\\\/bemore.ee\\\/#website\"},\"primaryImageOfPage\":{\"@id\":\"https:\\\/\\\/bemore.ee\\\/en\\\/#primaryimage\"},\"image\":{\"@id\":\"https:\\\/\\\/bemore.ee\\\/en\\\/#primaryimage\"},\"thumbnailUrl\":\"https:\\\/\\\/bemore.ee\\\/wp-content\\\/uploads\\\/2026\\\/03\\\/kummikarud_marts2026_koduleht_1441x1860_eng.png\",\"datePublished\":\"2021-08-25T09:23:21+00:00\",\"dateModified\":\"2026-05-12T03:57:24+00:00\",\"description\":\"Be More supertoidusegud, teed, toorbatoonid ja toidulisandid on v\u00e4lja t\u00f6\u00f6tatud, et saaksid olla igap\u00e4evaselt parim versioon iseendast.\",\"inLanguage\":\"en-US\",\"potentialAction\":[{\"@type\":\"ReadAction\",\"target\":[\"https:\\\/\\\/bemore.ee\\\/en\\\/\"]}]},{\"@type\":\"ImageObject\",\"inLanguage\":\"en-US\",\"@id\":\"https:\\\/\\\/bemore.ee\\\/en\\\/#primaryimage\",\"url\":\"https:\\\/\\\/bemore.ee\\\/wp-content\\\/uploads\\\/2026\\\/03\\\/kummikarud_marts2026_koduleht_1441x1860_eng.png\",\"contentUrl\":\"https:\\\/\\\/bemore.ee\\\/wp-content\\\/uploads\\\/2026\\\/03\\\/kummikarud_marts2026_koduleht_1441x1860_eng.png\",\"width\":1442,\"height\":1861},{\"@type\":\"WebSite\",\"@id\":\"https:\\\/\\\/bemore.ee\\\/#website\",\"url\":\"https:\\\/\\\/bemore.ee\\\/\",\"name\":\"Be More\",\"description\":\"Supertoidud Sinu igap&auml;evaellu!\",\"potentialAction\":[{\"@type\":\"SearchAction\",\"target\":{\"@type\":\"EntryPoint\",\"urlTemplate\":\"https:\\\/\\\/bemore.ee\\\/?s={search_term_string}\"},\"query-input\":{\"@type\":\"PropertyValueSpecification\",\"valueRequired\":true,\"valueName\":\"search_term_string\"}}],\"inLanguage\":\"en-US\"}]}<\/script>\n<!-- \/ Yoast SEO plugin. -->","yoast_head_json":{"title":"Home page - Be More","description":"Be More supertoidusegud, teed, toorbatoonid ja toidulisandid on v\u00e4lja t\u00f6\u00f6tatud, et saaksid olla igap\u00e4evaselt parim versioon iseendast.","robots":{"index":"index","follow":"follow","max-snippet":"max-snippet:-1","max-image-preview":"max-image-preview:large","max-video-preview":"max-video-preview:-1"},"canonical":"https:\/\/bemore.ee\/en\/","og_locale":"en_US","og_type":"article","og_title":"Home page - Be More","og_description":"Be More supertoidusegud, teed, toorbatoonid ja toidulisandid on v\u00e4lja t\u00f6\u00f6tatud, et saaksid olla igap\u00e4evaselt parim versioon iseendast.","og_url":"https:\/\/bemore.ee\/en\/","og_site_name":"Be More","article_modified_time":"2026-05-12T03:57:24+00:00","og_image":[{"url":"https:\/\/bemore.ee\/wp-content\/uploads\/2021\/10\/logo.png","type":"","width":"","height":""}],"twitter_card":"summary_large_image","twitter_misc":{"Est. reading time":"1 minute"},"schema":{"@context":"https:\/\/schema.org","@graph":[{"@type":"WebPage","@id":"https:\/\/bemore.ee\/en\/","url":"https:\/\/bemore.ee\/en\/","name":"Home page - Be More","isPartOf":{"@id":"https:\/\/bemore.ee\/#website"},"primaryImageOfPage":{"@id":"https:\/\/bemore.ee\/en\/#primaryimage"},"image":{"@id":"https:\/\/bemore.ee\/en\/#primaryimage"},"thumbnailUrl":"https:\/\/bemore.ee\/wp-content\/uploads\/2026\/03\/kummikarud_marts2026_koduleht_1441x1860_eng.png","datePublished":"2021-08-25T09:23:21+00:00","dateModified":"2026-05-12T03:57:24+00:00","description":"Be More supertoidusegud, teed, toorbatoonid ja toidulisandid on v\u00e4lja t\u00f6\u00f6tatud, et saaksid olla igap\u00e4evaselt parim versioon iseendast.","inLanguage":"en-US","potentialAction":[{"@type":"ReadAction","target":["https:\/\/bemore.ee\/en\/"]}]},{"@type":"ImageObject","inLanguage":"en-US","@id":"https:\/\/bemore.ee\/en\/#primaryimage","url":"https:\/\/bemore.ee\/wp-content\/uploads\/2026\/03\/kummikarud_marts2026_koduleht_1441x1860_eng.png","contentUrl":"https:\/\/bemore.ee\/wp-content\/uploads\/2026\/03\/kummikarud_marts2026_koduleht_1441x1860_eng.png","width":1442,"height":1861},{"@type":"WebSite","@id":"https:\/\/bemore.ee\/#website","url":"https:\/\/bemore.ee\/","name":"Be More","description":"Supertoidud Sinu igap&auml;evaellu!","potentialAction":[{"@type":"SearchAction","target":{"@type":"EntryPoint","urlTemplate":"https:\/\/bemore.ee\/?s={search_term_string}"},"query-input":{"@type":"PropertyValueSpecification","valueRequired":true,"valueName":"search_term_string"}}],"inLanguage":"en-US"}]}},"_links":{"self":[{"href":"https:\/\/bemore.ee\/en\/wp-json\/wp\/v2\/pages\/114868","targetHints":{"allow":["GET"]}}],"collection":[{"href":"https:\/\/bemore.ee\/en\/wp-json\/wp\/v2\/pages"}],"about":[{"href":"https:\/\/bemore.ee\/en\/wp-json\/wp\/v2\/types\/page"}],"author":[{"embeddable":true,"href":"https:\/\/bemore.ee\/en\/wp-json\/wp\/v2\/users\/1"}],"replies":[{"embeddable":true,"href":"https:\/\/bemore.ee\/en\/wp-json\/wp\/v2\/comments?post=114868"}],"version-history":[{"count":86,"href":"https:\/\/bemore.ee\/en\/wp-json\/wp\/v2\/pages\/114868\/revisions"}],"predecessor-version":[{"id":135951,"href":"https:\/\/bemore.ee\/en\/wp-json\/wp\/v2\/pages\/114868\/revisions\/135951"}],"wp:featuredmedia":[{"embeddable":true,"href":"https:\/\/bemore.ee\/en\/wp-json\/wp\/v2\/media\/144651"}],"wp:attachment":[{"href":"https:\/\/bemore.ee\/en\/wp-json\/wp\/v2\/media?parent=114868"}],"curies":[{"name":"wp","href":"https:\/\/api.w.org\/{rel}","templated":true}]}}